{"id":86034,"date":"2021-04-16T22:37:21","date_gmt":"2021-04-16T13:37:21","guid":{"rendered":"https:\/\/asia-prop.com\/?page_id=86034"},"modified":"2025-09-02T19:50:31","modified_gmt":"2025-09-02T10:50:31","slug":"recruit-information","status":"publish","type":"page","link":"https:\/\/asia-prop.com\/zh_hk\/recruit-information\/","title":{"rendered":"\u5c31\u696d\u4fe1\u606f"},"content":{"rendered":"<p>\u6211\u5011\u662f\u4e00\u5bb6\u5f9e\u4e8b\u623f\u5730\u7522\u7d93\u7d00\u548c\u7d93\u7d00\u696d\u52d9\u7684\u5546\u696d\u516c\u53f8\u3002<br \/>\u5728\u623f\u5730\u7522\u9818\u57df\uff0c\u6211\u5011\u8cfc\u8cb7\u3001\u51fa\u552e\u3001\u51fa\u79df\u548c\u7ba1\u7406\uff0c\u6db5\u84cb\u516c\u5bd3\u3001\u8fa6\u516c\u5ba4\u3001\u5de5\u5ee0\u548c\u5546\u696d\u5834\u6240\u3002<br \/>\u6211\u5011\u7684\u4e3b\u8981\u5ba2\u6236\u662f\u80e1\u5fd7\u660e\u5e02\u7684\u65e5\u672c\u4eba\u548c\u5916\u570b\u4eba\u3002<\/p>\r\n\r\n\r\n\r\n<p>\u6211\u5011\u76ee\u524d\u6b63\u5728\u5c0b\u627e\u623f\u5730\u7522\u92b7\u552e\u4eba\u54e1\u3002<br \/>\u6211\u5011\u512a\u5148\u8003\u616e\u71b1\u611b\u623f\u5730\u7522\u548c\u8d8a\u5357\u7684\u4eba\u3002<br \/>\u63a5\u4e0b\u4f86\uff0c\u6211\u5011\u5c07\u91cd\u8996\u90a3\u4e9b\u4e86\u89e3\u65e5\u672c\u548c\u5916\u570b\u6587\u5316\u548c\u601d\u7dad\u65b9\u5f0f\u4ee5\u53ca\u80fd\u5920\u6e9d\u901a\u7684\u4eba\u3002<\/p>\r\n\r\n\r\n\r\n<ul>\r\n<li>\u5de5\u4f5c\u5730\u9ede\uff1a\u80e1\u5fd7\u660e\u5e02\u5e73\u65b0\u5340<\/li>\r\n<li>\u671f\u671b\u85aa\u8cc7\uff1a1500-4000\u7f8e\u5143<\/li>\r\n<li>\u5de5\u4f5c\u6642\u9593\uff1a\u6bcf\u90312\u5929\u4f11\u606f\uff0c\u4e0a\u53489\u9ede\u81f3\u4e0b\u53486\u9ede<\/li>\r\n<\/ul>\r\n<p>\u6240\u9700\u6280\u80fd\uff08\u5982\u9069\u7528\uff0c\u8acb\u7533\u8acb\uff09<br \/>\u2460 \u65e5\u8a9e\u3001\u82f1\u8a9e\u3001\u8d8a\u5357\u8a9e\u7b49\u8a9e\u8a00\u80fd\u529b<br \/>\u2461 \u5927\u5b78\u7562\u696d\uff08\u542b\u61c9\u5c46\u7562\u696d\u751f\uff09<\/p>\r\n\r\n\r\n\r\n<p>\u85aa\u8cc7\u548c\u5de5\u4f5c\u689d\u4ef6\u5c07\u900f\u904e\u9762\u8a66\u78ba\u5b9a\u3002<\/p>\r\n\r\n\r\n\r\n<p>Ch\u00fangt\u00f4il\u00e0c\u00f4ngtyhuy\u00eanho\u011ft\u0111\u1ed9ngtr\u00ean3ph\u00e2nkh\u00fanh C\u0103nh\u012b\uff0cbi\u1ec7tth\u1ef1\uff0cnh\u00e0p\u1ed1n\uff0ckh\u00e1chs\u1ea1n\uff0cv\u0103np\u00f2ng\uff0c\u0111\u1ea5tn\u1ec1n\u1edfc\u00e1ctrungt\u00e2mtrongn\u0113ith\u00e0nhhcm\uff09\u3002Ch\u00fangt\u00f4iLu\u00f4nnn\u1ed7l\u1ef1ch\u1ebftm\u00ecnh\u0111\u1ec3nh\u0111\u1ec3h\u0111\u1ec3nh\u1ee9nh\u0111\u1ec3nhc\u1ee7am\u00ecnh\u3002<\/p>\r\n\r\n\r\n\r\n<p>Nh\u00e2n vi\u00ean Sales B\u1ea5t \u0111\u1ed9ng s\u1ea3n, t\u1ef1 ch\u1ee7 \u0111\u1ed9ng s\u1eafp x\u1ebfp l\u1ecbch l\u00e0m vi\u1ec7c t\u1ea1i c\u00f4ng ty (tu\u1ea7n l\u00e0m 4 bu\u1ed5i)<\/p>\r\n\r\n\r\n\r\n<p>M\u1ee9c l\u01b0\u01a1ng kho\u1ea3ng 500 \u81f3 2500 \u7f8e\u5143<\/p>\r\n\r\n\r\n\r\n<p>\u01b0uti\u00eannh\u1eefng\u1ee9ngvi\u00ean\u0111amm\u00eab\u0111s\uff0cgia\u00eanpt\u1ed1tv\u1edbikh\u00e1chh\u00e0ngng\u01b0\u1eddingo ni\uff0cc\u00f3n\u0259ih\u00ecnh\u00e0m\u0259tl\u1ee3ih\u1ebfn\uff0cti\u1ebfnghho\u0259nn\uff0cti\u1ebfnghho\u0259nnngl\u01b0ulo\u00e1t\uff08\u01b0uti\u00eannh\u1eefng\u1ee9nngvi\u00eans\u1eedd\u1ee5ngl\u01b0ulo\u00e1tnhi\u1ec1ungo\u1ea1ing\u00ec\uff09\uff0cn\u0103ng\u0111\u1ed9ng , linh ho\u1ea1t trong x\u1eed l\u00fd t\u00ecnh hu\u1ed1ng, kh\u00f4ng ng\u1ea1i di chu y\u1ec3n\u3002<\/p>\r\n\r\n\r\n\r\n<p>\u01afu ti\u00ean c\u00e1c \u1ee9ng vi\u00ean m\u1edbi t\u1ed1t ng hi\u1ec7p (Cao \u0110\u1eb3ng, \u0110\u1ea1i H\u1ecdc) trung th\u1ef1c, c\u00f3 nhi\u1ec7t hu y\u1ebft, \u0111am m\u00ea h\u1ecdc<\/p>\r\n\r\n\r\n\r\n<div class=\"wp-block-spacer\" style=\"height: 52px;\" aria-hidden=\"true\">\u00a0<\/div>\r\n\r\n\r\n\r\n<p><strong><span style=\"font-size: 18pt;\">\u9234\u6728\u623f\u5730\u7522\u8d8a\u5357\u6709\u9650\u516c\u53f8<\/span><\/strong><\/p>\r\n<p><strong>21 Nguyen Trung Ngan Street, District 1, Ho Chi Minh City, Vietnam<\/strong><br data-rich-text-line-break=\"true\" \/><strong>+84 (0) 914408621<\/strong><br data-rich-text-line-break=\"true\" \/><span style=\"color: #0000ff;\"><a style=\"color: #0000ff;\" href=\"mailto:info@asia-prop.com\"><strong>info@asia-prop.com<\/strong><\/a><\/span><\/p>\r\n\r\n\r\n\r\n<p>&nbsp;<\/p>","protected":false},"excerpt":{"rendered":"<p>\u6211\u516c\u53f8\u662f\u4e00\u5bb6\u63d0\u4f9b\u623f\u5730\u7522\u7d93\u7d00\u53ca\u7d93\u7d00\u670d\u52d9\u7684\u5546\u696d\u516c\u53f8\u3002\u5728\u623f\u5730\u7522\u9818\u57df\uff0c\u6211\u5011\u8cfc\u8cb7\u3001\u51fa\u552e\u3001\u51fa\u79df\u548c\u7ba1\u7406\u516c\u5bd3\u3001\u8fa6\u516c\u5ba4\u3001\u5de5\u5ee0\u548c\u5546\u696d\u5834\u6240\u3002\u6211\u5011\u7684\u4e3b\u8981\u5ba2\u6236\u662f\u5c45\u4f4f\u5728\u80e1\u5fd7\u660e\u5e02\u7684\u65e5\u672c\u4eba\u548c\u5916\u570b\u4eba\u3002\u76ee\u524d\uff0c\u6211\u5011\u6b63\u5728\u62db\u52df\u623f\u5730\u7522\u92b7\u552e\u4eba\u54e1...<\/p>","protected":false},"author":1,"featured_media":127534,"parent":0,"menu_order":0,"comment_status":"closed","ping_status":"closed","template":"","meta":{"_mi_skip_tracking":false,"_exactmetrics_sitenote_active":false,"_exactmetrics_sitenote_note":"","_exactmetrics_sitenote_category":0},"aioseo_notices":[],"_links":{"self":[{"href":"https:\/\/asia-prop.com\/zh_hk\/wp-json\/wp\/v2\/pages\/86034"}],"collection":[{"href":"https:\/\/asia-prop.com\/zh_hk\/wp-json\/wp\/v2\/pages"}],"about":[{"href":"https:\/\/asia-prop.com\/zh_hk\/wp-json\/wp\/v2\/types\/page"}],"author":[{"embeddable":true,"href":"https:\/\/asia-prop.com\/zh_hk\/wp-json\/wp\/v2\/users\/1"}],"replies":[{"embeddable":true,"href":"https:\/\/asia-prop.com\/zh_hk\/wp-json\/wp\/v2\/comments?post=86034"}],"version-history":[{"count":25,"href":"https:\/\/asia-prop.com\/zh_hk\/wp-json\/wp\/v2\/pages\/86034\/revisions"}],"predecessor-version":[{"id":133094,"href":"https:\/\/asia-prop.com\/zh_hk\/wp-json\/wp\/v2\/pages\/86034\/revisions\/133094"}],"wp:featuredmedia":[{"embeddable":true,"href":"https:\/\/asia-prop.com\/zh_hk\/wp-json\/wp\/v2\/media\/127534"}],"wp:attachment":[{"href":"https:\/\/asia-prop.com\/zh_hk\/wp-json\/wp\/v2\/media?parent=86034"}],"curies":[{"name":"wp","href":"https:\/\/api.w.org\/{rel}","templated":true}]}}