{"id":92727,"date":"2022-06-12T11:52:35","date_gmt":"2022-06-12T02:52:35","guid":{"rendered":"https:\/\/asia-prop.com\/?page_id=92727"},"modified":"2023-02-17T16:58:19","modified_gmt":"2023-02-17T07:58:19","slug":"company-info","status":"publish","type":"page","link":"https:\/\/asia-prop.com\/vi\/company-info\/","title":{"rendered":"\u8d8a\u5357\u9234\u6728\u623f\u5730\u7522\u7c21\u4ecb"},"content":{"rendered":"<div data-elementor-type=\"wp-page\" data-elementor-id=\"92727\" class=\"elementor elementor-92727\">\n\t\t\t\t\t\t<div class=\"elementor-inner\">\n\t\t\t\t<div class=\"elementor-section-wrap\">\n\t\t\t\t\t\t\t\t\t<section class=\"elementor-section elementor-top-section elementor-element elementor-element-0ff0e16 elementor-section-boxed elementor-section-height-default elementor-section-height-default\" data-id=\"0ff0e16\" data-element_type=\"section\">\n\t\t\t\t\t\t<div class=\"elementor-container elementor-column-gap-default\">\n\t\t\t\t\t\t\t<div class=\"elementor-row\">\n\t\t\t\t\t<div class=\"elementor-column elementor-col-100 elementor-top-column elementor-element elementor-element-3f32cff\" data-id=\"3f32cff\" data-element_type=\"column\">\n\t\t\t<div class=\"elementor-column-wrap elementor-element-populated\">\n\t\t\t\t\t\t\t<div class=\"elementor-widget-wrap\">\n\t\t\t\t\t\t<div class=\"elementor-element elementor-element-03aca66 elementor-widget elementor-widget-heading\" data-id=\"03aca66\" data-element_type=\"widget\" data-widget_type=\"heading.default\">\n\t\t\t\t<div class=\"elementor-widget-container\">\n\t\t\t<h2 class=\"elementor-heading-title elementor-size-default\">\u8d8a\u5357\u9234\u6728\u623f\u5730\u7522\u7c21\u4ecb<\/h2>\t\t<\/div>\n\t\t\t\t<\/div>\n\t\t\t\t\t\t<\/div>\n\t\t\t\t\t<\/div>\n\t\t<\/div>\n\t\t\t\t\t\t\t\t<\/div>\n\t\t\t\t\t<\/div>\n\t\t<\/section>\n\t\t\t\t<section class=\"elementor-section elementor-top-section elementor-element elementor-element-475b12a elementor-section-boxed elementor-section-height-default elementor-section-height-default\" data-id=\"475b12a\" data-element_type=\"section\">\n\t\t\t\t\t\t<div class=\"elementor-container elementor-column-gap-default\">\n\t\t\t\t\t\t\t<div class=\"elementor-row\">\n\t\t\t\t\t<div class=\"elementor-column elementor-col-100 elementor-top-column elementor-element elementor-element-5be0bbb8\" data-id=\"5be0bbb8\" data-element_type=\"column\">\n\t\t\t<div class=\"elementor-column-wrap elementor-element-populated\">\n\t\t\t\t\t\t\t<div class=\"elementor-widget-wrap\">\n\t\t\t\t\t\t<div class=\"elementor-element elementor-element-3d34ee0 elementor-widget elementor-widget-text-editor\" data-id=\"3d34ee0\" data-element_type=\"widget\" data-widget_type=\"text-editor.default\">\n\t\t\t\t<div class=\"elementor-widget-container\">\n\t\t\t\t\t\t\t\t<div class=\"elementor-text-editor elementor-clearfix\">\n\t\t\t\t<p><span style=\"color: #000000; font-size: 14pt;\">\u0110\u00e2y l\u00e0 m\u1ed9t c\u00f4ng ty b\u1ea5t \u0111\u1ed9ng s\u1ea3n.<\/span><\/p><p>\u00a0<\/p><p><span style=\"color: #000000; font-size: 14pt;\">T\u00f4i l\u00e0 m\u1ed9t ph\u1ea7n c\u1ee7a phi\u00ean d\u1ecbch ng\u00f4n ng\u1eef Trung Qu\u1ed1c.<\/span><br \/><span style=\"color: #000000; font-size: 14pt;\">M\u1eb7t kh\u00e1c, sau khi h\u1ec7 th\u1ed1ng h\u1ea1n ch\u1ebf \u0111i l\u1ea1i b\u1ecb h\u1ee7y b\u1ecf, t\u00f4i \u0111\u00e3 nh\u1eadn \u0111\u01b0\u1ee3c th\u00f4ng tin n\u00e0y.<\/span><\/p><p><span style=\"color: #000000; font-size: 14pt;\">T\u00f4i c\u00f3 m\u1ed9t c\u00e1i nh\u00ecn s\u00e2u s\u1eafc v\u1ec1 ng\u01b0\u1eddi Nh\u1eadt, b\u1ea5t \u0111\u1ed9ng s\u1ea3n, ng\u01b0\u1eddi Vi\u1ec7t Nam, ng\u01b0\u1eddi Vi\u1ec7t Nam v\u00e0 kinh t\u1ebf d\u00e0i h\u1ea1n.<\/span><br \/><span style=\"color: #000000; font-size: 14pt;\">T\u00f4i l\u00e0 Takashiya, t\u00f4i r\u1ea5t \u1ea5n t\u01b0\u1ee3ng.<\/span><\/p><p><span style=\"color: #000000; font-size: 14pt;\">\u0110\u00e2y l\u00e0 m\u1ed9t t\u00e0i li\u1ec7u cho vi\u1ec7c ch\u0103m s\u00f3c c\u1ee7a c\u00f4ng ty ch\u00fang t\u00f4i.<\/span><br \/><span style=\"color: #000000; font-size: 14pt;\">Y\u00eau c\u1ea7u t\u00e0i li\u1ec7u tham kh\u1ea3o.<\/span><\/p><p>\u00a0<\/p><p><span style=\"color: #000000; font-size: 14pt;\">Y\u00eau c\u1ea7u h\u1ec7 th\u1ed1ng ch\u1ed1ng \u0111i\u1ebfc t\u1ef1 nguy\u1ec7n.<\/span><\/p><p><span style=\"font-size: 14pt; color: #000000;\">Qu\u1ea3 b\u1ea7u<\/span><br \/><span style=\"color: #000000; font-size: 14pt;\">+84914408621<\/span><br \/><span style=\"color: #000000; font-size: 14pt;\">0914408621<\/span><\/p>\t\t\t\t\t<\/div>\n\t\t\t\t\t\t<\/div>\n\t\t\t\t<\/div>\n\t\t\t\t<div class=\"elementor-element elementor-element-a8188c2 elementor-widget elementor-widget-spacer\" data-id=\"a8188c2\" data-element_type=\"widget\" data-widget_type=\"spacer.default\">\n\t\t\t\t<div class=\"elementor-widget-container\">\n\t\t\t\t\t<div class=\"elementor-spacer\">\n\t\t\t<div class=\"elementor-spacer-inner\"><\/div>\n\t\t<\/div>\n\t\t\t\t<\/div>\n\t\t\t\t<\/div>\n\t\t\t\t\t\t<\/div>\n\t\t\t\t\t<\/div>\n\t\t<\/div>\n\t\t\t\t\t\t\t\t<\/div>\n\t\t\t\t\t<\/div>\n\t\t<\/section>\n\t\t\t\t<section class=\"elementor-section elementor-top-section elementor-element elementor-element-5258805 elementor-section-boxed elementor-section-height-default elementor-section-height-default\" data-id=\"5258805\" data-element_type=\"section\">\n\t\t\t\t\t\t<div class=\"elementor-container elementor-column-gap-default\">\n\t\t\t\t\t\t\t<div class=\"elementor-row\">\n\t\t\t\t\t<div class=\"elementor-column elementor-col-100 elementor-top-column elementor-element elementor-element-f47f1c9\" data-id=\"f47f1c9\" data-element_type=\"column\">\n\t\t\t<div class=\"elementor-column-wrap elementor-element-populated\">\n\t\t\t\t\t\t\t<div class=\"elementor-widget-wrap\">\n\t\t\t\t\t\t<div class=\"elementor-element elementor-element-fbb70cb elementor-widget elementor-widget-heading\" data-id=\"fbb70cb\" data-element_type=\"widget\" data-widget_type=\"heading.default\">\n\t\t\t\t<div class=\"elementor-widget-container\">\n\t\t\t<h2 class=\"elementor-heading-title elementor-size-default\">\u8d8a\u5357\u9234\u6728\u623f\u5730\u7522\u7c21\u4ecb\uff08\u7e41\u9ad4\u5b57\uff09<\/h2>\t\t<\/div>\n\t\t\t\t<\/div>\n\t\t\t\t\t\t<\/div>\n\t\t\t\t\t<\/div>\n\t\t<\/div>\n\t\t\t\t\t\t\t\t<\/div>\n\t\t\t\t\t<\/div>\n\t\t<\/section>\n\t\t\t\t<section class=\"elementor-section elementor-top-section elementor-element elementor-element-4f11af7c elementor-section-boxed elementor-section-height-default elementor-section-height-default\" data-id=\"4f11af7c\" data-element_type=\"section\">\n\t\t\t\t\t\t<div class=\"elementor-container elementor-column-gap-default\">\n\t\t\t\t\t\t\t<div class=\"elementor-row\">\n\t\t\t\t\t<div class=\"elementor-column elementor-col-100 elementor-top-column elementor-element elementor-element-59011b31\" data-id=\"59011b31\" data-element_type=\"column\">\n\t\t\t<div class=\"elementor-column-wrap elementor-element-populated\">\n\t\t\t\t\t\t\t<div class=\"elementor-widget-wrap\">\n\t\t\t\t\t\t<div class=\"elementor-element elementor-element-1c3de0d9 elementor-widget elementor-widget-html\" data-id=\"1c3de0d9\" data-element_type=\"widget\" data-widget_type=\"html.default\">\n\t\t\t\t<div class=\"elementor-widget-container\">\n\t\t\t<iframe src=\"https:\/\/drive.google.com\/file\/d\/1s8jXbnF7YRDKyqdeZoHOefLz4ssFByZE\/preview\" width=\"640\" height=\"480\"\" allow=\"autoplay\"><\/iframe>\t\t<\/div>\n\t\t\t\t<\/div>\n\t\t\t\t\t\t<\/div>\n\t\t\t\t\t<\/div>\n\t\t<\/div>\n\t\t\t\t\t\t\t\t<\/div>\n\t\t\t\t\t<\/div>\n\t\t<\/section>\n\t\t\t\t<section class=\"elementor-section elementor-top-section elementor-element elementor-element-e74fb06 elementor-section-boxed elementor-section-height-default elementor-section-height-default\" data-id=\"e74fb06\" data-element_type=\"section\">\n\t\t\t\t\t\t<div class=\"elementor-container elementor-column-gap-default\">\n\t\t\t\t\t\t\t<div class=\"elementor-row\">\n\t\t\t\t\t<div class=\"elementor-column elementor-col-100 elementor-top-column elementor-element elementor-element-ba81c19\" data-id=\"ba81c19\" data-element_type=\"column\">\n\t\t\t<div class=\"elementor-column-wrap elementor-element-populated\">\n\t\t\t\t\t\t\t<div class=\"elementor-widget-wrap\">\n\t\t\t\t\t\t<div class=\"elementor-element elementor-element-109d349 elementor-widget elementor-widget-spacer\" data-id=\"109d349\" data-element_type=\"widget\" data-widget_type=\"spacer.default\">\n\t\t\t\t<div class=\"elementor-widget-container\">\n\t\t\t\t\t<div class=\"elementor-spacer\">\n\t\t\t<div class=\"elementor-spacer-inner\"><\/div>\n\t\t<\/div>\n\t\t\t\t<\/div>\n\t\t\t\t<\/div>\n\t\t\t\t\t\t<\/div>\n\t\t\t\t\t<\/div>\n\t\t<\/div>\n\t\t\t\t\t\t\t\t<\/div>\n\t\t\t\t\t<\/div>\n\t\t<\/section>\n\t\t\t\t<section class=\"elementor-section elementor-top-section elementor-element elementor-element-ba0fcba elementor-section-boxed elementor-section-height-default elementor-section-height-default\" data-id=\"ba0fcba\" data-element_type=\"section\">\n\t\t\t\t\t\t<div class=\"elementor-container elementor-column-gap-default\">\n\t\t\t\t\t\t\t<div class=\"elementor-row\">\n\t\t\t\t\t<div class=\"elementor-column elementor-col-100 elementor-top-column elementor-element elementor-element-e131405\" data-id=\"e131405\" data-element_type=\"column\">\n\t\t\t<div class=\"elementor-column-wrap elementor-element-populated\">\n\t\t\t\t\t\t\t<div class=\"elementor-widget-wrap\">\n\t\t\t\t\t\t<div class=\"elementor-element elementor-element-788b144 elementor-widget elementor-widget-heading\" data-id=\"788b144\" data-element_type=\"widget\" data-widget_type=\"heading.default\">\n\t\t\t\t<div class=\"elementor-widget-container\">\n\t\t\t<h2 class=\"elementor-heading-title elementor-size-default\">\u8d8a\u5357\u94c3\u6728\u623f\u5730\u4ea7\u7b80\u4ecb\uff08\u7b80\u4f53\u5b57\uff09<\/h2>\t\t<\/div>\n\t\t\t\t<\/div>\n\t\t\t\t\t\t<\/div>\n\t\t\t\t\t<\/div>\n\t\t<\/div>\n\t\t\t\t\t\t\t\t<\/div>\n\t\t\t\t\t<\/div>\n\t\t<\/section>\n\t\t\t\t<section class=\"elementor-section elementor-top-section elementor-element elementor-element-1814c4c elementor-section-boxed elementor-section-height-default elementor-section-height-default\" data-id=\"1814c4c\" data-element_type=\"section\">\n\t\t\t\t\t\t<div class=\"elementor-container elementor-column-gap-default\">\n\t\t\t\t\t\t\t<div class=\"elementor-row\">\n\t\t\t\t\t<div class=\"elementor-column elementor-col-100 elementor-top-column elementor-element elementor-element-30e2e001\" data-id=\"30e2e001\" data-element_type=\"column\">\n\t\t\t<div class=\"elementor-column-wrap elementor-element-populated\">\n\t\t\t\t\t\t\t<div class=\"elementor-widget-wrap\">\n\t\t\t\t\t\t<div class=\"elementor-element elementor-element-68b2a97c elementor-widget elementor-widget-html\" data-id=\"68b2a97c\" data-element_type=\"widget\" data-widget_type=\"html.default\">\n\t\t\t\t<div class=\"elementor-widget-container\">\n\t\t\t<iframe loading=\"lazy\" src=\"https:\/\/drive.google.com\/file\/d\/1_FISNpHDxcoScbUNgKI6BxTkvA5ExC3i\/preview\" width=\"640\" height=\"480\" allow=\"autoplay\"><\/iframe>\t\t<\/div>\n\t\t\t\t<\/div>\n\t\t\t\t\t\t<\/div>\n\t\t\t\t\t<\/div>\n\t\t<\/div>\n\t\t\t\t\t\t\t\t<\/div>\n\t\t\t\t\t<\/div>\n\t\t<\/section>\n\t\t\t\t<section class=\"elementor-section elementor-top-section elementor-element elementor-element-6ee67c8b elementor-section-boxed elementor-section-height-default elementor-section-height-default\" data-id=\"6ee67c8b\" data-element_type=\"section\">\n\t\t\t\t\t\t<div class=\"elementor-container elementor-column-gap-default\">\n\t\t\t\t\t\t\t<div class=\"elementor-row\">\n\t\t\t\t\t<div class=\"elementor-column elementor-col-100 elementor-top-column elementor-element elementor-element-44054801\" data-id=\"44054801\" data-element_type=\"column\">\n\t\t\t<div class=\"elementor-column-wrap elementor-element-populated\">\n\t\t\t\t\t\t\t<div class=\"elementor-widget-wrap\">\n\t\t\t\t\t\t<div class=\"elementor-element elementor-element-ad459ef elementor-widget elementor-widget-spacer\" data-id=\"ad459ef\" data-element_type=\"widget\" data-widget_type=\"spacer.default\">\n\t\t\t\t<div class=\"elementor-widget-container\">\n\t\t\t\t\t<div class=\"elementor-spacer\">\n\t\t\t<div class=\"elementor-spacer-inner\"><\/div>\n\t\t<\/div>\n\t\t\t\t<\/div>\n\t\t\t\t<\/div>\n\t\t\t\t<div class=\"elementor-element elementor-element-43cb1fc9 elementor-widget elementor-widget-heading\" data-id=\"43cb1fc9\" data-element_type=\"widget\" data-widget_type=\"heading.default\">\n\t\t\t\t<div class=\"elementor-widget-container\">\n\t\t\t<h2 class=\"elementor-heading-title elementor-size-default\">Nh\u1ea5n v\u00e0o \u0111\u00e2y \u0111\u1ec3 \u0111\u01b0\u1ee3c t\u01b0 v\u1ea5n mi\u1ec5n ph\u00ed<\/h2>\t\t<\/div>\n\t\t\t\t<\/div>\n\t\t\t\t<div class=\"elementor-element elementor-element-b871bed elementor-widget elementor-widget-heading\" data-id=\"b871bed\" data-element_type=\"widget\" data-widget_type=\"heading.default\">\n\t\t\t\t<div class=\"elementor-widget-container\">\n\t\t\t<span class=\"elementor-heading-title elementor-size-default\">\"Ch\u1ec9 mu\u1ed1n trao \u0111\u1ed5i . hi\u1ec3u th\u00eam v\u1ec1 d\u1ecbch v\u1ee5\"<br>Ch\u00fang t\u00f4i r\u1ea5t hoan ngh\u00eanh.<\/span>\t\t<\/div>\n\t\t\t\t<\/div>\n\t\t\t\t<div class=\"elementor-element elementor-element-39978ba elementor-widget elementor-widget-spacer\" data-id=\"39978ba\" data-element_type=\"widget\" data-widget_type=\"spacer.default\">\n\t\t\t\t<div class=\"elementor-widget-container\">\n\t\t\t\t\t<div class=\"elementor-spacer\">\n\t\t\t<div class=\"elementor-spacer-inner\"><\/div>\n\t\t<\/div>\n\t\t\t\t<\/div>\n\t\t\t\t<\/div>\n\t\t\t\t\t\t<\/div>\n\t\t\t\t\t<\/div>\n\t\t<\/div>\n\t\t\t\t\t\t\t\t<\/div>\n\t\t\t\t\t<\/div>\n\t\t<\/section>\n\t\t\t\t<section class=\"elementor-section elementor-top-section elementor-element elementor-element-2803870f elementor-section-boxed elementor-section-height-default elementor-section-height-default\" data-id=\"2803870f\" data-element_type=\"section\">\n\t\t\t\t\t\t<div class=\"elementor-container elementor-column-gap-default\">\n\t\t\t\t\t\t\t<div class=\"elementor-row\">\n\t\t\t\t\t<div class=\"elementor-column elementor-col-100 elementor-top-column elementor-element elementor-element-130bf54a\" data-id=\"130bf54a\" data-element_type=\"column\">\n\t\t\t<div class=\"elementor-column-wrap elementor-element-populated\">\n\t\t\t\t\t\t\t<div class=\"elementor-widget-wrap\">\n\t\t\t\t\t\t<div class=\"elementor-element elementor-element-1ea06045 eael-contact-form-7-button-align-left eael-contact-form-7-button-custom elementor-widget elementor-widget-eael-contact-form-7\" data-id=\"1ea06045\" data-element_type=\"widget\" data-widget_type=\"eael-contact-form-7.default\">\n\t\t\t\t<div class=\"elementor-widget-container\">\n\t\t\t<div class=\"eael-contact-form-7-wrapper\">\n                <div class=\"eael-contact-form eael-contact-form-7 eael-contact-form-1ea06045 placeholder-show eael-contact-form-align-center\"><div role=\"form\" class=\"wpcf7\" id=\"wpcf7-f7483-o1\" lang=\"ja\" dir=\"ltr\">\n<div class=\"screen-reader-response\" role=\"alert\" aria-live=\"polite\"><\/div>\n<form action=\"\/vi\/wp-json\/wp\/v2\/pages\/92727#wpcf7-f7483-o1\" method=\"post\" class=\"wpcf7-form init\" novalidate=\"novalidate\" data-trp-original-action=\"\/vi\/wp-json\/wp\/v2\/pages\/92727#wpcf7-f7483-o1\">\n<div style=\"display: none;\">\n<input type=\"hidden\" name=\"_wpcf7\" value=\"7483\" \/>\n<input type=\"hidden\" name=\"_wpcf7_version\" value=\"5.2\" \/>\n<input type=\"hidden\" name=\"_wpcf7_locale\" value=\"ja\" \/>\n<input type=\"hidden\" name=\"_wpcf7_unit_tag\" value=\"wpcf7-f7483-o1\" \/>\n<input type=\"hidden\" name=\"_wpcf7_container_post\" value=\"0\" \/>\n<input type=\"hidden\" name=\"_wpcf7_posted_data_hash\" value=\"\" \/>\n<\/div>\n<p><label> T\u00ean<br \/>\n    <span class=\"wpcf7-form-control-wrap your-name\"><input type=\"text\" name=\"your-name\" value=\"\" size=\"40\" class=\"wpcf7-form-control wpcf7-text wpcf7-validates-as-required\" aria-required=\"true\" aria-invalid=\"false\" \/><\/span> <\/label><\/p>\n<p><label> \u0110\u1ecba ch\u1ec9 Email: (B\u1eaft bu\u1ed9c)<br \/>\n    <span class=\"wpcf7-form-control-wrap your-email\"><input type=\"email\" name=\"your-email\" value=\"\" size=\"40\" class=\"wpcf7-form-control wpcf7-text wpcf7-email wpcf7-validates-as-required wpcf7-validates-as-email\" aria-required=\"true\" aria-invalid=\"false\" \/><\/span> <\/label><\/p>\n<p><label> S\u1ed1 \u0111i\u1ec7n tho\u1ea1i (b\u1eaft bu\u1ed9c)<br \/>\n<span class=\"wpcf7-form-control-wrap tel-124\"><input type=\"tel\" name=\"tel-124\" value=\"\" size=\"40\" class=\"wpcf7-form-control wpcf7-text wpcf7-tel wpcf7-validates-as-required wpcf7-validates-as-tel tel-124\" id=\"tel-124\" aria-required=\"true\" aria-invalid=\"false\" \/><\/span><\/label><\/p>\n<p><label class=\"propertyname\"> T\u00ean t\u00f2a nh\u00e0<br \/>\n<span class=\"wpcf7-form-control-wrap productName\"><input type=\"text\" name=\"productName\" value=\"\" size=\"40\" class=\"wpcf7-form-control wpcf7-text\" aria-invalid=\"false\" \/><\/span> <\/label><\/p>\n<p><label> L\u1eddi y\u00eau c\u1ea7u<br \/>\n    <span class=\"wpcf7-form-control-wrap your-message\"><textarea name=\"your-message\" cols=\"40\" rows=\"10\" class=\"wpcf7-form-control wpcf7-textarea\" aria-invalid=\"false\"><\/textarea><\/span> <\/label><\/p>\n<p><span class=\"wpcf7-form-control-wrap acceptance-370\"><span class=\"wpcf7-form-control wpcf7-acceptance\"><span class=\"wpcf7-list-item\"><label><input type=\"checkbox\" name=\"acceptance-370\" value=\"1\" aria-invalid=\"false\" \/><span class=\"wpcf7-list-item-label\"><a href=\"https:\/\/asia-prop.com\/vi\/consent-to-privacy-policy\/\" target=\"_blank\" style=\"color:blue\">Ch\u00ednh s\u00e1ch b\u1ea3o m\u1eadt<\/a>\u0110\u1ed3ng \u00fd v\u1edbi.<\/span><\/label><\/span><\/span><\/span><\/p>\n<p><input type=\"submit\" value=\"G\u1eedi\" class=\"wpcf7-form-control wpcf7-submit\" \/><\/p>\n<p class=\"recaptcha_policy\">Trang web n\u00e0y \u0111\u01b0\u1ee3c b\u1ea3o v\u1ec7 b\u1edfi reCAPTCHA v\u00e0 Google<a href=\"https:\/\/policies.google.com\/privacy\" target=\"_blank\">Ch\u00ednh s\u00e1ch b\u1ea3o m\u1eadt<\/a> v\u00e0 <a href=\"https:\/\/policies.google.com\/terms\" target=\"_blank\">\u0110i\u1ec1u kho\u1ea3n d\u1ecbch v\u1ee5<\/a> \u1ee9ng d\u1ee5ng.<\/p>\n<div class=\"inv-recaptcha-holder\"><\/div><div class=\"wpcf7-response-output\" role=\"alert\" aria-hidden=\"true\"><\/div><input type=\"hidden\" name=\"trp-form-language\" value=\"vi\"\/><\/form><\/div><\/div>\n            <\/div>\t\t<\/div>\n\t\t\t\t<\/div>\n\t\t\t\t\t\t<\/div>\n\t\t\t\t\t<\/div>\n\t\t<\/div>\n\t\t\t\t\t\t\t\t<\/div>\n\t\t\t\t\t<\/div>\n\t\t<\/section>\n\t\t\t\t\t\t\t\t\t<\/div>\n\t\t\t<\/div>\n\t\t\t\t\t<\/div>","protected":false},"excerpt":{"rendered":"<p>\u0110\u00e2y l\u00e0 d\u1ecbch v\u1ee5 c\u1ee7a Etsunan Suzuki Bouchi Industry Co., Ltd. T\u00f4i ch\u1eafc ch\u1eafn r\u1eb1ng m\u1ed9t ph\u1ea7n b\u1ea3n d\u1ecbch ti\u1ebfng Trung \u1edf tr\u00ean l\u00e0 kh\u00f4ng ch\u00ednh x\u00e1c. M\u1eb7t kh\u00e1c, sau khi l\u1ec7nh h\u1ea1n ch\u1ebf \u0111i l\u1ea1i \u0111\u01b0\u1ee3c d\u1ee1 b\u1ecf, ch\u00fang t\u00f4i \u0111\u00e3 nh\u1eadn \u0111\u01b0\u1ee3c m\u1ed9t s\u1ed1 c\u00e2u h\u1ecfi c\u1ee7a ng\u01b0\u1eddi d\u00e2n Trung Qu\u1ed1c. M\u00ecnh th\u1ea5y m\u1ed7i ng\u01b0\u1eddi \u0111\u1ec1u l\u00e0 ng\u01b0\u1eddi Nh\u1eadt \u0111\u1ebfn t\u1eeb kh\u1eafp n\u01a1i tr\u00ean th\u1ebf gi\u1edbi, gia \u0111\u00ecnh kh\u00e1 gi\u1ea3, lu\u00f4n s\u1ed1ng \u1edf Vi\u1ec7t Nam v\u00e0 h\u1ecdc t\u1eadp l\u00e2u n\u0103m...<\/p>","protected":false},"author":1,"featured_media":82881,"parent":0,"menu_order":0,"comment_status":"closed","ping_status":"closed","template":"elementor_header_footer","meta":{"_mi_skip_tracking":false,"_exactmetrics_sitenote_active":false,"_exactmetrics_sitenote_note":"","_exactmetrics_sitenote_category":0},"aioseo_notices":[],"_links":{"self":[{"href":"https:\/\/asia-prop.com\/vi\/wp-json\/wp\/v2\/pages\/92727"}],"collection":[{"href":"https:\/\/asia-prop.com\/vi\/wp-json\/wp\/v2\/pages"}],"about":[{"href":"https:\/\/asia-prop.com\/vi\/wp-json\/wp\/v2\/types\/page"}],"author":[{"embeddable":true,"href":"https:\/\/asia-prop.com\/vi\/wp-json\/wp\/v2\/users\/1"}],"replies":[{"embeddable":true,"href":"https:\/\/asia-prop.com\/vi\/wp-json\/wp\/v2\/comments?post=92727"}],"version-history":[{"count":23,"href":"https:\/\/asia-prop.com\/vi\/wp-json\/wp\/v2\/pages\/92727\/revisions"}],"predecessor-version":[{"id":92774,"href":"https:\/\/asia-prop.com\/vi\/wp-json\/wp\/v2\/pages\/92727\/revisions\/92774"}],"wp:featuredmedia":[{"embeddable":true,"href":"https:\/\/asia-prop.com\/vi\/wp-json\/wp\/v2\/media\/82881"}],"wp:attachment":[{"href":"https:\/\/asia-prop.com\/vi\/wp-json\/wp\/v2\/media?parent=92727"}],"curies":[{"name":"wp","href":"https:\/\/api.w.org\/{rel}","templated":true}]}}