{"id":8787,"date":"2019-08-18T16:35:30","date_gmt":"2019-08-18T07:35:30","guid":{"rendered":"https:\/\/asia-prop.com\/?page_id=8787"},"modified":"2025-11-25T21:46:26","modified_gmt":"2025-11-25T12:46:26","slug":"favorite","status":"publish","type":"page","link":"https:\/\/asia-prop.com\/vi\/yeu-thich\/","title":{"rendered":"Y\u00eau th\u00edch"},"content":{"rendered":"<div data-elementor-type=\"wp-page\" data-elementor-id=\"8787\" class=\"elementor elementor-8787\">\n\t\t\t\t\t\t<div class=\"elementor-inner\">\n\t\t\t\t<div class=\"elementor-section-wrap\">\n\t\t\t\t\t\t\t\t\t<section class=\"elementor-section elementor-top-section elementor-element elementor-element-1738f271 elementor-section-boxed elementor-section-height-default elementor-section-height-default\" data-id=\"1738f271\" data-element_type=\"section\">\n\t\t\t\t\t\t<div class=\"elementor-container elementor-column-gap-default\">\n\t\t\t\t\t\t\t<div class=\"elementor-row\">\n\t\t\t\t\t<div class=\"elementor-column elementor-col-100 elementor-top-column elementor-element elementor-element-5e52dff6\" data-id=\"5e52dff6\" data-element_type=\"column\">\n\t\t\t<div class=\"elementor-column-wrap elementor-element-populated\">\n\t\t\t\t\t\t\t<div class=\"elementor-widget-wrap\">\n\t\t\t\t\t\t<div class=\"elementor-element elementor-element-5e37f417 elementor-widget elementor-widget-text-editor\" data-id=\"5e37f417\" data-element_type=\"widget\" data-widget_type=\"text-editor.default\">\n\t\t\t\t<div class=\"elementor-widget-container\">\n\t\t\t\t\t\t\t\t<div class=\"elementor-text-editor elementor-clearfix\">\n\t\t\t\t<!-- wp:tadv\/classic-paragraph -->\n<p>B\u1ea1n c\u00f3 th\u1ec3 \u0111\u0103ng k\u00fd t\u00e0i s\u1ea3n y\u00eau th\u00edch c\u1ee7a b\u1ea1n.<\/p>\n<p>Khi b\u1ea1n nh\u1ea5n d\u1ea5u tr\u00e1i tim,c\u0103n h\u1ed9 s\u1ebd \u0111\u01b0\u1ee3c \u0111\u0103ng k\u00fd.<strong><span style=\"color: #ff0000;\">m\u00e0u \u0111\u1ecf<\/span><\/strong>hi\u1ec3n th\u1ecb<\/p>\n<p>N\u1ebfu b\u1ea1n kh\u00f4ng th\u1ec3 x\u00f3a ho\u1eb7c c\u1eadp nh\u1eadt danh s\u00e1ch y\u00eau th\u00edch c\u1ee7a m\u00ecnh m\u1ed9t c\u00e1ch ch\u00ednh x\u00e1c,<span style=\"text-decoration: underline;\">Vui l\u00f2ng \u0111\u1ee3i m\u1ed9t ho\u1eb7c hai ph\u00fat v\u00e0 th\u1eed l\u00e0m m\u1edbi trang.<\/span><\/p>\n<!-- \/wp:tadv\/classic-paragraph --><!-- wp:columns -->\n<div class=\"wp-block-columns\"><!-- wp:column -->\n<div class=\"wp-block-column\"><!-- wp:image {\"align\":\"center\",\"id\":88868,\"sizeSlug\":\"large\"} -->\n<figure class=\"wp-block-image aligncenter size-large\"><img decoding=\"async\" loading=\"lazy\" width=\"1117\" height=\"217\" class=\"wp-image-88868\" src=\"http:\/\/asia-prop.com\/wp-content\/uploads\/2022\/01\/favorite.png\" alt=\"y\u00eau th\u00edch\" srcset=\"https:\/\/asia-prop.com\/wp-content\/uploads\/2022\/01\/favorite.png 1117w, https:\/\/asia-prop.com\/wp-content\/uploads\/2022\/01\/favorite-768x149.png 768w, https:\/\/asia-prop.com\/wp-content\/uploads\/2022\/01\/favorite-16x3.png 16w, https:\/\/asia-prop.com\/wp-content\/uploads\/2022\/01\/favorite-150x29.png 150w\" sizes=\"(max-width: 1117px) 100vw, 1117px\" \/>\n<figcaption class=\"wp-element-caption\">[danh s\u00e1ch c\u0103n h\u1ed9<\/figcaption>\n<\/figure>\n<!-- \/wp:image --><\/div>\n<!-- \/wp:column --><!-- wp:column -->\n<div class=\"wp-block-column\"><!-- wp:image {\"align\":\"center\",\"id\":88872,\"sizeSlug\":\"large\"} -->\n<figure class=\"wp-block-image aligncenter size-large\"><img decoding=\"async\" loading=\"lazy\" width=\"1170\" height=\"310\" class=\"wp-image-88872\" src=\"http:\/\/asia-prop.com\/wp-content\/uploads\/2022\/01\/favorite3.png\" alt=\"y\u00eau th\u00edch3\" srcset=\"https:\/\/asia-prop.com\/wp-content\/uploads\/2022\/01\/favorite3.png 1170w, https:\/\/asia-prop.com\/wp-content\/uploads\/2022\/01\/favorite3-768x203.png 768w, https:\/\/asia-prop.com\/wp-content\/uploads\/2022\/01\/favorite3-16x4.png 16w, https:\/\/asia-prop.com\/wp-content\/uploads\/2022\/01\/favorite3-150x40.png 150w\" sizes=\"(max-width: 1170px) 100vw, 1170px\" \/>\n<figcaption class=\"wp-element-caption\">[Trang chi ti\u1ebft c\u0103n h\u1ed9]<\/figcaption>\n<\/figure>\n<!-- \/wp:image --><\/div>\n<!-- \/wp:column --><\/div>\n<!-- \/wp:columns --><!-- wp:paragraph -->\n<p>\u00a0<\/p>\n<!-- \/wp:paragraph -->\t\t\t\t\t<\/div>\n\t\t\t\t\t\t<\/div>\n\t\t\t\t<\/div>\n\t\t\t\t\t\t<\/div>\n\t\t\t\t\t<\/div>\n\t\t<\/div>\n\t\t\t\t\t\t\t\t<\/div>\n\t\t\t\t\t<\/div>\n\t\t<\/section>\n\t\t\t\t<section class=\"elementor-section elementor-top-section elementor-element elementor-element-081cc3d elementor-section-boxed elementor-section-height-default elementor-section-height-default\" data-id=\"081cc3d\" data-element_type=\"section\">\n\t\t\t\t\t\t<div class=\"elementor-container elementor-column-gap-default\">\n\t\t\t\t\t\t\t<div class=\"elementor-row\">\n\t\t\t\t\t<div class=\"elementor-column elementor-col-100 elementor-top-column elementor-element elementor-element-eb3639e\" data-id=\"eb3639e\" data-element_type=\"column\">\n\t\t\t<div class=\"elementor-column-wrap elementor-element-populated\">\n\t\t\t\t\t\t\t<div class=\"elementor-widget-wrap\">\n\t\t\t\t\t\t<div class=\"elementor-element elementor-element-4e18cf0 elementor-widget elementor-widget-text-editor\" data-id=\"4e18cf0\" data-element_type=\"widget\" data-widget_type=\"text-editor.default\">\n\t\t\t\t<div class=\"elementor-widget-container\">\n\t\t\t\t\t\t\t\t<div class=\"elementor-text-editor elementor-clearfix\">\n\t\t\t\t<p>N\u1ebfu b\u1ea1n v\u1eabn g\u1eb7p l\u1ed7i tr\u00ean &quot;Bi\u1ec3u m\u1eabu y\u00eau c\u1ea7u th\u00f4ng tin v\u1ec1 B\u1ea5t \u0111\u1ed9ng s\u1ea3n y\u00eau th\u00edch&quot;, ch\u00fang t\u00f4i xin l\u1ed7i v\u00ec s\u1ef1 b\u1ea5t ti\u1ec7n n\u00e0y.<a href=\"https:\/\/asia-prop.com\/vi\/contact\/\" target=\"_blank\" rel=\"noopener\"><span style=\"color: #0000ff;\"><strong>M\u1eabu li\u00ean h\u00ea\u0323<\/strong><\/span><\/a>Vui l\u00f2ng li\u00ean h\u1ec7 v\u1edbi ch\u00fang t\u00f4i t\u1ea1i \u0111\u00e2y.<\/p>\t\t\t\t\t<\/div>\n\t\t\t\t\t\t<\/div>\n\t\t\t\t<\/div>\n\t\t\t\t<div class=\"elementor-element elementor-element-40e91f0 eael-contact-form-7-button-align-left eael-contact-form-7-button-custom elementor-widget elementor-widget-eael-contact-form-7\" data-id=\"40e91f0\" data-element_type=\"widget\" data-widget_type=\"eael-contact-form-7.default\">\n\t\t\t\t<div class=\"elementor-widget-container\">\n\t\t\t<div class=\"eael-contact-form-7-wrapper\">\n                <div class=\"eael-contact-form eael-contact-form-7 eael-contact-form-40e91f0 placeholder-show eael-contact-form-align-default\"><div role=\"form\" class=\"wpcf7\" id=\"wpcf7-f132106-o1\" lang=\"ja\" dir=\"ltr\">\n<div class=\"screen-reader-response\" role=\"alert\" aria-live=\"polite\"><\/div>\n<form action=\"\/vi\/wp-json\/wp\/v2\/pages\/8787#wpcf7-f132106-o1\" method=\"post\" class=\"wpcf7-form init\" novalidate=\"novalidate\" data-trp-original-action=\"\/vi\/wp-json\/wp\/v2\/pages\/8787#wpcf7-f132106-o1\">\n<div style=\"display: none;\">\n<input type=\"hidden\" name=\"_wpcf7\" value=\"132106\" \/>\n<input type=\"hidden\" name=\"_wpcf7_version\" value=\"5.2\" \/>\n<input type=\"hidden\" name=\"_wpcf7_locale\" value=\"ja\" \/>\n<input type=\"hidden\" name=\"_wpcf7_unit_tag\" value=\"wpcf7-f132106-o1\" \/>\n<input type=\"hidden\" name=\"_wpcf7_container_post\" value=\"0\" \/>\n<input type=\"hidden\" name=\"_wpcf7_posted_data_hash\" value=\"\" \/>\n<\/div>\n<p><label> H\u1ecfi \u0111\u00e1p v\u1ec1 c\u00e1c c\u0103n ph\u00f2ng \u1edf m\u1ee5c y\u00eau th\u00edch<\/label><br \/>\n<p>Kh\u00f4ng c\u00f3 thu\u1ed9c t\u00ednh y\u00eau th\u00edch.<\/p><\/p>\n<p><label> T\u00ean<br \/>\n    <span class=\"wpcf7-form-control-wrap your-name\"><input type=\"text\" name=\"your-name\" value=\"\" size=\"40\" class=\"wpcf7-form-control wpcf7-text wpcf7-validates-as-required\" aria-required=\"true\" aria-invalid=\"false\" \/><\/span> <\/label><\/p>\n<p><label> \u0110\u1ecba ch\u1ec9 Email: (B\u1eaft bu\u1ed9c)<br \/>\n    <span class=\"wpcf7-form-control-wrap your-email\"><input type=\"email\" name=\"your-email\" value=\"\" size=\"40\" class=\"wpcf7-form-control wpcf7-text wpcf7-email wpcf7-validates-as-required wpcf7-validates-as-email\" aria-required=\"true\" aria-invalid=\"false\" \/><\/span> <\/label><\/p>\n<p><label> S\u1ed1 \u0111i\u1ec7n tho\u1ea1i (b\u1eaft bu\u1ed9c)<br \/>\n<span class=\"wpcf7-form-control-wrap tel-124\"><input type=\"tel\" name=\"tel-124\" value=\"\" size=\"40\" class=\"wpcf7-form-control wpcf7-text wpcf7-tel wpcf7-validates-as-required wpcf7-validates-as-tel tel-124\" id=\"tel-124\" aria-required=\"true\" aria-invalid=\"false\" \/><\/span><\/label><\/p>\n<p><label> L\u1eddi y\u00eau c\u1ea7u<br \/>\n    <span class=\"wpcf7-form-control-wrap your-message\"><textarea name=\"your-message\" cols=\"40\" rows=\"10\" class=\"wpcf7-form-control wpcf7-textarea\" aria-invalid=\"false\"><\/textarea><\/span> <\/label><\/p>\n<p><span class=\"wpcf7-form-control-wrap acceptance-370\"><span class=\"wpcf7-form-control wpcf7-acceptance\"><span class=\"wpcf7-list-item\"><label><input type=\"checkbox\" name=\"acceptance-370\" value=\"1\" aria-invalid=\"false\" \/><span class=\"wpcf7-list-item-label\"><a href=\"https:\/\/asia-prop.com\/vi\/consent-to-privacy-policy\/\" target=\"_blank\" style=\"color:blue\">Ch\u00ednh s\u00e1ch b\u1ea3o m\u1eadt<\/a>\u0110\u1ed3ng \u00fd v\u1edbi.<\/span><\/label><\/span><\/span><\/span><\/p>\n<p><input type=\"submit\" value=\"G\u1eedi\" class=\"wpcf7-form-control wpcf7-submit\" \/><\/p>\n<p class=\"recaptcha_policy\">Trang web n\u00e0y \u0111\u01b0\u1ee3c b\u1ea3o v\u1ec7 b\u1edfi reCAPTCHA v\u00e0 Google<a href=\"https:\/\/policies.google.com\/privacy\" target=\"_blank\">Ch\u00ednh s\u00e1ch b\u1ea3o m\u1eadt<\/a> v\u00e0 <a href=\"https:\/\/policies.google.com\/terms\" target=\"_blank\">\u0110i\u1ec1u kho\u1ea3n d\u1ecbch v\u1ee5<\/a> \u1ee9ng d\u1ee5ng.<\/p>\n<div class=\"inv-recaptcha-holder\"><\/div><div class=\"wpcf7-response-output\" role=\"alert\" aria-hidden=\"true\"><\/div><input type=\"hidden\" name=\"trp-form-language\" value=\"vi\"\/><\/form><\/div><\/div>\n            <\/div>\t\t<\/div>\n\t\t\t\t<\/div>\n\t\t\t\t\t\t<\/div>\n\t\t\t\t\t<\/div>\n\t\t<\/div>\n\t\t\t\t\t\t\t\t<\/div>\n\t\t\t\t\t<\/div>\n\t\t<\/section>\n\t\t\t\t<section class=\"elementor-section elementor-top-section elementor-element elementor-element-63b8c87 elementor-section-boxed elementor-section-height-default elementor-section-height-default\" data-id=\"63b8c87\" data-element_type=\"section\">\n\t\t\t\t\t\t<div class=\"elementor-container elementor-column-gap-default\">\n\t\t\t\t\t\t\t<div class=\"elementor-row\">\n\t\t\t\t\t<div class=\"elementor-column elementor-col-100 elementor-top-column elementor-element elementor-element-e77368e\" data-id=\"e77368e\" data-element_type=\"column\">\n\t\t\t<div class=\"elementor-column-wrap elementor-element-populated\">\n\t\t\t\t\t\t\t<div class=\"elementor-widget-wrap\">\n\t\t\t\t\t\t<div class=\"elementor-element elementor-element-4b6187e elementor-widget elementor-widget-spacer\" data-id=\"4b6187e\" data-element_type=\"widget\" data-widget_type=\"spacer.default\">\n\t\t\t\t<div class=\"elementor-widget-container\">\n\t\t\t\t\t<div class=\"elementor-spacer\">\n\t\t\t<div class=\"elementor-spacer-inner\"><\/div>\n\t\t<\/div>\n\t\t\t\t<\/div>\n\t\t\t\t<\/div>\n\t\t\t\t\t\t<\/div>\n\t\t\t\t\t<\/div>\n\t\t<\/div>\n\t\t\t\t\t\t\t\t<\/div>\n\t\t\t\t\t<\/div>\n\t\t<\/section>\n\t\t\t\t\t\t\t\t\t<\/div>\n\t\t\t<\/div>\n\t\t\t\t\t<\/div>","protected":false},"excerpt":{"rendered":"<p>\u00a0 N\u1ebfu b\u1ea1n ti\u1ebfp t\u1ee5c nh\u1eadn \u0111\u01b0\u1ee3c l\u1ed7i tr\u00ean &quot;Bi\u1ec3u m\u1eabu Y\u00eau c\u1ea7u Th\u00f4ng tin B\u1ea5t \u0111\u1ed9ng s\u1ea3n Y\u00eau th\u00edch&quot;, vui l\u00f2ng li\u00ean h\u1ec7 v\u1edbi ch\u00fang t\u00f4i qua bi\u1ec3u m\u1eabu y\u00eau c\u1ea7u. Y\u00eau c\u1ea7u th\u00f4ng tin v\u1ec1 c\u00e1c b\u1ea5t \u0111\u1ed9ng s\u1ea3n y\u00eau th\u00edch. Cho thu\u00ea c\u0103n h\u1ed9 City Garden | [Penthouse M\u1edbi] C\u0103n h\u1ed9 3 ph\u00f2ng ng\u1ee7...<\/p>","protected":false},"author":1,"featured_media":9429,"parent":0,"menu_order":0,"comment_status":"closed","ping_status":"closed","template":"templates\/favorites.php","meta":{"_mi_skip_tracking":false,"_exactmetrics_sitenote_active":false,"_exactmetrics_sitenote_note":"","_exactmetrics_sitenote_category":0},"aioseo_notices":[],"_links":{"self":[{"href":"https:\/\/asia-prop.com\/vi\/wp-json\/wp\/v2\/pages\/8787"}],"collection":[{"href":"https:\/\/asia-prop.com\/vi\/wp-json\/wp\/v2\/pages"}],"about":[{"href":"https:\/\/asia-prop.com\/vi\/wp-json\/wp\/v2\/types\/page"}],"author":[{"embeddable":true,"href":"https:\/\/asia-prop.com\/vi\/wp-json\/wp\/v2\/users\/1"}],"replies":[{"embeddable":true,"href":"https:\/\/asia-prop.com\/vi\/wp-json\/wp\/v2\/comments?post=8787"}],"version-history":[{"count":111,"href":"https:\/\/asia-prop.com\/vi\/wp-json\/wp\/v2\/pages\/8787\/revisions"}],"predecessor-version":[{"id":133430,"href":"https:\/\/asia-prop.com\/vi\/wp-json\/wp\/v2\/pages\/8787\/revisions\/133430"}],"wp:featuredmedia":[{"embeddable":true,"href":"https:\/\/asia-prop.com\/vi\/wp-json\/wp\/v2\/media\/9429"}],"wp:attachment":[{"href":"https:\/\/asia-prop.com\/vi\/wp-json\/wp\/v2\/media?parent=8787"}],"curies":[{"name":"wp","href":"https:\/\/api.w.org\/{rel}","templated":true}]}}