{"id":86034,"date":"2021-04-16T22:37:21","date_gmt":"2021-04-16T13:37:21","guid":{"rendered":"https:\/\/asia-prop.com\/?page_id=86034"},"modified":"2025-09-02T19:50:31","modified_gmt":"2025-09-02T10:50:31","slug":"recruit-information","status":"publish","type":"page","link":"https:\/\/asia-prop.com\/vi\/recruit-information\/","title":{"rendered":"Th\u00f4ng tin tuy\u1ec3n d\u1ee5ng"},"content":{"rendered":"<p>Ch\u00fang t\u00f4i l\u00e0 m\u1ed9t c\u00f4ng ty kinh doanh cung c\u1ea5p d\u1ecbch v\u1ee5 m\u00f4i gi\u1edbi v\u00e0 kinh doanh b\u1ea5t \u0111\u1ed9ng s\u1ea3n.<br \/>Trong l\u0129nh v\u1ef1c b\u1ea5t \u0111\u1ed9ng s\u1ea3n, ch\u00fang t\u00f4i mua, b\u00e1n, cho thu\u00ea v\u00e0 qu\u1ea3n l\u00fd, bao g\u1ed3m c\u00e1c chung c\u01b0, v\u0103n ph\u00f2ng, nh\u00e0 m\u00e1y v\u00e0 \u0111\u1ecba \u0111i\u1ec3m kinh doanh.<br \/>Kh\u00e1ch h\u00e0ng ch\u00ednh c\u1ee7a ch\u00fang t\u00f4i l\u00e0 ng\u01b0\u1eddi Nh\u1eadt v\u00e0 ng\u01b0\u1eddi n\u01b0\u1edbc ngo\u00e0i t\u1ea1i TP.<\/p>\r\n\r\n\r\n\r\n<p>Hi\u1ec7n ch\u00fang t\u00f4i \u0111ang c\u1ea7n tuy\u1ec3n nh\u00e2n vi\u00ean kinh doanh b\u1ea5t \u0111\u1ed9ng s\u1ea3n.<br \/>Ch\u00fang t\u00f4i \u01b0u ti\u00ean nh\u1eefng ng\u01b0\u1eddi y\u00eau th\u00edch b\u1ea5t \u0111\u1ed9ng s\u1ea3n v\u00e0 Vi\u1ec7t Nam.<br \/>Ti\u1ebfp theo, ch\u00fang t\u00f4i s\u1ebd t\u1eadp trung v\u00e0o nh\u1eefng ng\u01b0\u1eddi hi\u1ec3u v\u0103n h\u00f3a v\u00e0 c\u00e1ch suy ngh\u0129 c\u1ee7a Nh\u1eadt B\u1ea3n v\u00e0 n\u01b0\u1edbc ngo\u00e0i, v\u00e0 nh\u1eefng ng\u01b0\u1eddi c\u00f3 th\u1ec3 giao ti\u1ebfp.<\/p>\r\n\r\n\r\n\r\n<ul>\r\n<li>\u0110\u1ecba \u0111i\u1ec3m l\u00e0m vi\u1ec7c: Qu\u1eadn B\u00ecnh T\u00e2n, Th\u00e0nh ph\u1ed1 H\u1ed3 Ch\u00ed Minh<\/li>\r\n<li>M\u1ee9c l\u01b0\u01a1ng mong mu\u1ed1n: 1500-4000 USD<\/li>\r\n<li>Gi\u1edd l\u00e0m vi\u1ec7c: Ngh\u1ec9 2 ng\u00e0y\/tu\u1ea7n, t\u1eeb 9 gi\u1edd s\u00e1ng \u0111\u1ebfn 6 gi\u1edd chi\u1ec1u<\/li>\r\n<\/ul>\r\n<p>K\u1ef9 n\u0103ng c\u1ea7n thi\u1ebft (n\u1ebfu c\u00f3, vui l\u00f2ng n\u1ed9p h\u1ed3 s\u01a1)<br \/>\u2460 K\u1ef9 n\u0103ng ng\u00f4n ng\u1eef nh\u01b0 ti\u1ebfng Nh\u1eadt, ti\u1ebfng Anh v\u00e0 ti\u1ebfng Vi\u1ec7t<br \/>\u2461 Sinh vi\u00ean t\u1ed1t nghi\u1ec7p \u0111\u1ea1i h\u1ecdc (bao g\u1ed3m c\u1ea3 sinh vi\u00ean s\u1eafp t\u1ed1t nghi\u1ec7p)<\/p>\r\n\r\n\r\n\r\n<p>M\u1ee9c l\u01b0\u01a1ng v\u00e0 \u0111i\u1ec1u ki\u1ec7n l\u00e0m vi\u1ec7c s\u1ebd \u0111\u01b0\u1ee3c x\u00e1c \u0111\u1ecbnh th\u00f4ng qua bu\u1ed5i ph\u1ecfng v\u1ea5n.<\/p>\r\n\r\n\r\n\r\n<p>ch\u00fang t\u00f4i l\u00e0 c\u00f4ng ty chuy\u00ean ho\u1ea1t \u0111\u1ed9ng tr\u00ean 3 ph\u00e2n kh\u00fac ch\u00ednh (Chuy\u00ean ph\u00e2n ph\u1ed1i nh\u1eefng d\u1ef1 \u00e1n cao c\u1ea5p - Chuy\u00ean cho thu\u00ea nh\u1eefng B\u0110S cao c\u1ea5p cho ng\u01b0\u1eddi n\u01b0\u1edbc ngo\u00e0i - Chuy\u00ean m\u00f4i tr\u01b0\u1eddng v\u1ec1 m\u1ea3ng b\u00e1n cho nh\u1eefng d\u00f2ng B\u0110S cao c\u1ea5p nh\u01b0: C\u0103n h\u1ed9, bi\u1ec7t th\u1ef1, nh\u00e0 ph\u1ed1, kh\u00e1ch s\u1ea1n, v\u0103n ph\u00f2ng, \u0111\u1ea5t n\u1ec1n \u1edf c\u00e1c qu\u1eadn trung t\u00e2m n\u1ed9i th\u00e0nh HCM). Ch\u00fang t\u00f4i lu\u00f4n n\u1ed7 l\u1ef1c h\u1ebft m\u00ecnh \u0111\u1ec3 ho\u00e0n th\u00e0nh s\u1ee9 m\u1ec7nh c\u1ee7a m\u00ecnh.<\/p>\r\n\r\n\r\n\r\n<p>Nh\u00e2n vi\u00ean Sales B\u1ea5t \u0111\u1ed9ng s\u1ea3n, t\u1ef1 \u0111\u1ed9ng s\u1eafp x\u1ebfp l\u1ecbch l\u00e0m vi\u1ec7c t\u1ea1i c\u00f4ng ty (tu\u1ea7n 4 bu\u1ed5i)<\/p>\r\n\r\n\r\n\r\n<p>Kho\u1ea3n ti\u1ec1n l\u01b0\u01a1ng t\u1eeb 500 \u0111\u1ebfn 2500 USD<\/p>\r\n\r\n\r\n\r\n<p>\u01afu ti\u00ean nh\u1eefng \u1ee9ng d\u1ee5ng \u0111am m\u00ea B\u0110S, Giao ti\u1ebfp t\u1ed1t v\u1edbi kh\u00e1ch h\u00e0ng n\u01b0\u1edbc ngo\u00e0i, c\u00f3 ngo\u1ea1i h\u00ecnh l\u00e0 l\u1ee3i th\u1ebf, Ti\u1ebfng Anh ho\u1eb7c Nh\u00e2t l\u01b0u lo\u00e1t (\u01afu ti\u00ean nh\u1eefng \u1ee9ng d\u1ee5ng s\u1eed d\u1ee5ng l\u01b0u lo\u00e1t nhi\u1ec1u ngo\u1ea1i ng\u1eef), ch\u1ee9c n\u0103ng , linh ho\u1ea1t trong t\u00ecnh hu\u1ed1ng x\u1eed l\u00fd, kh\u00f4ng ng\u1ea1i di chu y\u1ec3n.<\/p>\r\n\r\n\r\n\r\n<p>\u01afu ti\u00ean c\u00e1c th\u00e0nh vi\u00ean m\u1edbi t\u1ed1t nghi\u1ec7p hi\u1ec7p h\u1ed9i (Cao \u0110\u1eb3ng, \u0110\u1ea1i H\u1ecdc) trung th\u1ef1c, c\u00f3 nhi\u1ec7t \u0111\u1ed9 ni\u00eam y\u1ebft, \u0111am m\u00ea h\u1ecdc t\u1eadp<\/p>\r\n\r\n\r\n\r\n<div class=\"wp-block-spacer\" style=\"height: 52px;\" aria-hidden=\"true\">\u00a0<\/div>\r\n\r\n\r\n\r\n<p><strong><span style=\"font-size: 18pt;\">C\u00f4ng ty TNHH B\u1ea5t \u0111\u1ed9ng s\u1ea3n Suzuki Vi\u1ec7t Nam<\/span><\/strong><\/p>\r\n<p><strong>21 Nguy\u1ec5n Trung Ng\u00e2n, Qu\u1eadn 1, Th\u00e0nh ph\u1ed1 H\u1ed3 Ch\u00ed Minh, Vi\u1ec7t Nam<\/strong><br data-rich-text-line-break=\"true\" \/><strong>+84 (0) 914408621<\/strong><br data-rich-text-line-break=\"true\" \/><span style=\"color: #0000ff;\"><a style=\"color: #0000ff;\" href=\"mailto:info@asia-prop.com\"><strong>info@asia-prop.com<\/strong><\/a><\/span><\/p>\r\n\r\n\r\n\r\n<p>&nbsp;<\/p>","protected":false},"excerpt":{"rendered":"<p>C\u00f4ng ty ch\u00fang t\u00f4i l\u00e0 c\u00f4ng ty kinh doanh cung c\u1ea5p d\u1ecbch v\u1ee5 m\u00f4i gi\u1edbi, m\u00f4i gi\u1edbi b\u1ea5t \u0111\u1ed9ng s\u1ea3n. Trong l\u0129nh v\u1ef1c b\u1ea5t \u0111\u1ed9ng s\u1ea3n, ch\u00fang t\u00f4i mua, b\u00e1n, cho thu\u00ea v\u00e0 qu\u1ea3n l\u00fd c\u00e1c chung c\u01b0, v\u0103n ph\u00f2ng, nh\u00e0 m\u00e1y v\u00e0 \u0111\u1ecba \u0111i\u1ec3m kinh doanh. Kh\u00e1ch h\u00e0ng ch\u00ednh c\u1ee7a ch\u00fang t\u00f4i l\u00e0 ng\u01b0\u1eddi Nh\u1eadt v\u00e0 ng\u01b0\u1eddi n\u01b0\u1edbc ngo\u00e0i s\u1ed1ng t\u1ea1i Th\u00e0nh ph\u1ed1 H\u1ed3 Ch\u00ed Minh. Hi\u1ec7n t\u1ea1i ch\u00fang t\u00f4i \u0111ang tuy\u1ec3n nh\u00e2n vi\u00ean kinh doanh b\u1ea5t \u0111\u1ed9ng s\u1ea3n...<\/p>","protected":false},"author":1,"featured_media":127534,"parent":0,"menu_order":0,"comment_status":"closed","ping_status":"closed","template":"","meta":{"_mi_skip_tracking":false,"_exactmetrics_sitenote_active":false,"_exactmetrics_sitenote_note":"","_exactmetrics_sitenote_category":0},"aioseo_notices":[],"_links":{"self":[{"href":"https:\/\/asia-prop.com\/vi\/wp-json\/wp\/v2\/pages\/86034"}],"collection":[{"href":"https:\/\/asia-prop.com\/vi\/wp-json\/wp\/v2\/pages"}],"about":[{"href":"https:\/\/asia-prop.com\/vi\/wp-json\/wp\/v2\/types\/page"}],"author":[{"embeddable":true,"href":"https:\/\/asia-prop.com\/vi\/wp-json\/wp\/v2\/users\/1"}],"replies":[{"embeddable":true,"href":"https:\/\/asia-prop.com\/vi\/wp-json\/wp\/v2\/comments?post=86034"}],"version-history":[{"count":25,"href":"https:\/\/asia-prop.com\/vi\/wp-json\/wp\/v2\/pages\/86034\/revisions"}],"predecessor-version":[{"id":133094,"href":"https:\/\/asia-prop.com\/vi\/wp-json\/wp\/v2\/pages\/86034\/revisions\/133094"}],"wp:featuredmedia":[{"embeddable":true,"href":"https:\/\/asia-prop.com\/vi\/wp-json\/wp\/v2\/media\/127534"}],"wp:attachment":[{"href":"https:\/\/asia-prop.com\/vi\/wp-json\/wp\/v2\/media?parent=86034"}],"curies":[{"name":"wp","href":"https:\/\/api.w.org\/{rel}","templated":true}]}}