{"id":78771,"date":"2020-07-27T16:57:31","date_gmt":"2020-07-27T07:57:31","guid":{"rendered":"https:\/\/asia-prop.com\/?page_id=78771"},"modified":"2024-02-08T22:09:20","modified_gmt":"2024-02-08T13:09:20","slug":"operating-company","status":"publish","type":"page","link":"https:\/\/asia-prop.com\/vi\/operating-company\/","title":{"rendered":"\u0110i\u1ec1u h\u00e0nh c\u00f4ng ty"},"content":{"rendered":"<div data-elementor-type=\"wp-page\" data-elementor-id=\"78771\" class=\"elementor elementor-78771\">\n\t\t\t\t\t\t<div class=\"elementor-inner\">\n\t\t\t\t<div class=\"elementor-section-wrap\">\n\t\t\t\t\t\t\t\t\t<section class=\"elementor-section elementor-top-section elementor-element elementor-element-b918825 elementor-section-boxed elementor-section-height-default elementor-section-height-default\" data-id=\"b918825\" data-element_type=\"section\">\n\t\t\t\t\t\t<div class=\"elementor-container elementor-column-gap-default\">\n\t\t\t\t\t\t\t<div class=\"elementor-row\">\n\t\t\t\t\t<div class=\"elementor-column elementor-col-100 elementor-top-column elementor-element elementor-element-9f803cb\" data-id=\"9f803cb\" data-element_type=\"column\">\n\t\t\t<div class=\"elementor-column-wrap elementor-element-populated\">\n\t\t\t\t\t\t\t<div class=\"elementor-widget-wrap\">\n\t\t\t\t\t\t<div class=\"elementor-element elementor-element-faa95db elementor-widget elementor-widget-eael-cta-box\" data-id=\"faa95db\" data-element_type=\"widget\" data-widget_type=\"eael-cta-box.default\">\n\t\t\t\t<div class=\"elementor-widget-container\">\n\t\t\t\t\t\t\t<div class=\"eael-call-to-action cta-icon-flex bg-lite cta-preset-1\">\n\t    <div class=\"icon\">\n\t\t\t\t\t\t\t<i class=\"far fa-building\"><\/i>\t    <\/div>\n\t    <div class=\"content\">\n            <h2 class=\"title\">Th\u00f4ng tin c\u00f4ng ty<\/h2><p><p>\u0110\u00e2y l\u00e0 trang th\u00f4ng tin c\u00f4ng ty Suzuki Real Estate.<\/p><p>T\u1ea1i Suzuki Real Estate, \u0111\u1ed1i v\u1edbi nh\u1eefng ai mua ho\u1eb7c \u0111\u1ea7u t\u01b0 v\u00e0o b\u1ea5t \u0111\u1ed9ng s\u1ea3n t\u1ea1i Vi\u1ec7t Nam, ch\u00fang t\u00f4i s\u1ebd h\u01b0\u1edbng d\u1eabn b\u1ea1n nh\u1eefng b\u1ea5t \u0111\u1ed9ng s\u1ea3n c\u00f3 t\u1ef7 su\u1ea5t sinh l\u1ee3i cao, k\u1ef3 v\u1ecdng s\u1ebd c\u1ea3i thi\u1ec7n gi\u00e1 tr\u1ecb t\u00e0i s\u1ea3n. Khi thu\u00ea b\u1ea5t \u0111\u1ed9ng s\u1ea3n t\u1ea1i Vi\u1ec7t Nam, ch\u00fang t\u00f4i s\u1ebd h\u1ed7 tr\u1ee3 b\u1ea1n \u0111\u1ec3 b\u1ea1n l\u00e0m h\u1ee3p \u0111\u1ed3ng sau khi \u0111\u00e3 \u0111\u1ed3ng \u00fd.<\/p><\/p>\t    <\/div>\n\t    <div class=\"action\">\n            <a href=\"https:\/\/asia-prop.com\/vi\/about-us\/\" class=\"cta-button  effect-2\">Th\u00f4ng tin c\u00f4ng ty<\/a>\t    <\/div>\n\t<\/div>\n\t\t\t\t<\/div>\n\t\t\t\t<\/div>\n\t\t\t\t\t\t<\/div>\n\t\t\t\t\t<\/div>\n\t\t<\/div>\n\t\t\t\t\t\t\t\t<\/div>\n\t\t\t\t\t<\/div>\n\t\t<\/section>\n\t\t\t\t<section class=\"elementor-section elementor-top-section elementor-element elementor-element-157e28e elementor-section-boxed elementor-section-height-default elementor-section-height-default\" data-id=\"157e28e\" data-element_type=\"section\">\n\t\t\t\t\t\t<div class=\"elementor-container elementor-column-gap-default\">\n\t\t\t\t\t\t\t<div class=\"elementor-row\">\n\t\t\t\t\t<div class=\"elementor-column elementor-col-100 elementor-top-column elementor-element elementor-element-577782d\" data-id=\"577782d\" data-element_type=\"column\">\n\t\t\t<div class=\"elementor-column-wrap elementor-element-populated\">\n\t\t\t\t\t\t\t<div class=\"elementor-widget-wrap\">\n\t\t\t\t\t\t<div class=\"elementor-element elementor-element-92b267a elementor-widget elementor-widget-eael-cta-box\" data-id=\"92b267a\" data-element_type=\"widget\" data-widget_type=\"eael-cta-box.default\">\n\t\t\t\t<div class=\"elementor-widget-container\">\n\t\t\t\t\t\t\t<div class=\"eael-call-to-action cta-icon-flex bg-lite cta-preset-1\">\n\t    <div class=\"icon\">\n\t\t\t\t\t\t\t<i class=\"far fa-smile\"><\/i>\t    <\/div>\n\t    <div class=\"content\">\n            <h2 class=\"title\">nh\u00e2n vi\u00ean kinh doanh b\u1ea5t \u0111\u1ed9ng s\u1ea3n<\/h2><p><p>\u0110\u00e2y l\u00e0 danh s\u00e1ch nh\u00e2n vi\u00ean kinh doanh c\u1ee7a Suzuki Real Estate.<\/p><p>T\u1ea1i Suzuki Real Estate, m\u1ed7i nh\u00e2n vi\u00ean \u0111\u01b0a ra c\u00e1c \u0111\u1ec1 xu\u1ea5t t\u1eadn d\u1ee5ng kh\u1ea3 n\u0103ng t\u01b0\u01a1ng \u1ee9ng c\u1ee7a h\u1ecd.<\/p><\/p>\t    <\/div>\n\t    <div class=\"action\">\n            <a href=\"https:\/\/asia-prop.com\/vi\/operating-company\/agents\/\" class=\"cta-button  effect-2\">V\u00e0o danh s\u00e1ch nh\u00e2n vi\u00ean<\/a>\t    <\/div>\n\t<\/div>\n\t\t\t\t<\/div>\n\t\t\t\t<\/div>\n\t\t\t\t\t\t<\/div>\n\t\t\t\t\t<\/div>\n\t\t<\/div>\n\t\t\t\t\t\t\t\t<\/div>\n\t\t\t\t\t<\/div>\n\t\t<\/section>\n\t\t\t\t<section class=\"elementor-section elementor-top-section elementor-element elementor-element-f35904f elementor-section-boxed elementor-section-height-default elementor-section-height-default\" data-id=\"f35904f\" data-element_type=\"section\">\n\t\t\t\t\t\t<div class=\"elementor-container elementor-column-gap-default\">\n\t\t\t\t\t\t\t<div class=\"elementor-row\">\n\t\t\t\t\t<div class=\"elementor-column elementor-col-100 elementor-top-column elementor-element elementor-element-c6f042e\" data-id=\"c6f042e\" data-element_type=\"column\">\n\t\t\t<div class=\"elementor-column-wrap elementor-element-populated\">\n\t\t\t\t\t\t\t<div class=\"elementor-widget-wrap\">\n\t\t\t\t\t\t<div class=\"elementor-element elementor-element-0e61ba7 elementor-widget elementor-widget-eael-cta-box\" data-id=\"0e61ba7\" data-element_type=\"widget\" data-widget_type=\"eael-cta-box.default\">\n\t\t\t\t<div class=\"elementor-widget-container\">\n\t\t\t\t\t\t\t<div class=\"eael-call-to-action cta-icon-flex bg-lite cta-preset-1\">\n\t    <div class=\"icon\">\n\t\t\t\t\t\t\t<i class=\"far fa-address-card\"><\/i>\t    <\/div>\n\t    <div class=\"content\">\n            <h2 class=\"title\">Th\u00f4ng tin tuy\u1ec3n d\u1ee5ng<\/h2><p><p>\u0110\u00e2y l\u00e0 trang th\u00f4ng tin tuy\u1ec3n d\u1ee5ng c\u1ee7a Suzuki Real Estate.<\/p><p>N\u1ebfu b\u1ea1n quan t\u00e2m \u0111\u1ebfn b\u1ea5t \u0111\u1ed9ng s\u1ea3n v\u00e0 ng\u00f4n ng\u1eef, vui l\u00f2ng \u0111\u0103ng k\u00fd.<\/p><\/p>\t    <\/div>\n\t    <div class=\"action\">\n            <a href=\"https:\/\/asia-prop.com\/vi\/recruit-information\/\" class=\"cta-button  effect-2\">Th\u00f4ng tin tuy\u1ec3n d\u1ee5ng<\/a>\t    <\/div>\n\t<\/div>\n\t\t\t\t<\/div>\n\t\t\t\t<\/div>\n\t\t\t\t\t\t<\/div>\n\t\t\t\t\t<\/div>\n\t\t<\/div>\n\t\t\t\t\t\t\t\t<\/div>\n\t\t\t\t\t<\/div>\n\t\t<\/section>\n\t\t\t\t<section class=\"elementor-section elementor-top-section elementor-element elementor-element-7d4215a elementor-section-boxed elementor-section-height-default elementor-section-height-default\" data-id=\"7d4215a\" data-element_type=\"section\">\n\t\t\t\t\t\t<div class=\"elementor-container elementor-column-gap-default\">\n\t\t\t\t\t\t\t<div class=\"elementor-row\">\n\t\t\t\t\t<div class=\"elementor-column elementor-col-100 elementor-top-column elementor-element elementor-element-03ed06b\" data-id=\"03ed06b\" data-element_type=\"column\">\n\t\t\t<div class=\"elementor-column-wrap elementor-element-populated\">\n\t\t\t\t\t\t\t<div class=\"elementor-widget-wrap\">\n\t\t\t\t\t\t<div class=\"elementor-element elementor-element-4529567 elementor-widget elementor-widget-eael-cta-box\" data-id=\"4529567\" data-element_type=\"widget\" data-widget_type=\"eael-cta-box.default\">\n\t\t\t\t<div class=\"elementor-widget-container\">\n\t\t\t\t\t\t\t<div class=\"eael-call-to-action cta-icon-flex bg-lite cta-preset-1\">\n\t    <div class=\"icon\">\n\t\t\t\t\t\t\t<i class=\"fas fa-sitemap\"><\/i>\t    <\/div>\n\t    <div class=\"content\">\n            <h2 class=\"title\">Trang web<\/h2><p><p>\u0110\u00e2y l\u00e0 trang b\u1ea3n \u0111\u1ed3 \u0111\u1ecba \u1ed1c Suzuki.<\/p><p>Vui l\u00f2ng s\u1eed d\u1ee5ng n\u00f3 \u0111\u1ec3 duy\u1ec7t to\u00e0n b\u1ed9 trang web Suzuki Real Estate.<\/p><p>\u00a0<\/p><\/p>\t    <\/div>\n\t    <div class=\"action\">\n            <a href=\"https:\/\/asia-prop.com\/vi\/sitemap\/\" class=\"cta-button  effect-2\">\u0110\u1ebfn b\u1ea3n \u0111\u1ed3 trang web<\/a>\t    <\/div>\n\t<\/div>\n\t\t\t\t<\/div>\n\t\t\t\t<\/div>\n\t\t\t\t\t\t<\/div>\n\t\t\t\t\t<\/div>\n\t\t<\/div>\n\t\t\t\t\t\t\t\t<\/div>\n\t\t\t\t\t<\/div>\n\t\t<\/section>\n\t\t\t\t<section class=\"elementor-section elementor-top-section elementor-element elementor-element-9a4a814 elementor-section-boxed elementor-section-height-default elementor-section-height-default\" data-id=\"9a4a814\" data-element_type=\"section\">\n\t\t\t\t\t\t<div class=\"elementor-container elementor-column-gap-default\">\n\t\t\t\t\t\t\t<div class=\"elementor-row\">\n\t\t\t\t\t<div class=\"elementor-column elementor-col-100 elementor-top-column elementor-element elementor-element-73cc743\" data-id=\"73cc743\" data-element_type=\"column\">\n\t\t\t<div class=\"elementor-column-wrap elementor-element-populated\">\n\t\t\t\t\t\t\t<div class=\"elementor-widget-wrap\">\n\t\t\t\t\t\t<div class=\"elementor-element elementor-element-88a336c elementor-widget elementor-widget-eael-cta-box\" data-id=\"88a336c\" data-element_type=\"widget\" data-widget_type=\"eael-cta-box.default\">\n\t\t\t\t<div class=\"elementor-widget-container\">\n\t\t\t\t\t\t\t<div class=\"eael-call-to-action cta-icon-flex bg-lite cta-preset-1\">\n\t    <div class=\"icon\">\n\t\t\t\t\t\t\t<i class=\"fas fa-bullhorn\"><\/i>\t    <\/div>\n\t    <div class=\"content\">\n            <h2 class=\"title\">Ch\u00ednh s\u00e1ch b\u1ea3o m\u1eadt<\/h2><p><p>\u0110\u00e2y l\u00e0 trang ch\u00ednh s\u00e1ch b\u1ea3o m\u1eadt c\u1ee7a Suzuki Real Estate.<\/p><p>Suzuki Real Estate l\u01b0u tr\u1eef v\u00e0 qu\u1ea3n l\u00fd \u0111\u00fang c\u00e1ch c\u00e1c th\u00f4ng tin nh\u1eadn \u0111\u01b0\u1ee3c t\u1eeb kh\u00e1ch h\u00e0ng.<\/p><\/p>\t    <\/div>\n\t    <div class=\"action\">\n            <a href=\"https:\/\/asia-prop.com\/vi\/consent-to-privacy-policy\/\" class=\"cta-button  effect-2\">Ch\u00ednh s\u00e1ch b\u1ea3o m\u1eadt<\/a>\t    <\/div>\n\t<\/div>\n\t\t\t\t<\/div>\n\t\t\t\t<\/div>\n\t\t\t\t\t\t<\/div>\n\t\t\t\t\t<\/div>\n\t\t<\/div>\n\t\t\t\t\t\t\t\t<\/div>\n\t\t\t\t\t<\/div>\n\t\t<\/section>\n\t\t\t\t<section class=\"elementor-section elementor-top-section elementor-element elementor-element-5d9299e elementor-section-boxed elementor-section-height-default elementor-section-height-default\" data-id=\"5d9299e\" data-element_type=\"section\">\n\t\t\t\t\t\t<div class=\"elementor-container elementor-column-gap-default\">\n\t\t\t\t\t\t\t<div class=\"elementor-row\">\n\t\t\t\t\t<div class=\"elementor-column elementor-col-100 elementor-top-column elementor-element elementor-element-7edfe5b\" data-id=\"7edfe5b\" data-element_type=\"column\">\n\t\t\t<div class=\"elementor-column-wrap\">\n\t\t\t\t\t\t\t<div class=\"elementor-widget-wrap\">\n\t\t\t\t\t\t\t\t<\/div>\n\t\t\t\t\t<\/div>\n\t\t<\/div>\n\t\t\t\t\t\t\t\t<\/div>\n\t\t\t\t\t<\/div>\n\t\t<\/section>\n\t\t\t\t\t\t\t\t\t<\/div>\n\t\t\t<\/div>\n\t\t\t\t\t<\/div>","protected":false},"excerpt":{"rendered":"<p>Th\u00f4ng tin c\u00f4ng ty \u0110\u00e2y l\u00e0 trang th\u00f4ng tin c\u00f4ng ty c\u1ee7a Suzuki Real Estate. T\u1ea1i Suzuki Real Estate, ch\u00fang t\u00f4i s\u1ebd h\u01b0\u1edbng d\u1eabn nh\u1eefng ng\u01b0\u1eddi mua ho\u1eb7c \u0111\u1ea7u t\u01b0 v\u00e0o b\u1ea5t \u0111\u1ed9ng s\u1ea3n t\u1ea1i Vi\u1ec7t Nam nh\u1eefng b\u1ea5t \u0111\u1ed9ng s\u1ea3n c\u00f3 l\u1ee3i t\u1ee9c \u0111\u1ea7u t\u01b0 cao, d\u1ef1 ki\u1ebfn s\u1ebd t\u0103ng gi\u00e1 tr\u1ecb t\u00e0i s\u1ea3n. Khi thu\u00ea b\u1ea5t \u0111\u1ed9ng s\u1ea3n t\u1ea1i Vi\u1ec7t Nam, ch\u00fang t\u00f4i ch\u1ec9 c\u1ea7n s\u1ef1 \u0111\u1ed3ng \u00fd c\u1ee7a b\u1ea1n...<\/p>","protected":false},"author":1,"featured_media":0,"parent":0,"menu_order":0,"comment_status":"closed","ping_status":"closed","template":"","meta":{"_mi_skip_tracking":false,"_exactmetrics_sitenote_active":false,"_exactmetrics_sitenote_note":"","_exactmetrics_sitenote_category":0},"aioseo_notices":[],"_links":{"self":[{"href":"https:\/\/asia-prop.com\/vi\/wp-json\/wp\/v2\/pages\/78771"}],"collection":[{"href":"https:\/\/asia-prop.com\/vi\/wp-json\/wp\/v2\/pages"}],"about":[{"href":"https:\/\/asia-prop.com\/vi\/wp-json\/wp\/v2\/types\/page"}],"author":[{"embeddable":true,"href":"https:\/\/asia-prop.com\/vi\/wp-json\/wp\/v2\/users\/1"}],"replies":[{"embeddable":true,"href":"https:\/\/asia-prop.com\/vi\/wp-json\/wp\/v2\/comments?post=78771"}],"version-history":[{"count":13,"href":"https:\/\/asia-prop.com\/vi\/wp-json\/wp\/v2\/pages\/78771\/revisions"}],"predecessor-version":[{"id":122028,"href":"https:\/\/asia-prop.com\/vi\/wp-json\/wp\/v2\/pages\/78771\/revisions\/122028"}],"wp:attachment":[{"href":"https:\/\/asia-prop.com\/vi\/wp-json\/wp\/v2\/media?parent=78771"}],"curies":[{"name":"wp","href":"https:\/\/api.w.org\/{rel}","templated":true}]}}