{"id":78208,"date":"2020-07-17T21:18:34","date_gmt":"2020-07-17T12:18:34","guid":{"rendered":"https:\/\/asia-prop.com\/?page_id=78208"},"modified":"2023-01-01T16:28:19","modified_gmt":"2023-01-01T07:28:19","slug":"consent-to-privacy-policy","status":"publish","type":"page","link":"https:\/\/asia-prop.com\/vi\/consent-to-privacy-policy\/","title":{"rendered":"\u0110\u1ed3ng \u00fd v\u1edbi ch\u00ednh s\u00e1ch b\u1ea3o m\u1eadt"},"content":{"rendered":"<h1><b>Ch\u00ednh s\u00e1ch b\u1ea3o m\u1eadt<\/b><\/h1>\n<p><span style=\"font-weight: 400;\">C\u00d4NG TY TNHH SUZUKI PROPERTY VI\u1ec6T NAM (sau \u0111\u00e2y g\u1ecdi l\u00e0 &quot;c\u00f4ng ty ch\u00fang t\u00f4i&quot;) m\u00f4 t\u1ea3 vi\u1ec7c x\u1eed l\u00fd th\u00f4ng tin c\u00e1 nh\u00e2n c\u1ee7a ng\u01b0\u1eddi d\u00f9ng trong d\u1ecbch v\u1ee5 \u0111\u01b0\u1ee3c cung c\u1ea5p tr\u00ean trang web n\u00e0y (sau \u0111\u00e2y g\u1ecdi l\u00e0 &quot;d\u1ecbch v\u1ee5 n\u00e0y&quot;) nh\u01b0 sau. Ch\u00fang t\u00f4i \u0111\u00e3 thi\u1ebft l\u1eadp ch\u00ednh s\u00e1ch b\u1ea3o m\u1eadt ( sau \u0111\u00e2y \u0111\u01b0\u1ee3c g\u1ecdi l\u00e0 &quot;ch\u00ednh s\u00e1ch n\u00e0y&quot;) nh\u01b0 sau.<\/span><\/p>\n<h2><b>\u0110i\u1ec1u 1 (Th\u00f4ng tin c\u00e1 nh\u00e2n)<\/b><\/h2>\n<p><span style=\"font-weight: 400;\">&quot;Th\u00f4ng tin c\u00e1 nh\u00e2n&quot; l\u00e0 &quot;th\u00f4ng tin c\u00e1 nh\u00e2n&quot; \u0111\u01b0\u1ee3c \u0111\u1ecbnh ngh\u0129a trong Lu\u1eadt b\u1ea3o v\u1ec7 th\u00f4ng tin c\u00e1 nh\u00e2n v\u00e0 l\u00e0 th\u00f4ng tin v\u1ec1 c\u00e1c c\u00e1 nh\u00e2n \u0111ang s\u1ed1ng, ch\u1eb3ng h\u1ea1n nh\u01b0 t\u00ean, ng\u00e0y sinh, \u0111\u1ecba ch\u1ec9, s\u1ed1 \u0111i\u1ec7n tho\u1ea1i, th\u00f4ng tin li\u00ean h\u1ec7, v.v. \u0111\u01b0\u1ee3c bao g\u1ed3m trong th\u00f4ng tin. c\u00f3 th\u1ec3 x\u00e1c \u0111\u1ecbnh m\u1ed9t c\u00e1 nh\u00e2n c\u1ee5 th\u1ec3 b\u1eb1ng c\u00e1ch m\u00f4 t\u1ea3, v.v. v\u00e0 th\u00f4ng tin c\u00f3 th\u1ec3 x\u00e1c \u0111\u1ecbnh m\u1ed9t c\u00e1 nh\u00e2n c\u1ee5 th\u1ec3 ch\u1ec9 t\u1eeb c\u00e1c th\u00f4ng tin li\u00ean quan nh\u01b0 ngo\u1ea1i h\u00ecnh, d\u1ea5u v\u00e2n tay, d\u1eef li\u1ec7u gi\u1ecdng n\u00f3i v\u00e0 s\u1ed1 gi\u1ea5y ch\u1ee9ng nh\u1eadn b\u1ea3o hi\u1ec3m y t\u1ebf c\u1ee7a nh\u00e0 b\u1ea3o hi\u1ec3m (th\u00f4ng tin nh\u1eadn d\u1ea1ng c\u00e1 nh\u00e2n) ..<\/span><\/p>\n<h2><b>\u0110i\u1ec1u 2 (C\u00e1ch thu th\u1eadp th\u00f4ng tin c\u00e1 nh\u00e2n)<\/b><\/h2>\n<p><span style=\"font-weight: 400;\">Ch\u00fang t\u00f4i c\u00f3 th\u1ec3 h\u1ecfi th\u00f4ng tin c\u00e1 nh\u00e2n nh\u01b0 t\u00ean, ng\u00e0y th\u00e1ng n\u0103m sinh, \u0111\u1ecba ch\u1ec9, s\u1ed1 \u0111i\u1ec7n tho\u1ea1i, \u0111\u1ecba ch\u1ec9 email, s\u1ed1 t\u00e0i kho\u1ea3n ng\u00e2n h\u00e0ng, s\u1ed1 th\u1ebb t\u00edn d\u1ee5ng, s\u1ed1 b\u1eb1ng l\u00e1i xe,\u2026 khi ng\u01b0\u1eddi d\u00f9ng \u0111\u0103ng k\u00fd s\u1eed d\u1ee5ng. Ngo\u00e0i ra, th\u00f4ng tin li\u00ean quan \u0111\u1ebfn h\u1ed3 s\u01a1 giao d\u1ecbch v\u00e0 thanh to\u00e1n \u0111\u01b0\u1ee3c th\u1ef1c hi\u1ec7n gi\u1eefa ng\u01b0\u1eddi d\u00f9ng v\u00e0 \u0111\u1ed1i t\u00e1c kinh doanh, bao g\u1ed3m th\u00f4ng tin c\u00e1 nh\u00e2n c\u1ee7a ng\u01b0\u1eddi d\u00f9ng, bao g\u1ed3m c\u00e1c \u0111\u1ed1i t\u00e1c kinh doanh c\u1ee7a ch\u00fang t\u00f4i (nh\u00e0 cung c\u1ea5p th\u00f4ng tin, nh\u00e0 qu\u1ea3ng c\u00e1o, \u0111i\u1ec3m \u0111\u1ebfn ph\u00e2n ph\u1ed1i qu\u1ea3ng c\u00e1o, v.v.) C\u00f3 th\u1ec3 \u0111\u01b0\u1ee3c thu th\u1eadp t\u1eeb &quot;\u0111\u1ed1i t\u00e1c&quot;).<\/span><\/p>\n<h2><b>\u0110i\u1ec1u 3 (M\u1ee5c \u0111\u00edch thu th\u1eadp v\u00e0 s\u1eed d\u1ee5ng th\u00f4ng tin c\u00e1 nh\u00e2n)<\/b><\/h2>\n<p><span style=\"font-weight: 400;\">C\u00e1c m\u1ee5c \u0111\u00edch m\u00e0 ch\u00fang t\u00f4i thu th\u1eadp v\u00e0 s\u1eed d\u1ee5ng th\u00f4ng tin c\u00e1 nh\u00e2n nh\u01b0 sau.<\/span><\/p>\n<ol>\n<li style=\"font-weight: 400;\"><span style=\"font-weight: 400;\">\u0110\u1ed1i v\u1edbi vi\u1ec7c cung c\u1ea5p v\u00e0 v\u1eadn h\u00e0nh c\u00e1c d\u1ecbch v\u1ee5 c\u1ee7a ch\u00fang t\u00f4i<\/span><\/li>\n<li style=\"font-weight: 400;\"><span style=\"font-weight: 400;\">\u0110\u1ec3 tr\u1ea3 l\u1eddi c\u00e1c c\u00e2u h\u1ecfi t\u1eeb ng\u01b0\u1eddi d\u00f9ng (bao g\u1ed3m x\u00e1c minh danh t\u00ednh)<\/span><\/li>\n<li style=\"font-weight: 400;\"><span style=\"font-weight: 400;\">\u0110\u1ec3 g\u1eedi e-mail v\u1ec1 c\u00e1c t\u00ednh n\u0103ng m\u1edbi, c\u1eadp nh\u1eadt, chi\u1ebfn d\u1ecbch, v.v. c\u1ee7a d\u1ecbch v\u1ee5 b\u1ea1n \u0111ang s\u1eed d\u1ee5ng v\u00e0 c\u00e1c d\u1ecbch v\u1ee5 kh\u00e1c do c\u00f4ng ty ch\u00fang t\u00f4i cung c\u1ea5p.<\/span><\/li>\n<li style=\"font-weight: 400;\"><span style=\"font-weight: 400;\">\u0110\u1ec3 b\u1ea3o tr\u00ec, c\u00e1c th\u00f4ng b\u00e1o quan tr\u1ecdng, v.v. \u0111\u1ec3 li\u00ean h\u1ec7 v\u1edbi b\u1ea1n khi c\u1ea7n<\/span><\/li>\n<li style=\"font-weight: 400;\"><span style=\"font-weight: 400;\">\u0110\u1ec3 x\u00e1c \u0111\u1ecbnh nh\u1eefng ng\u01b0\u1eddi d\u00f9ng vi ph\u1ea1m c\u00e1c \u0111i\u1ec1u kho\u1ea3n s\u1eed d\u1ee5ng ho\u1eb7c nh\u1eefng ng\u01b0\u1eddi c\u00f3 \u00fd \u0111\u1ecbnh s\u1eed d\u1ee5ng d\u1ecbch v\u1ee5 cho c\u00e1c m\u1ee5c \u0111\u00edch gian l\u1eadn ho\u1eb7c kh\u00f4ng h\u1ee3p l\u00fd v\u00e0 t\u1eeb ch\u1ed1i s\u1eed d\u1ee5ng d\u1ecbch v\u1ee5.<\/span><\/li>\n<li style=\"font-weight: 400;\"><span style=\"font-weight: 400;\">Cho ph\u00e9p ng\u01b0\u1eddi d\u00f9ng xem, thay \u0111\u1ed5i, x\u00f3a v\u00e0 xem tr\u1ea1ng th\u00e1i s\u1eed d\u1ee5ng th\u00f4ng tin \u0111\u0103ng k\u00fd c\u1ee7a ch\u00ednh h\u1ecd.<\/span><\/li>\n<li style=\"font-weight: 400;\"><span style=\"font-weight: 400;\">\u0110\u1ec3 t\u00ednh ph\u00ed s\u1eed d\u1ee5ng cho ng\u01b0\u1eddi d\u00f9ng \u0111\u1ed1i v\u1edbi m\u1ed9t d\u1ecbch v\u1ee5 tr\u1ea3 ph\u00ed<\/span><\/li>\n<li style=\"font-weight: 400;\"><span style=\"font-weight: 400;\">C\u00e1c m\u1ee5c \u0111\u00edch li\u00ean quan \u0111\u1ebfn c\u00e1c m\u1ee5c \u0111\u00edch tr\u00ean<\/span><\/li>\n<\/ol>\n<h2><b>\u0110i\u1ec1u 4 (Chuy\u1ec3n m\u1ee5c \u0111\u00edch s\u1eed d\u1ee5ng)<\/b><\/h2>\n<ol>\n<li style=\"font-weight: 400;\"><span style=\"font-weight: 400;\">C\u00f4ng ty s\u1ebd ch\u1ec9 thay \u0111\u1ed5i m\u1ee5c \u0111\u00edch s\u1eed d\u1ee5ng th\u00f4ng tin c\u00e1 nh\u00e2n khi nh\u1eadn th\u1ea5y m\u1ed9t c\u00e1ch h\u1ee3p l\u00fd r\u1eb1ng m\u1ee5c \u0111\u00edch s\u1eed d\u1ee5ng c\u00f3 li\u00ean quan \u0111\u1ebfn th\u00f4ng tin \u0111\u00f3 tr\u01b0\u1edbc khi thay \u0111\u1ed5i.<\/span><\/li>\n<li style=\"font-weight: 400;\"><span style=\"font-weight: 400;\">N\u1ebfu thay \u0111\u1ed5i m\u1ee5c \u0111\u00edch s\u1eed d\u1ee5ng, vi\u1ec7c thay \u0111\u1ed5i m\u1ee5c \u0111\u00edch s\u1ebd \u0111\u01b0\u1ee3c th\u00f4ng b\u00e1o cho ng\u01b0\u1eddi s\u1eed d\u1ee5ng ho\u1eb7c th\u00f4ng b\u00e1o tr\u00ean trang web n\u00e0y theo ph\u01b0\u01a1ng th\u1ee9c do C\u00f4ng ty quy \u0111\u1ecbnh.<\/span><\/li>\n<\/ol>\n<h2><b>\u0110i\u1ec1u 5 (Cung c\u1ea5p th\u00f4ng tin c\u00e1 nh\u00e2n cho b\u00ean th\u1ee9 ba)<\/b><\/h2>\n<ol>\n<li style=\"font-weight: 400;\"><span style=\"font-weight: 400;\">Ch\u00fang t\u00f4i s\u1ebd kh\u00f4ng cung c\u1ea5p th\u00f4ng tin c\u00e1 nh\u00e2n cho b\u00ean th\u1ee9 ba n\u1ebfu kh\u00f4ng c\u00f3 s\u1ef1 \u0111\u1ed3ng \u00fd tr\u01b0\u1edbc c\u1ee7a ng\u01b0\u1eddi d\u00f9ng, tr\u1eeb nh\u1eefng tr\u01b0\u1eddng h\u1ee3p sau. Tuy nhi\u00ean, \u0111i\u1ec1u n\u00e0y kh\u00f4ng \u00e1p d\u1ee5ng khi \u0111\u01b0\u1ee3c Lu\u1eadt B\u1ea3o v\u1ec7 Th\u00f4ng tin C\u00e1 nh\u00e2n v\u00e0 c\u00e1c lu\u1eadt v\u00e0 quy \u0111\u1ecbnh kh\u00e1c cho ph\u00e9p.<\/span>\n<ol>\n<li style=\"font-weight: 400;\"><span style=\"font-weight: 400;\">Khi c\u1ea7n b\u1ea3o v\u1ec7 t\u00ednh m\u1ea1ng, th\u00e2n th\u1ec3, t\u00e0i s\u1ea3n c\u1ee7a m\u1ed9t ng\u01b0\u1eddi v\u00e0 kh\u00f3 \u0111\u01b0\u1ee3c s\u1ef1 \u0111\u1ed3ng \u00fd c\u1ee7a ng\u01b0\u1eddi \u0111\u00f3.<\/span><\/li>\n<li style=\"font-weight: 400;\"><span style=\"font-weight: 400;\">Trong tr\u01b0\u1eddng h\u1ee3p \u0111\u1eb7c bi\u1ec7t c\u1ea7n thi\u1ebft \u0111\u1ec3 c\u1ea3i thi\u1ec7n s\u1ee9c kh\u1ecfe c\u1ed9ng \u0111\u1ed3ng ho\u1eb7c th\u00fac \u0111\u1ea9y s\u1ef1 ph\u00e1t tri\u1ec3n \u00e2m thanh c\u1ee7a tr\u1ebb em, v\u00e0 r\u1ea5t kh\u00f3 nh\u1eadn \u0111\u01b0\u1ee3c s\u1ef1 \u0111\u1ed3ng \u00fd c\u1ee7a ng\u01b0\u1eddi \u0111\u00f3.<\/span><\/li>\n<li style=\"font-weight: 400;\"><span style=\"font-weight: 400;\">Khi c\u1ea7n thi\u1ebft cho m\u1ed9t th\u1ec3 ch\u1ebf qu\u1ed1c gia ho\u1eb7c m\u1ed9t c\u01a1 quan c\u00f4ng quy\u1ec1n \u0111\u1ecba ph\u01b0\u01a1ng ho\u1eb7c m\u1ed9t ng\u01b0\u1eddi \u0111\u01b0\u1ee3c giao ph\u00f3 \u0111\u1ec3 h\u1ee3p t\u00e1c th\u1ef1c hi\u1ec7n c\u00e1c c\u00f4ng vi\u1ec7c do ph\u00e1p lu\u1eadt v\u00e0 c\u00e1c quy \u0111\u1ecbnh quy \u0111\u1ecbnh, vi\u1ec7c nh\u1eadn \u0111\u01b0\u1ee3c s\u1ef1 \u0111\u1ed3ng \u00fd c\u1ee7a ng\u01b0\u1eddi \u0111\u00f3 s\u1ebd c\u1ea3n tr\u1edf vi\u1ec7c th\u1ef1c hi\u1ec7n c\u00e1c c\u00f4ng vi\u1ec7c \u0111\u00f3. nguy c\u01a1 g\u1eafng s\u1ee9c<\/span><\/li>\n<li style=\"font-weight: 400;\"><span style=\"font-weight: 400;\">Khi c\u00e1c v\u1ea5n \u0111\u1ec1 sau \u0111\u01b0\u1ee3c th\u00f4ng b\u00e1o ho\u1eb7c th\u00f4ng b\u00e1o tr\u01b0\u1edbc v\u00e0 C\u00f4ng ty th\u00f4ng b\u00e1o cho \u1ee6y ban B\u1ea3o v\u1ec7 Th\u00f4ng tin C\u00e1 nh\u00e2n<\/span>\n<ol>\n<li style=\"font-weight: 400;\"><span style=\"font-weight: 400;\">Bao g\u1ed3m cung c\u1ea5p cho b\u00ean th\u1ee9 ba trong m\u1ee5c \u0111\u00edch s\u1eed d\u1ee5ng<\/span><\/li>\n<li style=\"font-weight: 400;\"><span style=\"font-weight: 400;\">C\u00e1c m\u1ee5c d\u1eef li\u1ec7u \u0111\u01b0\u1ee3c cung c\u1ea5p cho b\u00ean th\u1ee9 ba<\/span><\/li>\n<li style=\"font-weight: 400;\"><span style=\"font-weight: 400;\">Ph\u01b0\u01a1ng ti\u1ec7n ho\u1eb7c ph\u01b0\u01a1ng th\u1ee9c cung c\u1ea5p cho b\u00ean th\u1ee9 ba<\/span><\/li>\n<li style=\"font-weight: 400;\"><span style=\"font-weight: 400;\">Ng\u1eebng cung c\u1ea5p th\u00f4ng tin c\u00e1 nh\u00e2n cho b\u00ean th\u1ee9 ba theo y\u00eau c\u1ea7u c\u1ee7a ng\u01b0\u1eddi \u0111\u00f3<\/span><\/li>\n<li style=\"font-weight: 400;\"><span style=\"font-weight: 400;\">L\u00e0m th\u1ebf n\u00e0o \u0111\u1ec3 ch\u1ea5p nh\u1eadn y\u00eau c\u1ea7u c\u1ee7a ng\u01b0\u1eddi \u0111\u00f3<\/span><\/li>\n<\/ol>\n<\/li>\n<\/ol>\n<\/li>\n<li style=\"font-weight: 400;\"><span style=\"font-weight: 400;\">B\u1ea5t ch\u1ea5p c\u00e1c quy \u0111\u1ecbnh c\u1ee7a kho\u1ea3n tr\u00ean, trong c\u00e1c tr\u01b0\u1eddng h\u1ee3p sau, th\u00f4ng tin \u0111\u01b0\u1ee3c cung c\u1ea5p cho b\u00ean th\u1ee9 ba.<\/span>\n<ol>\n<li style=\"font-weight: 400;\"><span style=\"font-weight: 400;\">Khi ch\u00fang t\u00f4i thu\u00ea ngo\u00e0i to\u00e0n b\u1ed9 ho\u1eb7c m\u1ed9t ph\u1ea7n vi\u1ec7c x\u1eed l\u00fd th\u00f4ng tin c\u00e1 nh\u00e2n trong ph\u1ea1m vi c\u1ea7n thi\u1ebft \u0111\u1ec3 \u0111\u1ea1t \u0111\u01b0\u1ee3c m\u1ee5c \u0111\u00edch s\u1eed d\u1ee5ng<\/span><\/li>\n<li style=\"font-weight: 400;\"><span style=\"font-weight: 400;\">Khi th\u00f4ng tin c\u00e1 nh\u00e2n \u0111\u01b0\u1ee3c cung c\u1ea5p do th\u00e0nh c\u00f4ng trong kinh doanh do s\u00e1p nh\u1eadp ho\u1eb7c c\u00e1c l\u00fd do kh\u00e1c<\/span><\/li>\n<li style=\"font-weight: 400;\"><span style=\"font-weight: 400;\">Khi th\u00f4ng tin c\u00e1 nh\u00e2n \u0111\u01b0\u1ee3c s\u1eed d\u1ee5ng chung v\u1edbi m\u1ed9t ng\u01b0\u1eddi c\u1ee5 th\u1ec3, th\u1ef1c t\u1ebf, c\u00e1c m\u1ee5c c\u1ee7a th\u00f4ng tin c\u00e1 nh\u00e2n \u0111\u01b0\u1ee3c s\u1eed d\u1ee5ng chung, ph\u1ea1m vi nh\u1eefng ng\u01b0\u1eddi c\u00f9ng s\u1eed d\u1ee5ng n\u00f3, m\u1ee5c \u0111\u00edch s\u1eed d\u1ee5ng c\u1ee7a ng\u01b0\u1eddi s\u1eed d\u1ee5ng n\u00f3, v\u00e0 khi t\u00ean ho\u1eb7c t\u00ean c\u1ee7a ng\u01b0\u1eddi ch\u1ecbu tr\u00e1ch nhi\u1ec7m qu\u1ea3n l\u00fd th\u00f4ng tin c\u00e1 nh\u00e2n \u0111\u01b0\u1ee3c th\u00f4ng b\u00e1o tr\u01b0\u1edbc cho ng\u01b0\u1eddi \u0111\u00f3 ho\u1eb7c \u0111\u01b0\u1ee3c \u0111\u1eb7t \u1edf tr\u1ea1ng th\u00e1i m\u00e0 ng\u01b0\u1eddi \u0111\u00f3 c\u00f3 th\u1ec3 d\u1ec5 d\u00e0ng bi\u1ebft \u0111\u01b0\u1ee3c.<\/span><\/li>\n<\/ol>\n<\/li>\n<\/ol>\n<h2><b>\u0110i\u1ec1u 6 (Ti\u1ebft l\u1ed9 th\u00f4ng tin c\u00e1 nh\u00e2n)<\/b><\/h2>\n<ol>\n<li style=\"font-weight: 400;\"><span style=\"font-weight: 400;\">Khi \u0111\u01b0\u1ee3c ng\u01b0\u1eddi \u0111\u00f3 y\u00eau c\u1ea7u ti\u1ebft l\u1ed9 th\u00f4ng tin c\u00e1 nh\u00e2n, ch\u00fang t\u00f4i s\u1ebd ti\u1ebft l\u1ed9 cho ng\u01b0\u1eddi \u0111\u00f3 ngay l\u1eadp t\u1ee9c. Tuy nhi\u00ean, n\u1ebfu vi\u1ec7c ti\u1ebft l\u1ed9 thu\u1ed9c b\u1ea5t k\u1ef3 \u0111i\u1ec1u n\u00e0o sau \u0111\u00e2y, ch\u00fang t\u00f4i kh\u00f4ng th\u1ec3 ti\u1ebft l\u1ed9 to\u00e0n b\u1ed9 ho\u1eb7c m\u1ed9t ph\u1ea7n c\u1ee7a n\u00f3 v\u00e0 n\u1ebfu ch\u00fang t\u00f4i quy\u1ebft \u0111\u1ecbnh kh\u00f4ng ti\u1ebft l\u1ed9, ch\u00fang t\u00f4i s\u1ebd th\u00f4ng b\u00e1o cho b\u1ea1n v\u1ec1 \u0111i\u1ec1u \u0111\u00f3 ngay l\u1eadp t\u1ee9c. M\u1ed9t kho\u1ea3n ph\u00ed 1.000 y\u00ean s\u1ebd \u0111\u01b0\u1ee3c t\u00ednh cho m\u1ed7i l\u1ea7n ti\u1ebft l\u1ed9 th\u00f4ng tin c\u00e1 nh\u00e2n.<\/span>\n<ol>\n<li style=\"font-weight: 400;\"><span style=\"font-weight: 400;\">Khi c\u00f3 nguy c\u01a1 x\u00e2m h\u1ea1i \u0111\u1ebfn t\u00ednh m\u1ea1ng, th\u00e2n th\u1ec3, t\u00e0i s\u1ea3n ho\u1eb7c quy\u1ec1n, l\u1ee3i \u00edch kh\u00e1c c\u1ee7a ng\u01b0\u1eddi \u0111\u00f3 ho\u1eb7c b\u00ean th\u1ee9 ba<\/span><\/li>\n<li style=\"font-weight: 400;\"><span style=\"font-weight: 400;\">Khi c\u00f3 nguy c\u01a1 c\u1ea3n tr\u1edf \u0111\u00e1ng k\u1ec3 \u0111\u1ebfn vi\u1ec7c th\u1ef1c hi\u1ec7n \u0111\u00fang c\u00f4ng vi\u1ec7c kinh doanh c\u1ee7a ch\u00fang ta<\/span><\/li>\n<li style=\"font-weight: 400;\"><span style=\"font-weight: 400;\">Khi n\u00f3 vi ph\u1ea1m c\u00e1c lu\u1eadt v\u00e0 quy \u0111\u1ecbnh kh\u00e1c<\/span><\/li>\n<\/ol>\n<\/li>\n<li style=\"font-weight: 400;\"><span style=\"font-weight: 400;\">B\u1ea5t ch\u1ea5p c\u00e1c quy \u0111\u1ecbnh c\u1ee7a kho\u1ea3n tr\u00ean, v\u1ec1 nguy\u00ean t\u1eafc, ch\u00fang t\u00f4i s\u1ebd kh\u00f4ng ti\u1ebft l\u1ed9 th\u00f4ng tin ngo\u00e0i th\u00f4ng tin c\u00e1 nh\u00e2n nh\u01b0 th\u00f4ng tin l\u1ecbch s\u1eed v\u00e0 th\u00f4ng tin \u0111\u1eb7c tr\u01b0ng.<\/span><\/li>\n<\/ol>\n<h2><b>\u0110i\u1ec1u 7 (S\u1eeda v\u00e0 x\u00f3a th\u00f4ng tin c\u00e1 nh\u00e2n)<\/b><\/h2>\n<ol>\n<li style=\"font-weight: 400;\"><span style=\"font-weight: 400;\">N\u1ebfu th\u00f4ng tin c\u00e1 nh\u00e2n c\u1ee7a ng\u01b0\u1eddi d\u00f9ng do C\u00f4ng ty n\u1eafm gi\u1eef l\u00e0 kh\u00f4ng ch\u00ednh x\u00e1c, ng\u01b0\u1eddi d\u00f9ng ph\u1ea3i ch\u1ec9nh s\u1eeda, th\u00eam ho\u1eb7c x\u00f3a th\u00f4ng tin c\u00e1 nh\u00e2n cho C\u00f4ng ty theo quy tr\u00ecnh do C\u00f4ng ty thi\u1ebft l\u1eadp (sau \u0111\u00e2y g\u1ecdi l\u00e0 &quot;s\u1eeda ch\u1eefa, v.v.&quot;). C\u00f3 th\u1ec3 t\u00ednh ph\u00ed.<\/span><\/li>\n<li style=\"font-weight: 400;\"><span style=\"font-weight: 400;\">N\u1ebfu ch\u00fang t\u00f4i nh\u1eadn \u0111\u01b0\u1ee3c y\u00eau c\u1ea7u n\u00eau trong \u0111o\u1ea1n tr\u01b0\u1edbc t\u1eeb ng\u01b0\u1eddi d\u00f9ng v\u00e0 x\u00e1c \u0111\u1ecbnh r\u1eb1ng c\u1ea7n ph\u1ea3i ph\u1ea3n h\u1ed3i y\u00eau c\u1ea7u, ch\u00fang t\u00f4i s\u1ebd s\u1eeda th\u00f4ng tin c\u00e1 nh\u00e2n, v.v. ngay l\u1eadp t\u1ee9c.<\/span><\/li>\n<li style=\"font-weight: 400;\"><span style=\"font-weight: 400;\">C\u00f4ng ty s\u1ebd th\u00f4ng b\u00e1o cho ng\u01b0\u1eddi d\u00f9ng ngay l\u1eadp t\u1ee9c khi h\u1ecd th\u1ef1c hi\u1ec7n s\u1eeda ch\u1eefa, v.v. d\u1ef1a tr\u00ean c\u00e1c quy \u0111\u1ecbnh c\u1ee7a \u0111o\u1ea1n tr\u00ean, ho\u1eb7c khi C\u00f4ng ty quy\u1ebft \u0111\u1ecbnh kh\u00f4ng s\u1eeda ch\u1eefa, v.v.<\/span><\/li>\n<\/ol>\n<h2><b>\u0110i\u1ec1u 8 (\u0111\u00ecnh ch\u1ec9 s\u1eed d\u1ee5ng th\u00f4ng tin c\u00e1 nh\u00e2n, v.v.)<\/b><\/h2>\n<ol>\n<li style=\"font-weight: 400;\"><span style=\"font-weight: 400;\">C\u00f4ng ty \u0111\u00ecnh ch\u1ec9 ho\u1eb7c x\u00f3a vi\u1ec7c s\u1eed d\u1ee5ng th\u00f4ng tin c\u00e1 nh\u00e2n c\u1ee7a m\u1ed9t ng\u01b0\u1eddi v\u00ec th\u00f4ng tin c\u00e1 nh\u00e2n \u0111\u01b0\u1ee3c x\u1eed l\u00fd v\u01b0\u1ee3t qu\u00e1 ph\u1ea1m vi c\u1ee7a m\u1ee5c \u0111\u00edch s\u1eed d\u1ee5ng ho\u1eb7c do th\u00f4ng tin \u0111\u00f3 \u0111\u01b0\u1ee3c l\u1ea5y b\u1eb1ng c\u00e1c ph\u01b0\u01a1ng ti\u1ec7n gian l\u1eadn (sau \u0111\u00e2y g\u1ecdi l\u00e0 &quot;s\u1eed d\u1ee5ng&quot;. N\u1ebfu b\u1ea1n \u0111\u01b0\u1ee3c y\u00eau c\u1ea7u d\u1eebng, v.v. .), ch\u00fang t\u00f4i s\u1ebd th\u1ef1c hi\u1ec7n cu\u1ed9c \u0111i\u1ec1u tra c\u1ea7n thi\u1ebft m\u00e0 kh\u00f4ng ch\u1eadm tr\u1ec5.<\/span><\/li>\n<li style=\"font-weight: 400;\"><span style=\"font-weight: 400;\">N\u1ebfu ch\u00fang t\u00f4i x\u00e1c \u0111\u1ecbnh r\u1eb1ng c\u1ea7n ph\u1ea3i tr\u1ea3 l\u1eddi y\u00eau c\u1ea7u d\u1ef1a tr\u00ean k\u1ebft qu\u1ea3 kh\u1ea3o s\u00e1t \u1edf \u0111o\u1ea1n tr\u00ean, ch\u00fang t\u00f4i s\u1ebd t\u1ea1m ng\u1eebng s\u1eed d\u1ee5ng th\u00f4ng tin c\u00e1 nh\u00e2n ngay l\u1eadp t\u1ee9c.<\/span><\/li>\n<li style=\"font-weight: 400;\"><span style=\"font-weight: 400;\">N\u1ebfu ch\u00fang t\u00f4i t\u1ea1m ng\u1eebng s\u1eed d\u1ee5ng, v.v ... d\u1ef1a tr\u00ean c\u00e1c quy \u0111\u1ecbnh c\u1ee7a \u0111o\u1ea1n tr\u00ean, ho\u1eb7c n\u1ebfu ch\u00fang t\u00f4i quy\u1ebft \u0111\u1ecbnh kh\u00f4ng t\u1ea1m ng\u1eebng s\u1eed d\u1ee5ng, ch\u00fang t\u00f4i s\u1ebd th\u00f4ng b\u00e1o cho ng\u01b0\u1eddi d\u00f9ng ngay l\u1eadp t\u1ee9c.<\/span><\/li>\n<li style=\"font-weight: 400;\"><span style=\"font-weight: 400;\">Kh\u00f4ng ph\u1ee5 thu\u1ed9c v\u00e0o hai kho\u1ea3n tr\u00ean, n\u1ebfu b\u1ea1n c\u00f3 m\u1ed9t kho\u1ea3n chi ph\u00ed l\u1edbn cho vi\u1ec7c t\u1ea1m ng\u1eebng s\u1eed d\u1ee5ng, v.v. ho\u1eb7c n\u1ebfu vi\u1ec7c t\u1ea1m ng\u1eebng s\u1eed d\u1ee5ng g\u1eb7p kh\u00f3 kh\u0103n, v.v., b\u1ea1n c\u00f3 th\u1ec3 th\u1ef1c hi\u1ec7n c\u00e1c bi\u1ec7n ph\u00e1p thay th\u1ebf c\u1ea7n thi\u1ebft \u0111\u1ec3 b\u1ea3o v\u1ec7 quy\u1ec1n v\u00e0 l\u1ee3i \u00edch c\u1ee7a ng\u01b0\u1eddi d\u00f9ng N\u1ebfu v\u1eady, ph\u01b0\u01a1ng \u00e1n thay th\u1ebf n\u00e0y s\u1ebd \u0111\u01b0\u1ee3c th\u1ef1c hi\u1ec7n.<\/span><\/li>\n<\/ol>\n<h2><b>\u0110i\u1ec1u 9 (Thay \u0111\u1ed5i ch\u00ednh s\u00e1ch b\u1ea3o m\u1eadt)<\/b><\/h2>\n<ol>\n<li style=\"font-weight: 400;\"><span style=\"font-weight: 400;\">N\u1ed9i dung c\u1ee7a ch\u00ednh s\u00e1ch n\u00e0y c\u00f3 th\u1ec3 \u0111\u01b0\u1ee3c thay \u0111\u1ed5i m\u00e0 kh\u00f4ng c\u1ea7n th\u00f4ng b\u00e1o cho ng\u01b0\u1eddi d\u00f9ng, ngo\u1ea1i tr\u1eeb c\u00e1c lu\u1eadt v\u00e0 quy \u0111\u1ecbnh v\u00e0 c\u00e1c v\u1ea5n \u0111\u1ec1 kh\u00e1c \u0111\u01b0\u1ee3c quy \u0111\u1ecbnh kh\u00e1c trong ch\u00ednh s\u00e1ch n\u00e0y.<\/span><\/li>\n<li style=\"font-weight: 400;\"><span style=\"font-weight: 400;\">Tr\u1eeb khi \u0111\u01b0\u1ee3c C\u00f4ng ty quy \u0111\u1ecbnh kh\u00e1c, ch\u00ednh s\u00e1ch b\u1ea3o m\u1eadt \u0111\u01b0\u1ee3c thay \u0111\u1ed5i s\u1ebd c\u00f3 hi\u1ec7u l\u1ef1c k\u1ec3 t\u1eeb khi \u0111\u01b0\u1ee3c \u0111\u0103ng tr\u00ean trang web n\u00e0y.<\/span><\/li>\n<\/ol>\n<h2><b>\u0110i\u1ec1u 10 (C\u1eeda s\u1ed5 h\u1ecfi \u0111\u00e1p)<\/b><\/h2>\n<p><span style=\"font-weight: 400;\">M\u1ecdi th\u1eafc m\u1eafc li\u00ean quan \u0111\u1ebfn ch\u00ednh s\u00e1ch n\u00e0y, vui l\u00f2ng li\u00ean h\u1ec7 theo \u0111\u1ecba ch\u1ec9 sau.<\/span><\/p>\n<p><span style=\"font-weight: 400;\">T\u00ean c\u00f4ng ty: C\u00d4NG TY TNHH SUZUKI PROPERTY VI\u1ec6T NAM<\/span><\/p>\n<p><span style=\"font-weight: 400;\">\u0110\u1ecba ch\u1ec9: 21 Nguy\u1ec5n Trung Ng\u1ea1n, Qu\u1eadn 1, Th\u00e0nh ph\u1ed1 H\u1ed3 Ch\u00ed Minh, Vi\u1ec7t Nam<\/span><\/p>\n<p><span style=\"font-weight: 400;\">\u0110\u1ecba ch\u1ec9 email: info@asia-prop.com<\/span><\/p>\n<p><br><br><\/p>","protected":false},"excerpt":{"rendered":"","protected":false},"author":1,"featured_media":0,"parent":0,"menu_order":0,"comment_status":"closed","ping_status":"closed","template":"","meta":{"_mi_skip_tracking":false,"_exactmetrics_sitenote_active":false,"_exactmetrics_sitenote_note":"","_exactmetrics_sitenote_category":0},"aioseo_notices":[],"_links":{"self":[{"href":"https:\/\/asia-prop.com\/vi\/wp-json\/wp\/v2\/pages\/78208"}],"collection":[{"href":"https:\/\/asia-prop.com\/vi\/wp-json\/wp\/v2\/pages"}],"about":[{"href":"https:\/\/asia-prop.com\/vi\/wp-json\/wp\/v2\/types\/page"}],"author":[{"embeddable":true,"href":"https:\/\/asia-prop.com\/vi\/wp-json\/wp\/v2\/users\/1"}],"replies":[{"embeddable":true,"href":"https:\/\/asia-prop.com\/vi\/wp-json\/wp\/v2\/comments?post=78208"}],"version-history":[{"count":4,"href":"https:\/\/asia-prop.com\/vi\/wp-json\/wp\/v2\/pages\/78208\/revisions"}],"predecessor-version":[{"id":126169,"href":"https:\/\/asia-prop.com\/vi\/wp-json\/wp\/v2\/pages\/78208\/revisions\/126169"}],"wp:attachment":[{"href":"https:\/\/asia-prop.com\/vi\/wp-json\/wp\/v2\/media?parent=78208"}],"curies":[{"name":"wp","href":"https:\/\/api.w.org\/{rel}","templated":true}]}}