{"id":73309,"date":"2020-05-17T17:34:45","date_gmt":"2020-05-17T08:34:45","guid":{"rendered":"https:\/\/asia-prop.com\/?page_id=73309"},"modified":"2024-09-25T19:20:27","modified_gmt":"2024-09-25T10:20:27","slug":"information","status":"publish","type":"page","link":"https:\/\/asia-prop.com\/vi\/information\/","title":{"rendered":"B\u1ea3n \u0111\u1ed3 Th\u00e0nh ph\u1ed1 H\u1ed3 Ch\u00ed Minh, Vi\u1ec7t Nam | B\u1ea3n \u0111\u1ed3 b\u1ea5t \u0111\u1ed9ng s\u1ea3n v\u00e0 nh\u00e0 chung c\u01b0"},"content":{"rendered":"<h2>B\u1ea3n \u0111\u1ed3 Th\u00e0nh ph\u1ed1 H\u1ed3 Ch\u00ed Minh, Vi\u1ec7t Nam | B\u1ea3n \u0111\u1ed3 b\u1ea5t \u0111\u1ed9ng s\u1ea3n v\u00e0 nh\u00e0 chung c\u01b0<\/h2>\n\n\n\n<p>Gi\u1edbi thi\u1ec7u th\u00f4ng tin b\u1ea3n \u0111\u1ed3 th\u00e0nh ph\u1ed1 H\u1ed3 Ch\u00ed Minh, Vi\u1ec7t Nam.<\/p>\n\n\n\n<p>Nh\u1eefng th\u00f4ng tin v\u1ec1 \u0111i\u1ec3m du l\u1ecbch, kh\u00e1ch s\u1ea1n, b\u1ea5t \u0111\u1ed9ng s\u1ea3n, chung c\u01b0 \u0111\u01b0\u1ee3c ch\u00fang t\u00f4i \u0111\u0103ng t\u1ea3i mong r\u1eb1ng s\u1ebd l\u00e0 th\u00f4ng tin h\u1eefu \u00edch cho m\u1ecdi ng\u01b0\u1eddi khi \u0111\u1ebfn th\u0103m th\u00e0nh ph\u1ed1 H\u1ed3 Ch\u00ed Minh. \u1ee8ng d\u1ee5ng \u0111\u00e3 \u0111\u01b0\u1ee3c t\u1ea1o v\u00e0 \u0111\u0103ng cho nh\u1eefng ng\u01b0\u1eddi sau \u0111\u00e2y.<\/p>\n\n\n\n<ul>\n<li>Du kh\u00e1ch l\u1ea7n \u0111\u1ea7u \u0111\u1ebfn th\u00e0nh ph\u1ed1 H\u1ed3 Ch\u00ed Minh<\/li>\n\n\n\n<li>Nh\u1eefng ng\u01b0\u1eddi m\u1edbi \u0111\u1ebfn H\u1ed3 Ch\u00ed Minh v\u00e0 m\u1edbi v\u00e0o \u0111\u1eddi<\/li>\n\n\n\n<li>Nh\u1eefng ai \u0111ang t\u00ecm ki\u1ebfm m\u1ed9t c\u0103n h\u1ed9 chung c\u01b0 v\u00e0 \u0111ang c\u00e2n nh\u1eafc n\u01a1i \u1edf<\/li>\n<\/ul>\n\n\n\n<a href=\"https:\/\/asia-prop.com\/vi\/apartment-map\/\" style=\"color:blue;\" target=\"blank\" rel=\"noopener noreferrer\">B\u1ea5m v\u00e0o \u0111\u00e2y \u0111\u1ec3 xem b\u1ea3n \u0111\u1ed3 chung c\u01b0 (to\u00e0n m\u00e0n h\u00ecnh)<\/a>\n<br>\n\n\n\n<a href=\"https:\/\/asia-prop.com\/vi\/column\/property\/office-for-rent\/\" style=\"color:blue;\" target=\"blank\" rel=\"noopener noreferrer\">B\u1ea5m v\u00e0o \u0111\u00e2y \u0111\u1ec3 xem trang (b\u1ea3n \u0111\u1ed3 v\u0103n ph\u00f2ng) c\u1ee7a c\u00e1c v\u0103n ph\u00f2ng cho thu\u00ea<\/a>\n<br>\n\n\n\n<p>* Nh\u1ea5p v\u00e0o d\u1ea5u \u0111\u1ec3 m\u1edf trang li\u00ean quan.<\/p>\n\n\n\n<style type=\"text\/css\" id=\"umsMapStyles_33_49568\">\r\n\t#ultimate_maps_33_49568 {\r\n        width: 100%;\r\n        height: 600px;\r\n\t        border: 0px solid ;\r\n        margin: 0px;\r\n    }\r\n\t#mapsControlsNum_33_49568 {\r\n\t\twidth:100%\t}\r\n\t.umsMapDetailsContainer#umsMapDetailsContainer_33_49568 {\r\n\t\theight:600px;\r\n\t}\r\n\t.ums_MapPreview#ultimate_maps_33_49568 {\r\n\t\t\/*position:absolute;*\/\r\n\t\twidth:100%;\r\n\t}\r\n\t#mapConElem_33_49568{\r\n\t\twidth:100%\t}\r\n\t<\/style>\r\n<div class=\"ums_map_opts\" id=\"mapConElem_33_49568\" data-id=\"33\" data-view-id=\"33_49568\" > <div class=\"umsMapDetailsContainer\" id=\"umsMapDetailsContainer_33_49568\"> <i class=\"umsKMLLayersPreloader fa fa-spinner fa-spin\" aria-hidden=\"true\" style=\"display: none;\"><\/i> <div class=\"ums_MapPreview\" id=\"ultimate_maps_33_49568\"><\/div> <\/div> <div class=\"umsMapMarkerFilters\" id=\"umsMapMarkerFilters_33_49568\"> <\/div> <div class=\"umsMapProControlsCon\" id=\"umsMapProControlsCon_33_49568\"> <\/div> <div class=\"umsMapProDirectionsCon\" id=\"umsMapProDirectionsCon_33_49568\" > <\/div> <div class=\"umsMapProKmlFilterCon\" id=\"umsMapProKmlFilterCon_33_49568\" > <\/div> <div class=\"umsSocialSharingShell umsSocialSharingShell_33_49568\"> <\/div> <div style=\"clear: both;\"><\/div> <\/div> \n\n\n\n<p><span style=\"font-size: 14pt;\"><strong><span style=\"color: #ff0000;\">C\u1edd \u0111\u1ecf Th\u00e0nh ph\u1ed1 H\u1ed3 Ch\u00ed Minh Suzuki B\u1ea5t \u0111\u1ed9ng s\u1ea3n<\/span><\/strong><\/span><\/p>\n<p><strong><span style=\"color: #ff0000;\">\u0110\u1ecf ... Kh\u00e1ch s\u1ea1n<\/span><\/strong><\/p>\n<p><strong><span style=\"color: #800080;\">T\u00edm \u30fb \u30fb Quan h\u1ec7 h\u00e0nh ch\u00ednh \/ s\u00e2n bay<\/span><\/strong><\/p>\n<p><strong><span style=\"color: #00ff00;\">M\u00e0u xanh: nh\u00e0 h\u00e0ng v\u00e0 trung t\u00e2m mua s\u1eafm<\/span><\/strong><\/p>\n<p><strong><span style=\"color: #0000ff;\">Xanh \u30fb Tham quan<\/span><\/strong><\/p>\n\n\n\n<div style=\"height:100px\" aria-hidden=\"true\" class=\"wp-block-spacer\"><\/div>\n\n\n\n<h2>T\u00ecm B\u1ea5t \u0111\u1ed9ng s\u1ea3n \/ C\u0103n h\u1ed9 t\u1ea1i H\u1ed3 Ch\u00ed Minh<\/h2>\n\n\n\n<p>T\u00f4i ngh\u0129 r\u1eb1ng c\u00f3 r\u1ea5t nhi\u1ec1u ng\u01b0\u1eddi \u0111ang s\u1ed1ng \u1edf Nh\u1eadt B\u1ea3n \u0111\u1ed9t nhi\u00ean chuy\u1ec3n ra n\u01b0\u1edbc ngo\u00e0i ho\u1eb7c chuy\u1ec3n \u0111\u1ebfn Vi\u1ec7t Nam. Tr\u01b0\u1edbc khi t\u00ecm ki\u1ebfm m\u1ed9t n\u01a1i \u1edf ho\u1eb7c m\u1ed9t c\u0103n h\u1ed9, \u0111i\u1ec1u quan tr\u1ecdng l\u00e0 ph\u1ea3i hi\u1ec3u H\u1ed3 Ch\u00ed Minh l\u00e0 nh\u01b0 th\u1ebf n\u00e0o. Ngo\u00e0i ra, \u0111\u1ed1i v\u1edbi nh\u1eefng ai \u0111ang c\u00f3 \u00fd \u0111\u1ecbnh \u0111\u1ea7u t\u01b0 ho\u1eb7c mua nh\u00e0 \u0111\u1ea5t t\u1ea1i TP.HCM, nh\u1eefng ng\u01b0\u1eddi \u0111\u00e3 c\u00f3 b\u1ea5t \u0111\u1ed9ng s\u1ea3n v\u00e0 \u0111ang t\u00ednh b\u00e1n l\u1ea1i th\u00ec vi\u1ec7c t\u00ecm hi\u1ec3u \u0111\u1ea7y \u0111\u1ee7 nh\u1eefng ki\u1ebfn th\u1ee9c v\u1ec1 \u0111\u1ea5t n\u1ec1n TP.HCM l\u00e0 r\u1ea5t quan tr\u1ecdng.<\/p>\n\n\n\n<p>Th\u00e0nh ph\u1ed1 H\u1ed3 Ch\u00ed Minh c\u00f3 d\u00e2n s\u1ed1 10 tri\u1ec7u ng\u01b0\u1eddi v\u00e0 \u0111ang trong qu\u00e1 tr\u00ecnh ph\u00e1t tri\u1ec3n \u0111\u00f4 th\u1ecb h\u00e0ng n\u0103m. Suzuki Real Estate gi\u1edbi thi\u1ec7u c\u00e1c b\u1ea5t \u0111\u1ed9ng s\u1ea3n cho thu\u00ea \u0111\u00e1p \u1ee9ng nhu c\u1ea7u c\u1ee7a qu\u00fd kh\u00e1ch h\u00e0ng. Ch\u00fang t\u00f4i \u0111\u01b0a ra m\u1ed9t lo\u1ea1t c\u00e1c \u0111\u1ec1 xu\u1ea5t, t\u1eeb 500 USD \u0111\u1ebfn h\u01a1n 2000 USD. Ngo\u00e0i ra, \u0111\u1ed1i v\u1edbi nh\u1eefng ai \u0111ang c\u00f3 \u00fd \u0111\u1ecbnh \u0111\u1ea7u t\u01b0 b\u1ea5t \u0111\u1ed9ng s\u1ea3n, ch\u00fang t\u00f4i s\u1ebd gi\u1edbi thi\u1ec7u v\u00e0 \u0111\u1ec1 xu\u1ea5t l\u00fd do t\u1ea1i sao v\u1ecb tr\u00ed \u0111\u1eb9p (t\u1ea1i sao d\u1ef1 \u00e1n kh\u00f4ng t\u1ed1t) v\u00e0 t\u1eadn d\u1ee5ng th\u1ebf m\u1ea1nh c\u00f3 c\u01a1 s\u1edf t\u1ea1i TP.HCM.<\/p>\n\n\n\n<div class=\"call-to-action\">\n<p><span style=\"color: #000000;\"><span class=\"cta1\">Gi\u1edbi thi\u1ec7u v\u1ec1 b\u1ea5t \u0111\u1ed9ng s\u1ea3n Suzuki H\u1ed3 Ch\u00ed Minh<\/span><\/span><\/p>\n<\/div>\n<p>Ch\u00fang t\u00f4i h\u1ed7 tr\u1ee3 kh\u00e1ch h\u00e0ng Nh\u1eadt B\u1ea3n mua v\u00e0 thu\u00ea b\u1ea5t \u0111\u1ed9ng s\u1ea3n (c\u0103n h\u1ed9, c\u0103n h\u1ed9 d\u1ecbch v\u1ee5, v\u0103n ph\u00f2ng, \u0111\u1ea5t kinh doanh) t\u1ea1i H\u1ed3 Ch\u00ed Minh. Ngo\u00e0i ra, th\u00f4ng qua Internet, ch\u00fang t\u00f4i cung c\u1ea5p th\u00f4ng tin \u0111\u1ed9c \u0111\u00e1o c\u1ee7a H\u1ed3 Ch\u00ed Minh v\u00e0 th\u00f4ng tin m\u1edbi nh\u1ea5t v\u1ec1 Vi\u1ec7t Nam.<\/p>\n<p>N\u1ebfu b\u1ea1n c\u00f3 b\u1ea5t k\u1ef3 c\u00e2u h\u1ecfi ho\u1eb7c y\u00eau c\u1ea7u li\u00ean quan \u0111\u1ebfn th\u00f4ng tin nh\u00e0 chung c\u01b0 v\u00e0 th\u00f4ng tin b\u1ea5t \u0111\u1ed9ng s\u1ea3n, c\u0169ng nh\u01b0 th\u00f4ng tin \u0111\u1ecba ph\u01b0\u01a1ng v\u1ec1 Th\u00e0nh ph\u1ed1 H\u1ed3 Ch\u00ed Minh, xin vui l\u00f2ng li\u00ean h\u1ec7 v\u1edbi ch\u00fang t\u00f4i.<\/p>\n\n\n\n<div style=\"height:10px\" aria-hidden=\"true\" class=\"wp-block-spacer\"><\/div>\n\n\n\n<div style=\"height:5px\" aria-hidden=\"true\" class=\"wp-block-spacer\"><\/div>\n\n\n\n<div class=\"is-content-justification-center is-layout-flex wp-container-1 wp-block-buttons\">\n<div class=\"wp-block-button\"><a class=\"wp-block-button__link has-background wp-element-button\" href=\"https:\/\/asia-prop.com\/vi\/contact\/\" style=\"border-radius:10px;background-color:#ffa41c\">H\u1ecfi \u0111\u00e1p v\u1ec1 C\u0103n h\u1ed9 cho thu\u00ea (mi\u1ec5n ph\u00ed)<\/a><\/div>\n<\/div>\n\n\n\n<div style=\"height:35px\" aria-hidden=\"true\" class=\"wp-block-spacer\"><\/div>\n\n\n\n<div style=\"height:0px\" aria-hidden=\"true\" class=\"wp-block-spacer\"><\/div>\n\n\n\n<p><\/p>","protected":false},"excerpt":{"rendered":"<p>B\u1ea3n \u0111\u1ed3 H\u1ed3 Ch\u00ed Minh, Vi\u1ec7t Nam | B\u1ea3n \u0111\u1ed3 b\u1ea5t \u0111\u1ed9ng s\u1ea3n v\u00e0 chung c\u01b0 Gi\u1edbi thi\u1ec7u th\u00f4ng tin b\u1ea3n \u0111\u1ed3 H\u1ed3 Ch\u00ed Minh, Vi\u1ec7t Nam. Ch\u00fang t\u00f4i \u0111\u0103ng th\u00f4ng tin v\u1ec1 c\u00e1c \u0111i\u1ec3m du l\u1ecbch, kh\u00e1ch s\u1ea1n, b\u1ea5t \u0111\u1ed9ng s\u1ea3n v\u00e0 chung c\u01b0 v\u00e0 ch\u00fang t\u00f4i hy v\u1ecdng th\u00f4ng tin n\u00e0y s\u1ebd h\u1eefu \u00edch cho m\u1ecdi ng\u01b0\u1eddi khi \u0111\u1ebfn th\u0103m H\u1ed3 Ch\u00ed Minh...<\/p>","protected":false},"author":1,"featured_media":0,"parent":0,"menu_order":0,"comment_status":"closed","ping_status":"closed","template":"templates\/full-width.php","meta":{"_mi_skip_tracking":false,"_exactmetrics_sitenote_active":false,"_exactmetrics_sitenote_note":"","_exactmetrics_sitenote_category":0},"aioseo_notices":[],"_links":{"self":[{"href":"https:\/\/asia-prop.com\/vi\/wp-json\/wp\/v2\/pages\/73309"}],"collection":[{"href":"https:\/\/asia-prop.com\/vi\/wp-json\/wp\/v2\/pages"}],"about":[{"href":"https:\/\/asia-prop.com\/vi\/wp-json\/wp\/v2\/types\/page"}],"author":[{"embeddable":true,"href":"https:\/\/asia-prop.com\/vi\/wp-json\/wp\/v2\/users\/1"}],"replies":[{"embeddable":true,"href":"https:\/\/asia-prop.com\/vi\/wp-json\/wp\/v2\/comments?post=73309"}],"version-history":[{"count":38,"href":"https:\/\/asia-prop.com\/vi\/wp-json\/wp\/v2\/pages\/73309\/revisions"}],"predecessor-version":[{"id":99048,"href":"https:\/\/asia-prop.com\/vi\/wp-json\/wp\/v2\/pages\/73309\/revisions\/99048"}],"wp:attachment":[{"href":"https:\/\/asia-prop.com\/vi\/wp-json\/wp\/v2\/media?parent=73309"}],"curies":[{"name":"wp","href":"https:\/\/api.w.org\/{rel}","templated":true}]}}