{"id":4683,"date":"2023-08-10T23:13:00","date_gmt":"2023-08-10T14:13:00","guid":{"rendered":"http:\/\/inspirythemesdemo.com\/realplaces\/?page_id=137"},"modified":"2025-11-18T18:43:21","modified_gmt":"2025-11-18T09:43:21","slug":"area-info-in-hcm","status":"publish","type":"page","link":"https:\/\/asia-prop.com\/vi\/area-info-in-hcm\/","title":{"rendered":"H\u01b0\u1edbng d\u1eabn th\u00f4ng tin khu v\u1ef1c theo qu\u1eadn c\u1ee7a TP.HCM"},"content":{"rendered":"<p>Gi\u1edbi thi\u1ec7u khu v\u1ef1c xung quanh th\u00e0nh ph\u1ed1 H\u1ed3 Ch\u00ed Minh, Vi\u1ec7t Nam.<br>B\u1ea5m v\u00e0o v\u00f9ng t\u00f4 m\u00e0u tr\u00ean b\u1ea3n \u0111\u1ed3 \u0111\u1ec3 xem \u0111\u00f3 l\u00e0 huy\u1ec7n, t\u1ec9nh n\u00e0o.<br>B\u1ea1n c\u0169ng c\u00f3 th\u1ec3 chuy\u1ec3n sang ch\u1ee5p \u1ea3nh tr\u00ean kh\u00f4ng \u0111\u1ec3 xem t\u00ecnh h\u00ecnh th\u1ef1c t\u1ebf.<br>Ng\u00e0y 9 th\u00e1ng 12 n\u0103m 2020, c\u00e1c qu\u1eadn 2, 9 v\u00e0 qu\u1eadn Th\u1ee7 \u0110\u1ee9c h\u1ee3p nh\u1ea5t th\u00e0nh Th\u00e0nh ph\u1ed1 Th\u1ee7 \u0110\u1ee9c tr\u1ef1c thu\u1ed9c Trung \u01b0\u01a1ng.<\/p>\r\n\r\n\r\n\r\n<p class=\"textc has-text-color\" style=\"color:#0049c3\"><a href=\"https:\/\/asia-prop.com\/vi\/#frommap\" target=\"_blank\" rel=\"noopener\" title=\"\">B\u1ea5m v\u00e0o \u0111\u00e2y \u0111\u1ec3 xem b\u1ea3n \u0111\u1ed3 chi ti\u1ebft Th\u00e0nh ph\u1ed1 H\u1ed3 Ch\u00ed Minh<\/a><\/p>\r\n\r\n\r\n\r\n<div style=\"height:39px\" aria-hidden=\"true\" class=\"wp-block-spacer\"><\/div>\r\n\r\n\r\n\r\n<h2>B\u1ea3n \u0111\u1ed3 qu\u1eadn H\u1ed3 Ch\u00ed Minh<\/h2>\r\n\r\n\r\n<style type=\"text\/css\" id=\"umsMapStyles_51_34888\">\r\n\t#ultimate_maps_51_34888 {\r\n        width: 100%;\r\n        height: 550px;\r\n\t        border: 0px solid ;\r\n        margin: 0px;\r\n    }\r\n\t#mapsControlsNum_51_34888 {\r\n\t\twidth:100%\t}\r\n\t.umsMapDetailsContainer#umsMapDetailsContainer_51_34888 {\r\n\t\theight:550px;\r\n\t}\r\n\t.ums_MapPreview#ultimate_maps_51_34888 {\r\n\t\t\/*position:absolute;*\/\r\n\t\twidth:100%;\r\n\t}\r\n\t#mapConElem_51_34888{\r\n\t\twidth:100%\t}\r\n\t<\/style>\r\n<div class=\"ums_map_opts\" id=\"mapConElem_51_34888\" data-id=\"51\" data-view-id=\"51_34888\" > <div class=\"umsMapDetailsContainer\" id=\"umsMapDetailsContainer_51_34888\"> <i class=\"umsKMLLayersPreloader fa fa-spinner fa-spin\" aria-hidden=\"true\" style=\"display: none;\"><\/i> <div class=\"ums_MapPreview\" id=\"ultimate_maps_51_34888\"><\/div> <\/div> <div class=\"umsMapMarkerFilters\" id=\"umsMapMarkerFilters_51_34888\"> <\/div> <div class=\"umsMapProControlsCon\" id=\"umsMapProControlsCon_51_34888\"> <\/div> <div class=\"umsMapProDirectionsCon\" id=\"umsMapProDirectionsCon_51_34888\" > <\/div> <div class=\"umsMapProKmlFilterCon\" id=\"umsMapProKmlFilterCon_51_34888\" > <\/div> <div class=\"umsSocialSharingShell umsSocialSharingShell_51_34888\"> <\/div> <div style=\"clear: both;\"><\/div> <\/div> \n\r\n\r\n\r\n<div style=\"height:39px\" aria-hidden=\"true\" class=\"wp-block-spacer\"><\/div>\r\n\r\n\r\n\r\n<h2>C\u00e1c qu\u1eadn, huy\u1ec7n \u1edf H\u1ed3 Ch\u00ed Minh, s\u1ef1 kh\u00e1c bi\u1ec7t v\u00e0 \u0111\u1eb7c \u0111i\u1ec3m c\u1ee7a t\u1eebng khu v\u1ef1c<\/h2>\r\n\r\n\r\n\n<table id=\"tablepress-10\" class=\"tablepress tablepress-id-10 table10\">\n<thead>\n<tr class=\"row-1 odd\">\n\t<th class=\"column-1\">&nbsp;<\/th><th class=\"column-2\">h\u00ecnh \u1ea3nh h\u00ecnh \u1ea3nh<\/th><th class=\"column-3\">M\u00f4 t\u1ea3 khu v\u1ef1c<\/th><th class=\"column-4\">T\u1ed5ng quan<\/th><th class=\"column-5\">T\u00e0i s\u1ea3n ph\u1ed5 bi\u1ebfn v\u00e0 m\u1edbi<\/th>\n<\/tr>\n<\/thead>\n<tbody class=\"row-hover\">\n<tr class=\"row-2 even\">\n\t<td class=\"column-1\"><a href=\"https:\/\/asia-prop.com\/vi\/column\/property-city\/district-1-hochiminh-vietnam\/\" class=\"district\" aria-label=\"qu\u1eadn 1\" data-wpel-link=\"internal\">Qu\u1eadn 1<\/a><\/td><td class=\"column-2\"><img title=\"qu\u1eadn 1\"  src=\"https:\/\/asia-prop.com\/wp-content\/uploads\/2020\/07\/district-1.jpg\" alt=\"qu\u1eadn 1\" class=\"alignnone size-full wp-image-78899\" \/><\/td><td class=\"column-3\">Trung t\u00e2m th\u00e0nh ph\u1ed1<br \/>\n<br \/>\nV\u0103n ph\u00f2ng, c\u1eeda h\u00e0ng b\u00e1ch h\u00f3a, nh\u00e0 h\u00e0ng, trung t\u00e2m du l\u1ecbch<br \/>\nC\u00f3 nhi\u1ec1u th\u01b0\u01a1ng hi\u1ec7u n\u01b0\u1edbc ngo\u00e0i v\u00e0 c\u1eeda h\u00e0ng sang tr\u1ecdng<br \/>\nC\u00f3 ph\u1ed1 ng\u01b0\u1eddi Nh\u1eadt &quot;\u0111\u01b0\u1eddng L\u00ea Th\u00e1nh T\u00f4n&quot;<br \/>\nB\u1ec7nh vi\u1ec7n qu\u1ed1c t\u1ebf (Lotus Clinic, Family Medic,..)<br \/>\nNhi\u1ec1u c\u0103n h\u1ed9 d\u1ecbch v\u1ee5<\/td><td class=\"column-4\">1. Thu\u1eadn ti\u1ec7n giao th\u00f4ng: Cao<br \/>\n2. Ti\u1ec7n \u00edch cu\u1ed9c s\u1ed1ng: cao<br \/>\n3. M\u00f4i tr\u01b0\u1eddng xung quanh: trung b\u00ecnh<br \/>\n4. An to\u00e0n: Cao<br \/>\n5. M\u00f4i tr\u01b0\u1eddng nu\u00f4i d\u1ea1y tr\u1ebb: trung b\u00ecnh<br \/>\n6. Chi ph\u00ed nh\u00e0 \u1edf: cao<br \/>\n7. Gi\u00e1: Cao<\/td><td class=\"column-5\"><a class=\"tabletitle\">Chung c\u01b0<\/a><br \/>\n<a href=\"https:\/\/asia-prop.com\/vi\/column\/property-status\/vinhome-gorlden-river\/\" class=\"condo\" aria-label=\"Vinhomes Golden River\" data-wpel-link=\"internal\">Vinhomes Golden River<\/a><br \/>\n<a href=\"https:\/\/asia-prop.com\/vi\/column\/property-status\/marq\/\" class=\"condo\" aria-label=\"Marq\" data-wpel-link=\"internal\">Marq<\/a><br \/>\n<br \/>\n<a class=\"tabletitle\">C\u0103n h\u1ed9 d\u1ecbch v\u1ee5<\/a><br \/>\n<a href=\"https:\/\/asia-prop.com\/vi\/column\/property\/somerset-ho-chi-minh-city-serviced-apartment\/\" class=\"condo\">Somerset Ho Chi Minh<\/a><br \/>\n<a href=\"https:\/\/asia-prop.com\/vi\/column\/property\/somerset-chancellor-court\/\" class=\"condo\">Somerset Chancellor Court<\/a><br \/>\n<a href=\"https:\/\/asia-prop.com\/vi\/column\/property\/intercontinential-saigon\/\" class=\"condo\">Intercontinental S\u00e0i G\u00f2n<\/a><br \/>\n<a href=\"https:\/\/asia-prop.com\/vi\/column\/property\/sedona-suites-ho-chi-minh-city-serviced-apartment\/\" class=\"condo\">Sedona Suites H\u1ed3 Ch\u00ed Minh (k\u1ebft n\u1ed1i tr\u1ef1c ti\u1ebfp v\u1edbi Takashimaya)<\/a><br \/>\n<\/td>\n<\/tr>\n<tr class=\"row-3 odd\">\n\t<td class=\"column-1\"><a href=\"https:\/\/asia-prop.com\/vi\/column\/property-city\/binh-thanh-hochiminh-vietnam\/\" class=\"district\" aria-label=\"qu\u1eadn b\u00ecnh thanh\" data-wpel-link=\"internal\">Qu\u1eadn B\u00ecnh Th\u1ea1nh<\/a><\/td><td class=\"column-2\"><img src=\"https:\/\/asia-prop.com\/wp-content\/uploads\/2020\/07\/ho-chi-minh-binh-thanh-district.jpg\" class=\"alignnone size-medium\" \/><\/td><td class=\"column-3\">C\u00e1c khu v\u1ef1c m\u1edbi ph\u00e1t tri\u1ec3n, bao g\u1ed3m C\u00f4ng vi\u00ean Trung t\u00e2m<br \/>\n<br \/>\nKhu v\u1ef1c c\u00e1ch Qu\u1eadn 1 kho\u1ea3ng 10 ph\u00fat<br \/>\nLandmark 81 cao nh\u1ea5t \u0110\u00f4ng Nam \u00c1 s\u1ebd ho\u00e0n th\u00e0nh v\u00e0o n\u0103m 2018<br \/>\nUNIQLO, si\u00eau th\u1ecb l\u1edbn Winmart, c\u1eeda h\u00e0ng t\u1eebng th\u01b0\u01a1ng hi\u1ec7u<br \/>\nM\u1ed9t v\u00f2ng tr\u01b0\u1ee3t b\u0103ng c\u0169ng \u0111\u00e3 \u0111\u01b0\u1ee3c chu\u1ea9n b\u1ecb, thu h\u00fat r\u1ea5t nhi\u1ec1u s\u1ef1 ch\u00fa \u00fd.<\/td><td class=\"column-4\">1. Thu\u1eadn ti\u1ec7n giao th\u00f4ng: Cao<br \/>\n2. Ti\u1ec7n \u00edch cu\u1ed9c s\u1ed1ng: Trung b\u00ecnh<br \/>\n3. M\u00f4i tr\u01b0\u1eddng xung quanh: trung b\u00ecnh<br \/>\n4. An to\u00e0n: Trung b\u00ecnh<br \/>\n5. M\u00f4i tr\u01b0\u1eddng nu\u00f4i d\u1ea1y tr\u1ebb: trung b\u00ecnh<br \/>\n6. Chi ph\u00ed nh\u00e0 \u1edf: Trung b\u00ecnh<br \/>\n7. Gi\u00e1: Trung b\u00ecnh<\/td><td class=\"column-5\"><a class=\"tabletitle\">Chung c\u01b0<\/a><br \/>\n<a href=\"https:\/\/asia-prop.com\/vi\/column\/property-status\/sunwah-pearl\/\" class=\"condo\" aria-label=\"Sunwah Pearl\" data-wpel-link=\"internal\">Sunwah Pearl<\/a><br \/>\n<a href=\"https:\/\/asia-prop.com\/vi\/column\/property-status\/city-garden\/\" class=\"condo\" aria-label=\"City Garden\" data-wpel-link=\"internal\">City Garden<\/a><br \/>\n<a href=\"https:\/\/asia-prop.com\/vi\/column\/property-status\/opal-tower\/\" class=\"condo\" aria-label=\"Opal Tower\" data-wpel-link=\"internal\">Opal Tower<\/a><br \/>\n<a href=\"https:\/\/asia-prop.com\/vi\/column\/property-status\/vinhomes-central-park\/\" class=\"condo\" aria-label=\"Vinhomes Central Park\" data-wpel-link=\"internal\">Vinhomes Central Park<\/a><\/td>\n<\/tr>\n<tr class=\"row-4 even\">\n\t<td class=\"column-1\"><a href=\"https:\/\/asia-prop.com\/vi\/column\/property-city\/district2-hochiminh-vietnam\/\" class=\"district\" aria-label=\"qu\u1eadn 2\" data-wpel-link=\"internal\">Qu\u1eadn 2<\/a><\/td><td class=\"column-2\"><img src=\"https:\/\/asia-prop.com\/wp-content\/uploads\/2020\/07\/district-2.jpg\" class=\"alignnone size-medium\" \/><\/td><td class=\"column-3\">Th\u1ecb tr\u1ea5n ph\u00f2ng ng\u1ee7 v\u1edbi nhi\u1ec1u c\u0103n h\u1ed9 gi\u00e1 c\u1ea3 ph\u1ea3i ch\u0103ng<br \/>\n<br \/>\nKhu v\u1ef1c c\u00e1ch Qu\u1eadn 1 kho\u1ea3ng 15 ph\u00fat \u0111i xe<br \/>\nQu\u1eadn 2 Tao \u0110i\u1ec1n, An Ph\u00fa l\u00e0 tr\u01b0\u1eddng m\u1ea7m non \u00c2u M\u1ef9,<br \/>\nnhi\u1ec1u tr\u01b0\u1eddng qu\u1ed1c t\u1ebf<br \/>\nC\u00f3 tr\u01b0\u1eddng m\u1eabu gi\u00e1o Nh\u1eadt B\u1ea3n, v\u00e0 s\u1ed1 l\u01b0\u1ee3ng ng\u01b0\u1eddi Nh\u1eadt ng\u00e0y c\u00e0ng t\u0103ng.<br \/>\nNgo\u00e0i ra c\u00f2n c\u00f3 nhi\u1ec1u nh\u00e0 h\u00e0ng, qu\u00e1n c\u00e0 ph\u00ea v\u00e0 bi\u1ec7t th\u1ef1 phong c\u00e1ch.<\/td><td class=\"column-4\">1. Thu\u1eadn ti\u1ec7n giao th\u00f4ng: Cao<br \/>\n2. Ti\u1ec7n \u00edch cu\u1ed9c s\u1ed1ng: cao<br \/>\n3. M\u00f4i tr\u01b0\u1eddng xung quanh: trung b\u00ecnh<br \/>\n4. An to\u00e0n: Trung b\u00ecnh<br \/>\n5. M\u00f4i tr\u01b0\u1eddng nu\u00f4i d\u1ea1y tr\u1ebb: trung b\u00ecnh<br \/>\n6. Chi ph\u00ed nh\u00e0 \u1edf: Trung b\u00ecnh<br \/>\n7. Gi\u00e1: Trung b\u00ecnh<\/td><td class=\"column-5\"><a class=\"tabletitle\">Chung c\u01b0<\/a><br \/>\n<a href=\"https:\/\/asia-prop.com\/vi\/column\/property-status\/sadora\/\" class=\"condo\" aria-label=\"Sadora\" data-wpel-link=\"internal\">Sadora<\/a><br \/>\n<a href=\"https:\/\/asia-prop.com\/vi\/column\/property-status\/metropole\/\" class=\"condo\" aria-label=\"Metropole\" data-wpel-link=\"internal\">Metropole<\/a><br \/>\n<a href=\"https:\/\/asia-prop.com\/vi\/column\/property-status\/empire-city\/\" class=\"condo\" aria-label=\"Empire City\" data-wpel-link=\"internal\">Empire City<\/a><br \/>\n<a href=\"https:\/\/asia-prop.com\/vi\/column\/property-status\/estella-heights\/\" class=\"condo\" aria-label=\"Estella Heights\" data-wpel-link=\"internal\">Estella Heights<\/a><br \/>\n<a href=\"https:\/\/asia-prop.com\/vi\/column\/property-status\/gateway-thaodien\/\" class=\"condo\" aria-label=\"Gateway\" data-wpel-link=\"internal\">Gateway Th\u1ea3o \u0110i\u1ec1n<\/a><br \/>\n<a href=\"https:\/\/asia-prop.com\/vi\/column\/property-status\/q2-thao-dien\/\" class=\"condo\" aria-label=\"Q2 Thao Dien\" data-wpel-link=\"internal\">Q2 Thao Dien<\/a><br \/>\n<a href=\"https:\/\/asia-prop.com\/vi\/column\/property-status\/feliz-en-vista\/\" class=\"condo\" aria-label=\"Feliz En Vista\" data-wpel-link=\"internal\">Feliz En Vista<\/a><br \/>\n<br \/>\n<a class=\"tabletitle\">C\u0103n h\u1ed9 d\u1ecbch v\u1ee5<\/a><br \/>\n<a href=\"https:\/\/asia-prop.com\/vi\/column\/property\/riverside-serviced-apartment\/\" class=\"condo\">Saigon Riverside Apartment<\/a><br \/>\n<a href=\"https:\/\/asia-prop.com\/vi\/column\/property\/feliz-en-vista\/\" class=\"condo\">Somerset Feliz en Vista<\/a><\/td>\n<\/tr>\n<tr class=\"row-5 odd\">\n\t<td class=\"column-1\"><a href=\"https:\/\/asia-prop.com\/vi\/column\/property-city\/district3-hochiminh-vietnam\/\" class=\"district\" aria-label=\"qu\u1eadn 3\" data-wpel-link=\"internal\">Qu\u1eadn 3<\/a><\/td><td class=\"column-2\"><img src=\"https:\/\/asia-prop.com\/wp-content\/uploads\/2020\/07\/district-3-b.jpg\" class=\"alignnone size-medium\" \/><\/td><td class=\"column-3\">\u0110\u1ea1i s\u1ee9 qu\u00e1n, trung t\u00e2m h\u00e0nh ch\u00ednh<br \/>\n<br \/>\nKhu v\u1ef1c c\u00e1ch Qu\u1eadn 1 kho\u1ea3ng 7 ph\u00fat \u0111i xe<br \/>\nKhu v\u1ef1c nhi\u1ec1u c\u00f4ng vi\u00ean c\u00e2y xanh h\u01a1n Qu\u1eadn 1<br \/>\nC\u00f3 r\u1ea5t \u00edt c\u0103n h\u1ed9 \u0111\u1ec3 \u1edf<br \/>\nC\u00f3 nhi\u1ec1u c\u0103n h\u1ed9 d\u1ecbch v\u1ee5 cao c\u1ea5p ho\u1eb7c b\u00ecnh d\u00e2n<br \/>\nT\u1ed5ng l\u00e3nh s\u1ef1 qu\u00e1n Nh\u1eadt B\u1ea3n<\/td><td class=\"column-4\">1. Thu\u1eadn ti\u1ec7n giao th\u00f4ng: Cao<br \/>\n2. Ti\u1ec7n \u00edch cu\u1ed9c s\u1ed1ng: Trung b\u00ecnh<br \/>\n3. M\u00f4i tr\u01b0\u1eddng xung quanh: trung b\u00ecnh<br \/>\n4. An to\u00e0n: Cao<br \/>\n5. M\u00f4i tr\u01b0\u1eddng nu\u00f4i d\u1ea1y tr\u1ebb: trung b\u00ecnh<br \/>\n6. Chi ph\u00ed nh\u00e0 \u1edf: Trung b\u00ecnh<br \/>\n7. Gi\u00e1: Trung b\u00ecnh<\/td><td class=\"column-5\"><a class=\"tabletitle\">C\u0103n h\u1ed9 d\u1ecbch v\u1ee5<\/a><br \/>\n<a href=\"https:\/\/asia-prop.com\/vi\/column\/property\/citadines-10\/\" class=\"condo\">Citadines<\/a><br \/>\n<a href=\"https:\/\/asia-prop.com\/vi\/column\/property\/sila-urban-living-serviced-apartment\/\" class=\"condo\">Sila Urban Living<\/a><br \/>\n<a href=\"https:\/\/asia-prop.com\/vi\/column\/property\/sherwood-residence\/\" class=\"condo\">Khu nh\u00e0 Sherwood<\/a><br \/>\n<a href=\"https:\/\/asia-prop.com\/vi\/column\/property\/sherwood-day-phong\/\" class=\"condo\">Sherwood Suites<\/a><br \/>\n<a href=\"https:\/\/asia-prop.com\/vi\/column\/property\/indochine-serviced-apartment\/\" class=\"condo\">C\u0103n h\u1ed9 D\u1ecbch v\u1ee5 Indochine<\/a><\/td>\n<\/tr>\n<tr class=\"row-6 even\">\n\t<td class=\"column-1\"><a href=\"https:\/\/asia-prop.com\/vi\/column\/property-city\/district7-hochiminh-vietnam\/\" class=\"district\" aria-label=\"qu\u1eadn 7\" data-wpel-link=\"internal\">Qu\u1eadn 7<\/a><\/td><td class=\"column-2\"><img src=\"https:\/\/asia-prop.com\/wp-content\/uploads\/2020\/07\/district-7-2.jpg\" class=\"alignnone size-medium\" \/><\/td><td class=\"column-3\">nhi\u1ec1u tr\u01b0\u1eddng qu\u1ed1c t\u1ebf<br \/>\n<br \/>\nKhu v\u1ef1c c\u00e1ch Qu\u1eadn 1 kho\u1ea3ng 30 ph\u00fat \u0111i xe<br \/>\n\u0110\u01b0\u1eddng r\u1ed9ng v\u00e0 nhi\u1ec1u l\u00e0n xe<br \/>\nNh\u1eadt B\u1ea3n, \u0110\u00e0i Loan, H\u00e0n Qu\u1ed1c, Canada, v.v.<br \/>\nC\u00f3 tr\u01b0\u1eddng qu\u1ed1c t\u1ebf \u1edf m\u1ed7i n\u01b0\u1edbc<br \/>\nCrescent Mall, Vivo City, v.v.<br \/>\nC\u00f3 m\u1ed9t trung t\u00e2m mua s\u1eafm l\u1edbn \u0111\u1eb9p<\/td><td class=\"column-4\">1. Thu\u1eadn ti\u1ec7n giao th\u00f4ng: Trung b\u00ecnh<br \/>\n2. Ti\u1ec7n \u00edch cu\u1ed9c s\u1ed1ng: Trung b\u00ecnh<br \/>\n3. M\u00f4i tr\u01b0\u1eddng xung quanh: cao<br \/>\n4. An to\u00e0n: Cao<br \/>\n5. M\u00f4i tr\u01b0\u1eddng nu\u00f4i d\u1ea1y tr\u1ebb: cao<br \/>\n6. Chi ph\u00ed nh\u00e0 \u1edf: Trung b\u00ecnh<br \/>\n7. Gi\u00e1: Th\u1ea5p<\/td><td class=\"column-5\"><a class=\"tabletitle\">Chung c\u01b0<\/a><br \/>\n<a href=\"https:\/\/asia-prop.com\/vi\/column\/property-status\/midtown\/\" class=\"condo\" aria-label=\"Midtown\" data-wpel-link=\"internal\">Midtown<\/a><br \/>\n<a href=\"https:\/\/asia-prop.com\/vi\/column\/property-status\/scenic-valley\/\" class=\"condo\" aria-label=\"Scenic Valley\" data-wpel-link=\"internal\">Scenic Valley<\/a><br \/>\n<a href=\"https:\/\/asia-prop.com\/vi\/column\/property-status\/riverpark-premier\/\" class=\"condo\">Riverpark Premier<\/a><br \/>\n<br \/>\n<a class=\"tabletitle\">C\u0103n h\u1ed9 d\u1ecbch v\u1ee5<\/a><br \/>\n<a href=\"https:\/\/asia-prop.com\/vi\/column\/property\/oakwood-serviced-apartment\/\" class=\"condo\">Oakwood<\/a><br \/>\n<a href=\"https:\/\/asia-prop.com\/vi\/column\/property\/cresent-residence\/\" class=\"condo\">Cresent Residence<\/a><br \/>\n<a href=\"https:\/\/asia-prop.com\/vi\/column\/property\/water-front-serviced-apartment\/\" class=\"condo\">water front<\/a><\/td>\n<\/tr>\n<\/tbody>\n<\/table>\n<!-- #tablepress-10 from cache -->\n\r\n\r\n\r\n<div style=\"height:39px\" aria-hidden=\"true\" class=\"wp-block-spacer\"><\/div>\r\n\r\n\r\n\r\n<div class=\"rh_content_singlepage\">\r\n<div class=\"rh_property__common_note\">\r\n<h4 class=\"rh_property__heading\">Suzuki - B\u1ea5t \u0111\u1ed9ng s\u1ea3n H\u1ed3 Ch\u00ed Minh<\/h4><p>T\u1ea1i Suzuki Real Estate, ch\u00fang t\u00f4i c\u00f3 m\u1ed9t \u0111\u1ea1i l\u00fd b\u1ea5t \u0111\u1ed9ng s\u1ea3n \u0111\u01b0\u1ee3c c\u1ea5p ph\u00e9p c\u1ee7a Nh\u1eadt B\u1ea3n (m\u00f4i gi\u1edbi b\u1ea5t \u0111\u1ed9ng s\u1ea3n) t\u1ea1i ch\u1ed7 \u0111\u1ec3 h\u01b0\u1edbng d\u1eabn b\u1ea1n t\u1ea1i Vi\u1ec7t Nam. Kh\u00f4ng c\u00f3 ph\u00ed m\u00f4i gi\u1edbi cho thu\u00ea. Trong c\u00f4ng vi\u1ec7c m\u00f4i gi\u1edbi c\u1ee7a m\u00ecnh, ch\u00fang t\u00f4i nh\u1eadn \u0111\u01b0\u1ee3c nhi\u1ec1u t\u01b0 v\u1ea5n v\u1ec1 mua b\u00e1n b\u1ea5t \u0111\u1ed9ng s\u1ea3n, c\u0103n h\u1ed9 d\u1ecbch v\u1ee5, v\u0103n ph\u00f2ng v\u00e0 \u0111\u1ecba \u0111i\u1ec3m kinh doanh v\u00e0 ch\u00fang t\u00f4i t\u1ef1 tin v\u00e0o d\u1ecbch v\u1ee5 c\u1ee7a m\u00ecnh. Ch\u00fang t\u00f4i c\u00f3 r\u1ea5t nhi\u1ec1u th\u00f4ng tin v\u1ec1 b\u1ea5t \u0111\u1ed9ng s\u1ea3n m\u00e0 ch\u00fang t\u00f4i ch\u01b0a \u0111\u0103ng [b\u1ea5t \u0111\u1ed9ng s\u1ea3n t\u01b0 nh\u00e2n], v\u00ec v\u1eady h\u00e3y y\u00eau c\u1ea7u th\u00f4ng tin chi ti\u1ebft (ch\u00fang t\u00f4i c\u00f3 hi\u1ec3u bi\u1ebft chung v\u1ec1 b\u1ea5t \u0111\u1ed9ng s\u1ea3n xung quanh Th\u00e0nh ph\u1ed1 H\u1ed3 Ch\u00ed Minh, bao g\u1ed3m c\u1ea3 b\u1ea5t \u0111\u1ed9ng s\u1ea3n m\u1edbi v\u00e0 \u0111\u00e3 qua s\u1eed d\u1ee5ng). Suzuki TEL 0914408621<\/p>\t\t<\/div>\r\n<\/div>","protected":false},"excerpt":{"rendered":"<p>Ch\u00fang t\u00f4i s\u1ebd gi\u1edbi thi\u1ec7u khu v\u1ef1c xung quanh H\u1ed3 Ch\u00ed Minh, Vi\u1ec7t Nam. B\u1ea5m v\u00e0o v\u00f9ng m\u00e0u tr\u00ean b\u1ea3n \u0111\u1ed3 \u0111\u1ec3 xem n\u00f3 thu\u1ed9c qu\u1eadn ho\u1eb7c t\u1ec9nh n\u00e0o. B\u1ea1n c\u0169ng c\u00f3 th\u1ec3 chuy\u1ec3n sang ch\u1ee5p \u1ea3nh tr\u00ean kh\u00f4ng \u0111\u1ec3 xem t\u00ecnh h\u00ecnh th\u1ef1c t\u1ebf. Ng\u00e0y 09\/12\/2020, ph\u01b0\u1eddng 2, ph\u01b0\u1eddng 9, T\u00fa\u2026<\/p>","protected":false},"author":1,"featured_media":117640,"parent":0,"menu_order":0,"comment_status":"closed","ping_status":"closed","template":"templates\/full-width.php","meta":{"_mi_skip_tracking":false,"_exactmetrics_sitenote_active":false,"_exactmetrics_sitenote_note":"","_exactmetrics_sitenote_category":0},"aioseo_notices":[],"_links":{"self":[{"href":"https:\/\/asia-prop.com\/vi\/wp-json\/wp\/v2\/pages\/4683"}],"collection":[{"href":"https:\/\/asia-prop.com\/vi\/wp-json\/wp\/v2\/pages"}],"about":[{"href":"https:\/\/asia-prop.com\/vi\/wp-json\/wp\/v2\/types\/page"}],"author":[{"embeddable":true,"href":"https:\/\/asia-prop.com\/vi\/wp-json\/wp\/v2\/users\/1"}],"replies":[{"embeddable":true,"href":"https:\/\/asia-prop.com\/vi\/wp-json\/wp\/v2\/comments?post=4683"}],"version-history":[{"count":32,"href":"https:\/\/asia-prop.com\/vi\/wp-json\/wp\/v2\/pages\/4683\/revisions"}],"predecessor-version":[{"id":132425,"href":"https:\/\/asia-prop.com\/vi\/wp-json\/wp\/v2\/pages\/4683\/revisions\/132425"}],"wp:featuredmedia":[{"embeddable":true,"href":"https:\/\/asia-prop.com\/vi\/wp-json\/wp\/v2\/media\/117640"}],"wp:attachment":[{"href":"https:\/\/asia-prop.com\/vi\/wp-json\/wp\/v2\/media?parent=4683"}],"curies":[{"name":"wp","href":"https:\/\/api.w.org\/{rel}","templated":true}]}}