{"id":149,"date":"2017-06-23T23:23:41","date_gmt":"2017-06-23T23:23:41","guid":{"rendered":"http:\/\/inspirythemesdemo.com\/realplaces\/?page_id=149"},"modified":"2024-09-27T12:59:58","modified_gmt":"2024-09-27T03:59:58","slug":"vietnam-hcmc-condo-mansion-gallery-4-columns","status":"publish","type":"page","link":"https:\/\/asia-prop.com\/vi\/vietnam-hcmc-condo-mansion-gallery-4-columns\/","title":{"rendered":"Danh s\u00e1ch c\u00e1c t\u00e0i s\u1ea3n cho thu\u00ea m\u1edbi"},"content":{"rendered":"","protected":false},"excerpt":{"rendered":"","protected":false},"author":1,"featured_media":124334,"parent":0,"menu_order":0,"comment_status":"open","ping_status":"closed","template":"templates\/4-columns-gallery.php","meta":{"_mi_skip_tracking":false,"_exactmetrics_sitenote_active":false,"_exactmetrics_sitenote_note":"","_exactmetrics_sitenote_category":0},"aioseo_notices":[],"_links":{"self":[{"href":"https:\/\/asia-prop.com\/vi\/wp-json\/wp\/v2\/pages\/149"}],"collection":[{"href":"https:\/\/asia-prop.com\/vi\/wp-json\/wp\/v2\/pages"}],"about":[{"href":"https:\/\/asia-prop.com\/vi\/wp-json\/wp\/v2\/types\/page"}],"author":[{"embeddable":true,"href":"https:\/\/asia-prop.com\/vi\/wp-json\/wp\/v2\/users\/1"}],"replies":[{"embeddable":true,"href":"https:\/\/asia-prop.com\/vi\/wp-json\/wp\/v2\/comments?post=149"}],"version-history":[{"count":9,"href":"https:\/\/asia-prop.com\/vi\/wp-json\/wp\/v2\/pages\/149\/revisions"}],"predecessor-version":[{"id":83665,"href":"https:\/\/asia-prop.com\/vi\/wp-json\/wp\/v2\/pages\/149\/revisions\/83665"}],"wp:featuredmedia":[{"embeddable":true,"href":"https:\/\/asia-prop.com\/vi\/wp-json\/wp\/v2\/media\/124334"}],"wp:attachment":[{"href":"https:\/\/asia-prop.com\/vi\/wp-json\/wp\/v2\/media?parent=149"}],"curies":[{"name":"wp","href":"https:\/\/api.w.org\/{rel}","templated":true}]}}