{"id":132318,"date":"2024-12-27T16:54:38","date_gmt":"2024-12-27T07:54:38","guid":{"rendered":"https:\/\/asia-prop.com\/condo-test0624-copy\/"},"modified":"2025-01-04T19:50:48","modified_gmt":"2025-01-04T10:50:48","slug":"condominium","status":"publish","type":"page","link":"https:\/\/asia-prop.com\/vi\/condominium\/","title":{"rendered":"Chung c\u01b0 H\u1ed3 Ch\u00ed Minh"},"content":{"rendered":"<h2>\r\n  <strong>\r\n    <span style=\"font-size: 14pt;\">Gi\u1edbi thi\u1ec7u t\u00e0i s\u1ea3n ni\u00eam y\u1ebft c\u1ee7a B\u1ea5t \u0111\u1ed9ng s\u1ea3n Suzuki H\u1ed3 Ch\u00ed Minh b\u1eb1ng nh\u00e0 chung c\u01b0<\/span>\r\n  <\/strong>\r\n<\/h2>\r\n<p>&nbsp;<\/p>\r\n<p>Tr\u00ean trang n\u00e0y, ch\u00fang t\u00f4i s\u1ebd gi\u1edbi thi\u1ec7u chung c\u01b0 cho t\u1eebng lo\u1ea1i h\u00ecnh b\u1ea5t \u0111\u1ed9ng s\u1ea3n ph\u1ed5 bi\u1ebfn c\u1ee7a Suzuki Real Estate.<\/p>\r\n<p>&nbsp;<\/p>\r\n<p>\r\n  <span class=\"rank\">\r\n    <strong>v\u1ecb tr\u00ed s\u1ed1 1<\/strong>\r\n  <\/span>\r\n<\/p>\r\n<p>\r\n  <a href=\"https:\/\/asia-prop.com\/vi\/column\/property-status\/midtown\/\">\r\n    <img decoding=\"async\" class=\"alignnone\" src=\"http:\/\/asia-prop.com\/wp-content\/uploads\/2022\/05\/peak-phu-my-hung-midtown-1.jpg\" alt=\"chung c\u01b0 trung t\u00e2m\" \/>\r\n  <\/a>\r\n<\/p>\r\n<p>\r\n  <a href=\"https:\/\/asia-prop.com\/vi\/column\/property-status\/midtown\/\">\r\n    <span class=\"condo_name\">\r\n      <strong>Midtown<\/strong>\r\n    <\/span>\r\n  <\/a>\r\n<\/p>\r\n<p>\r\n  <span style=\"text-decoration: underline;\">Li\u1ec1n k\u1ec1 tr\u01b0\u1eddng Nh\u1eadt B\u1ea3n ph\u01b0\u1eddng 7<\/span>\r\n  <br \/>C\u00e1c tr\u01b0\u1eddng h\u1ecdc \u0110\u00e0i Loan v\u00e0 H\u00e0n Qu\u1ed1c c\u0169ng ch\u1ec9 c\u00e1ch \u0111\u00f3 5 ph\u00fat \u0111i b\u1ed9, khi\u1ebfn c\u0103n h\u1ed9 n\u00e0y tr\u1edf th\u00e0nh s\u1ef1 l\u1ef1a ch\u1ecdn t\u1ed1t nh\u1ea5t \u0111\u1ec3 \u0111i l\u1ea1i \u0111\u1ebfn tr\u01b0\u1eddng.\r\n  <br \/>D\u1ef1 \u00e1n c\u00f3 s\u1ef1 tham gia c\u1ee7a c\u00e1c c\u00f4ng ty Nh\u1eadt B\u1ea3n Nomura Real Estate, Sumitomo Forestry v\u00e0 Daiwa House, c\u00f3 danh ti\u1ebfng t\u1ed1t.\r\n  <br \/>Suzuki Real Estate c\u00f3 b\u1ec1 d\u00e0y th\u00e0nh t\u00edch trong c\u1ea3 mua b\u00e1n, cho thu\u00ea v\u00e0 qu\u1ea3n l\u00fd.\r\n<\/p>\r\n<ul>\r\n  <li>20-30 ph\u00fat \u0111i xe \u0111\u1ebfn Qu\u1eadn 1.<\/li>\r\n  <li>C\u00e1c c\u1eeda h\u00e0ng ti\u1ec7n l\u1ee3i v\u00e0 si\u00eau th\u1ecb nh\u01b0 Winmart, Kmart, 7-Eleven \u0111\u1ec1u \u0111\u01b0\u1ee3c b\u1ed1 tr\u00ed \u1edf t\u1ea7ng tr\u1ec7t.<\/li>\r\n  <li>Ch\u1ec9 v\u00e0i ph\u00fat \u0111i b\u1ed9 \u0111\u1ebfn c\u00e1c tr\u01b0\u1eddng Nh\u1eadt B\u1ea3n, H\u00e0n Qu\u1ed1c, \u0110\u00e0i Loan<\/li>\r\n<\/ul>\r\n<p>&nbsp;<\/p>\r\n<p>&nbsp;<\/p>\r\n<p>\r\n  <span class=\"rank\">\r\n    <strong>v\u1ecb tr\u00ed th\u1ee9 2<\/strong>\r\n  <\/span>\r\n<\/p>\r\n<p>\r\n  <a href=\"https:\/\/asia-prop.com\/vi\/column\/property-status\/sunwah-pearl\/\">\r\n    <img decoding=\"async\" class=\"alignnone\" src=\"http:\/\/asia-prop.com\/wp-content\/uploads\/2022\/05\/Sunwah-silver-house-2bed-1800usd-incl-managemenrt-33.jpg\" alt=\"chung c\u01b0 Sunwah Pearl\" \/>\r\n  <\/a>\r\n<\/p>\r\n<p>\r\n  <a href=\"https:\/\/asia-prop.com\/vi\/column\/property-status\/sunwah-pearl\/\">\r\n    <span class=\"condo_name\">\r\n      <strong>Sunwah Pearl<\/strong>\r\n    <\/span>\r\n  <\/a>\r\n<\/p>\r\n<p>\r\n  <span style=\"text-decoration: underline;\">C\u0103n h\u1ed9 \u0111\u01b0\u1ee3c y\u00eau th\u00edch \u1edf Qu\u1eadn Bintan<\/span>\r\n<\/p>\r\n<p>N\u1eb1m d\u1ecdc \u0111\u01b0\u1eddng Nguy\u1ec5n H\u1eefu C\u1ea3nh.\r\n  <br \/>C\u0103n h\u1ed9 n\u00e0y \u0111\u01b0\u1ee3c c\u00e1c h\u1ed9 gia \u0111\u00ecnh v\u00e0 gia \u0111\u00ecnh \u0111\u1ed9c th\u00e2n, Nh\u1eadt B\u1ea3n, H\u00e0n Qu\u1ed1c v\u00e0 \u0110\u00e0i Loan \u01b0a chu\u1ed9ng.\r\n  <br \/>L\u00fd do khi\u1ebfn n\u00f3 \u0111\u01b0\u1ee3c \u01b0a chu\u1ed9ng l\u00e0 v\u00ec n\u00f3 c\u00f3 l\u1ed1i \u0111i thu\u1eadn ti\u1ec7n \u0111\u1ebfn qu\u1eadn 1 v\u00e0 c\u00f2n c\u00f3 h\u1ed3 b\u01a1i l\u1edbn, ph\u00f2ng t\u1eadp th\u1ec3 d\u1ee5c v\u00e0 c\u00e1c ti\u1ec7n \u00edch kh\u00e1c.\r\n  <br \/>Suzuki Real Estate c\u00f3 b\u1ec1 d\u00e0y th\u00e0nh t\u00edch v\u1ec1 b\u00e1n h\u00e0ng, cho thu\u00ea v\u00e0 qu\u1ea3n l\u00fd.\r\n<\/p>\r\n<ul>\r\n  <li>10 ph\u00fat \u0111i xe \u0111\u1ebfn Qu\u1eadn 1.<\/li>\r\n  <li>C\u00f3 Ministop, Annam Gourmet, Winmart \u1edf t\u1ea7ng tr\u1ec7t.<\/li>\r\n  <li>Xe bu\u00fdt tr\u01b0\u1eddng h\u1ecdc d\u00e0nh cho c\u00e1c tr\u01b0\u1eddng h\u1ecdc Nh\u1eadt B\u1ea3n, H\u00e0n Qu\u1ed1c v\u00e0 \u0110\u00e0i Loan<\/li>\r\n<\/ul>\r\n<p>&nbsp;<\/p>\r\n<p>&nbsp;<\/p>\r\n<p>\r\n  <span class=\"rank\">\r\n    <strong>v\u1ecb tr\u00ed th\u1ee9 3<\/strong>\r\n  <\/span>\r\n  <a href=\"https:\/\/asia-prop.com\/vi\/column\/property-status\/city-garden\/\" data-elementor-open-lightbox=\"\">\r\n    <br \/>\r\n  <\/a>\r\n  <a href=\"https:\/\/asia-prop.com\/vi\/column\/property-status\/city-garden\/\">\r\n    <img decoding=\"async\" class=\"alignnone\" src=\"http:\/\/asia-prop.com\/wp-content\/uploads\/2019\/08\/city-garden-111-2.jpg\" alt=\"chung c\u01b0-city-garden\" \/>\r\n  <\/a>\r\n<\/p>\r\n<p>\r\n  <span style=\"font-size: 14pt;\">\r\n    <a style=\"color: #0000ff;\" href=\"https:\/\/asia-prop.com\/vi\/column\/property-status\/city-garden\/\">\r\n      <strong>City garden<\/strong>\r\n    <\/a>\r\n  <\/span>\r\n<\/p>\r\n<p>\r\n  <span style=\"text-decoration: underline;\">C\u0103n h\u1ed9 thi\u1ebft k\u1ebf h\u00ecnh c\u1ed9t \u1edf qu\u1eadn Bintan<\/span>\r\n  <br \/>Khi b\u1ea1n r\u1eddi kh\u1ecfi khu chung c\u01b0, c\u00f3 r\u1ea5t nhi\u1ec1u nh\u00e0 h\u00e0ng v\u00e0 qu\u00e1n c\u00e0 ph\u00ea \u0111\u1ecba ph\u01b0\u01a1ng c\u1ee7a Vi\u1ec7t Nam.\r\n  <br \/>Ban \u0111\u00eam, ng\u01b0\u1eddi Vi\u1ec7t d\u1ef1ng gian h\u00e0ng.\r\n<\/p>\r\n<ul>\r\n  <li>10 ph\u00fat \u0111i xe \u0111\u1ebfn Qu\u1eadn 1.<\/li>\r\n  <li>Khu\u00f4n vi\u00ean v\u00e0 h\u1ed3 b\u01a1i r\u1ed9ng, c\u00f3 nh\u00e0 h\u00e0ng v\u00e0 Winmart.<\/li>\r\n  <li>Xe bu\u00fdt tr\u01b0\u1eddng h\u1ecdc d\u00e0nh cho c\u00e1c tr\u01b0\u1eddng h\u1ecdc Nh\u1eadt B\u1ea3n, H\u00e0n Qu\u1ed1c v\u00e0 \u0110\u00e0i Loan<\/li>\r\n<\/ul>\r\n<p>&nbsp;<\/p>\r\n<p>&nbsp;<\/p>\r\n<p>\r\n  <span class=\"rank\">\r\n    <strong>v\u1ecb tr\u00ed th\u1ee9 4<\/strong>\r\n  <\/span>\r\n<\/p>\r\n<p>\r\n  <a href=\"https:\/\/asia-prop.com\/vi\/column\/property-status\/the-river-thu-thiem\/\">\r\n    <img decoding=\"async\" class=\"alignnone\" src=\"https:\/\/asia-prop.com\/wp-content\/uploads\/2024\/06\/River-Thu-Thiem-2.jpg\" alt=\"chung c\u01b0 river th\u1ee7 thi\u00eam\" \/>\r\n  <\/a>\r\n<\/p>\r\n<p>\r\n  <a href=\"https:\/\/asia-prop.com\/vi\/column\/property-status\/dedge-thao-dien\/\">\r\n    <span class=\"condo_name\">\r\n      <strong>River Thu Thiem<\/strong>\r\n    <\/span>\r\n  <\/a>\r\n<\/p>\r\n<p>\r\n    <span style=\"text-decoration: underline;\">C\u0103n h\u1ed9 qu\u1eadn 2 khu v\u1ef1c Th\u1ee7 Thi\u00eam<\/span>\r\n    <br \/>Chung c\u01b0 n\u00e0y r\u1ea5t \u0111\u01b0\u1ee3c gi\u1edbi nh\u00e0 gi\u00e0u Vi\u1ec7t Nam, ng\u01b0\u1eddi ph\u01b0\u01a1ng T\u00e2y v\u00e0 ng\u01b0\u1eddi M\u1ef9 \u01b0a chu\u1ed9ng.\r\n    <br \/>\u0110\u1ea7y \u0111\u1ee7 ti\u1ec7n nghi bao g\u1ed3m ph\u00f2ng t\u1eadp th\u1ec3 d\u1ee5c, ph\u00f2ng chi\u1ebfu phim v\u00e0 nh\u00e0 \u0103n.\r\n\t<br \/>Ti\u1ec7n nghi trong ph\u00f2ng c\u0169ng c\u00f3 ch\u1ea5t l\u01b0\u1ee3ng cao.\r\n  <\/p>\r\n  <ul>\r\n    <li>10 ph\u00fat \u0111i xe \u0111\u1ebfn Qu\u1eadn 1.<\/li>\r\n    <li>C\u00f3 m\u1ed9t c\u1eeda h\u00e0ng trong khu\u00f4n vi\u00ean<\/li>\r\n  <\/ul>\r\n<p>&nbsp;<\/p>\r\n<p>&nbsp;<\/p>\r\n<p>\r\n  <span class=\"rank\">\r\n    <strong>v\u1ecb tr\u00ed th\u1ee9 5<\/strong>\r\n  <\/span>\r\n<\/p>\r\n<p>\r\n  <img decoding=\"async\" class=\"alignnone\" title=\"Estella Heights 3 gi\u01b0\u1eddng 400px\" src=\"https:\/\/asia-prop.com\/wp-content\/uploads\/2024\/12\/Estella-Heights-3bed-400px.jpg\" alt=\"chung c\u01b0 Estella Heights\" \/>\r\n<\/p>\r\n<div class=\"mceTemp\">\r\n  <p>\r\n    <a href=\"https:\/\/asia-prop.com\/vi\/column\/property-status\/estella-heights\/\">\r\n      <span class=\"condo_name\">\r\n        <strong>Estella Hights<\/strong>\r\n      <\/span>\r\n    <\/a>\r\n  <\/p>\r\n  <p>\r\n    <span style=\"text-decoration: underline;\">K\u1ebft n\u1ed1i tr\u1ef1c ti\u1ebfp v\u1edbi Estella Place \u1edf qu\u1eadn 2<\/span>\r\n  <\/p>\r\n  <p>Estella Heights n\u1ed5i ti\u1ebfng v\u1edbi h\u1ed3 b\u01a1i, b\u1ea7u kh\u00f4ng kh\u00ed sang tr\u1ecdng v\u00e0 s\u00e2n tennis.\r\n    <br \/>\u0110\u01b0\u1ee3c s\u1ef1 \u1ee7ng h\u1ed9 nhi\u1ec7t t\u00ecnh c\u1ee7a c\u00e1c gia \u0111\u00ecnh Nh\u1eadt B\u1ea3n v\u00e0 H\u00e0n Qu\u1ed1c.\r\n    <br \/>N\u00f3 \u0111\u01b0\u1ee3c k\u1ebft n\u1ed1i tr\u1ef1c ti\u1ebfp v\u1edbi trung t\u00e2m mua s\u1eafm n\u00ean b\u1ea1n c\u00f3 th\u1ec3 mua s\u1eafm m\u00e0 kh\u00f4ng b\u1ecb \u01b0\u1edbt ngay c\u1ea3 khi tr\u1eddi m\u01b0a.\r\n    <br \/>M\u1ed9t khi b\u1ea1n s\u1ed1ng trong c\u0103n h\u1ed9 n\u00e0y, b\u1ea1n s\u1ebd kh\u00f4ng mu\u1ed1n s\u1ed1ng \u1edf b\u1ea5t c\u1ee9 n\u01a1i n\u00e0o kh\u00e1c.\r\n  <\/p>\r\n  <ul>\r\n    <li>Kho\u1ea3ng 15 ph\u00fat \u0111i xe \u0111\u1ebfn Qu\u1eadn 1<\/li>\r\n    <li>K\u1ebft n\u1ed1i tr\u1ef1c ti\u1ebfp v\u1edbi Estella Place.<\/li>\r\n  <\/ul>\r\n<p>&nbsp;<\/p>\r\n<p>&nbsp;<\/p>\r\n  <p>\r\n    <span class=\"rank\">\r\n      <strong>v\u1ecb tr\u00ed th\u1ee9 6<\/strong>\r\n    <\/span>\r\n  <\/p>\r\n  <p>\r\n    <a href=\"https:\/\/asia-prop.com\/vi\/column\/property-status\/marq\/\">\r\n      <img decoding=\"async\" class=\"alignnone\" src=\"https:\/\/asia-prop.com\/wp-content\/uploads\/2022\/08\/Marq-20.jpg\" alt=\"c\u0103n h\u1ed9 \u1edf Marq\" \/>\r\n    <\/a>\r\n  <\/p>\r\n  <p>\r\n    <a href=\"https:\/\/asia-prop.com\/vi\/column\/property-status\/marq\/\">\r\n      <span class=\"condo_name\">\r\n        <strong>MarQ<\/strong>\r\n      <\/span>\r\n    <\/a>\r\n  <\/p>\r\n  <p>\r\n    <span style=\"text-decoration: underline;\">C\u0103n h\u1ed9 cao c\u1ea5p t\u1ea1i khu v\u1ef1c trung t\u00e2m Qu\u1eadn 1<\/span>\r\n  <\/p>\r\n  <p>Li\u1ec1n k\u1ec1 v\u0103n ph\u00f2ng cao c\u1ea5p Lim 3 t\u1ea1i Nguy\u1ec5n \u0110\u00ecnh Chi\u1ec3u, Qu\u1eadn 1.\r\n    <br \/>Truy c\u1eadp tuy\u1ec7t v\u1eddi v\u00e0o m\u1ed7i v\u0103n ph\u00f2ng.\r\n    <br \/>\u0110\u01b0\u1eddng L\u00ea Th\u00e1nh T\u00f4n c\u0169ng n\u1eb1m trong kho\u1ea3ng c\u00e1ch \u0111i b\u1ed9 kho\u1ea3ng 15 ph\u00fat.\r\n    <br \/>N\u01a1i c\u01b0 tr\u00fa \u0111\u1eb3ng c\u1ea5p h\u00e0ng \u0111\u1ea7u \u0111\u1ea1i di\u1ec7n cho Vi\u1ec7t Nam.\r\n  <\/p>\r\n  <ul>\r\n    <li>Khu v\u1ef1c trung t\u00e2m ph\u01b0\u1eddng 1<\/li>\r\n    <li>C\u00f3 Ministop v\u00e0 7-Eleven trong v\u00f2ng 2 - 3 ph\u00fat \u0111i b\u1ed9.<\/li>\r\n  <\/ul>\r\n<p>&nbsp;<\/p>\r\n<p>&nbsp;<\/p>\r\n  <p>\r\n    <span class=\"rank\">\r\n      <strong>v\u1ecb tr\u00ed th\u1ee9 7<\/strong>\r\n    <\/span>\r\n  <\/p>\r\n  <p>\r\n    <a href=\"https:\/\/asia-prop.com\/vi\/column\/property-status\/dedge-thao-dien\/\">\r\n      <img decoding=\"async\" class=\"alignnone\" src=\"https:\/\/asia-prop.com\/wp-content\/uploads\/2023\/01\/d-edge-thao-dien-for-rent-comprehensive-up-to-date-2021-800x0-c-center.jpg\" alt=\"C\u0103n h\u1ed9 t\u1ea1i D&#039;Edge thao dien\" \/>\r\n    <\/a>\r\n  <\/p>\r\n  <p>\r\n    <a href=\"https:\/\/asia-prop.com\/vi\/column\/property-status\/dedge-thao-dien\/\">\r\n      <span class=\"condo_name\">\r\n        <strong>D&#039;Edge Taodien<\/strong>\r\n      <\/span>\r\n    <\/a>\r\n  <\/p>\r\n  <p>\r\n    <span style=\"text-decoration: underline;\">C\u0103n h\u1ed9 cao c\u1ea5p khu Th\u1ea3o \u0110i\u1ec1n, Qu\u1eadn 2<\/span>\r\n    <br \/>C\u0103n h\u1ed9 n\u00e0y g\u1ea7n c\u00e1c tr\u01b0\u1eddng h\u1ecdc qu\u1ed1c t\u1ebf v\u00e0 b\u1ec7nh vi\u1ec7n qu\u1ed1c t\u1ebf, \u0111\u01b0\u1ee3c ng\u01b0\u1eddi ch\u00e2u \u00c2u, ng\u01b0\u1eddi M\u1ef9 v\u00e0 ng\u01b0\u1eddi H\u00e0n Qu\u1ed1c r\u1ea5t \u01b0a chu\u1ed9ng.\r\n    <br \/>Suzuki Real Estate, c\u00f3 tr\u1ee5 s\u1edf t\u1ea1i Th\u1ea3o \u0110i\u1ec1n, c\u00f3 b\u1ec1 d\u00e0y l\u1ecbch s\u1eed v\u1ec1 chung c\u01b0.\r\n  <\/p>\r\n  <ul>\r\n    <li>Kho\u1ea3ng 20 ph\u00fat \u0111i xe \u0111\u1ebfn Qu\u1eadn 1<\/li>\r\n    <li>C\u00f3 r\u1ea5t nhi\u1ec1u si\u00eau th\u1ecb v\u00e0 nh\u00e0 h\u00e0ng \u1edf khu v\u1ef1c Th\u1ea3o \u0110i\u1ec1n.<\/li>\r\n  <\/ul>\r\n  <p>&nbsp;<\/p>\r\n  <p>&nbsp;<\/p>\r\n  <p>\r\n    <span class=\"rank\">\r\n      <strong>v\u1ecb tr\u00ed th\u1ee9 8<\/strong>\r\n    <\/span>\r\n  <\/p>\r\n  <p>\r\n    <a href=\"https:\/\/asia-prop.com\/vi\/column\/property-status\/empire-city\/\">\r\n      <img decoding=\"async\" class=\"alignnone\" src=\"http:\/\/asia-prop.com\/wp-content\/uploads\/2022\/05\/Empire-City-T1-3BR-D1-River-view-with-bathtub-Fully-Furnished-USD-2100-28.jpg\" alt=\"chung c\u01b0 EmpireCity\" \/>\r\n    <\/a>\r\n  <\/p>\r\n  <p>\r\n    <a href=\"https:\/\/asia-prop.com\/vi\/column\/property-status\/empire-city\/\">\r\n      <span class=\"condo_name\">\r\n        <strong>Empire City<\/strong>\r\n      <\/span>\r\n    <\/a>\r\n  <\/p>\r\n  <p>\r\n    <span style=\"text-decoration: underline;\">C\u0103n h\u1ed9 qu\u1eadn 2 khu v\u1ef1c Th\u1ee7 Thi\u00eam<\/span>\r\n    <br \/>M\u1ed9t c\u0103n h\u1ed9 r\u1ea5t \u0111\u1eb9p v\u1edbi t\u1ea7m nh\u00ecn ra th\u00e0nh ph\u1ed1 \u1edf Qu\u1eadn 1, Th\u00e0nh ph\u1ed1 H\u1ed3 Ch\u00ed Minh.\r\n    <br \/>B\u1ea1n c\u0169ng c\u00f3 th\u1ec3 nhanh ch\u00f3ng v\u00e0o qu\u1eadn 1 b\u1eb1ng c\u00e1ch b\u0103ng qua c\u00e2y c\u1ea7u ph\u00eda tr\u01b0\u1edbc m\u1eb7t \u0111\u01b0\u1eddng L\u00ea Th\u00e1nh T\u00f4ng.\r\n  <\/p>\r\n  <ul>\r\n    <li>Kho\u1ea3ng 10 ph\u00fat \u0111i xe \u0111\u1ebfn Ph\u01b0\u1eddng 1<\/li>\r\n    <li>C\u00f3 m\u1ed9t si\u00eau th\u1ecb trong v\u00f2ng 3 ph\u00fat \u0111i b\u1ed9.<\/li>\r\n  <\/ul>\r\n  <p>&nbsp;<\/p>\r\n  <p>&nbsp;<\/p>\r\n  <p>\r\n    <span class=\"rank\">\r\n      <strong>v\u1ecb tr\u00ed th\u1ee9 9<\/strong>\r\n    <\/span>\r\n  <\/p>\r\n  <p>\r\n    <a href=\"https:\/\/asia-prop.com\/vi\/column\/property-status\/vinhomes-central-park\/\">\r\n      <img decoding=\"async\" class=\"alignnone\" src=\"http:\/\/asia-prop.com\/wp-content\/uploads\/2019\/08\/vinhomes-central-park-115-6.jpg\" alt=\"c\u0103n h\u1ed9 t\u1ea1i Vinhomes Central Park\" \/>\r\n    <\/a>\r\n  <\/p>\r\n  <p>\r\n    <a href=\"https:\/\/asia-prop.com\/vi\/column\/property-status\/vinhomes-central-park\/\">\r\n      <span class=\"condo_name\">\r\n        <strong>Vinhomes Central Park<\/strong>\r\n      <\/span>\r\n    <\/a>\r\n    <a href=\"https:\/\/asia-prop.com\/vi\/property-search\/?status=vinhomes-central-park\" data-elementor-open-lightbox=\"\">\r\n      <br \/>\r\n    <\/a>\r\n  <\/p>\r\n  <p>\r\n    <span style=\"text-decoration: underline;\">Khu chung c\u01b0 bi\u1ec3u t\u01b0\u1ee3ng Vi\u1ec7t Nam t\u1ea1i qu\u1eadn B\u00ecnh T\u00e2n<\/span>\r\n    <br \/>Nh\u1eefng c\u0103n h\u1ed9 \u0111\u01b0\u1ee3c nhi\u1ec1u ng\u01b0\u1eddi n\u01b0\u1edbc ngo\u00e0i \u01b0a chu\u1ed9ng, trong \u0111\u00f3 c\u00f3 c\u1ea3 nh\u1eefng ng\u01b0\u1eddi Vi\u1ec7t gi\u00e0u c\u00f3.\r\n    <br \/>Landmark 81 c\u00f3 m\u1ecdi th\u1ee9 b\u1ea1n c\u1ea7n, bao g\u1ed3m si\u00eau th\u1ecb l\u1edbn, Uniqlo, r\u1ea1p chi\u1ebfu phim v\u00e0 s\u00e2n tr\u01b0\u1ee3t b\u0103ng.\r\n  <\/p>\r\n  <ul>\r\n    <li>Kho\u1ea3ng 10 ph\u00fat \u0111i xe \u0111\u1ebfn Qu\u1eadn 1<\/li>\r\n    <li>C\u00f3 r\u1ea5t nhi\u1ec1u nh\u00e0 h\u00e0ng \u1edf C\u00f4ng vi\u00ean Trung t\u00e2m.<\/li>\r\n  <\/ul>\r\n  <p>&nbsp;<\/p>\r\n  <p>&nbsp;<\/p>\r\n  <p>\r\n    <span class=\"rank\">\r\n      <strong>v\u1ecb tr\u00ed th\u1ee9 10<\/strong>\r\n    <\/span>\r\n  <\/p>\r\n  <p>\r\n    <a href=\"https:\/\/asia-prop.com\/vi\/column\/property-status\/masteri-thao-dien\/\">\r\n      <img decoding=\"async\" class=\"alignnone\" src=\"http:\/\/asia-prop.com\/wp-content\/uploads\/2019\/09\/Thao-Dien-district2-hochiminh-vietnam-masteri-condo-mansion-252-3.jpg\" alt=\"chung c\u01b0 masteri thao dien \" \/>\r\n\t  <img decoding=\"async\" class=\"alignnone\" src=\"https:\/\/asia-prop.com\/wp-content\/uploads\/2024\/12\/Masteri-Thao-Dien-An-Phu-Station.jpg\" alt=\"Masteri-Th\u1ea3o-Di\u00ean-An-Ph\u00fa-Tr\u1ea1m\" \/>\r\n    <\/a>\r\n  <\/p>\r\n  <p>\r\n    <a href=\"https:\/\/asia-prop.com\/vi\/column\/property-status\/masteri-thao-dien\/\">\r\n      <span class=\"condo_name\">\r\n        <strong>Masteri Thao Dien<\/strong>\r\n      <\/span>\r\n    <\/a>\r\n  <\/p>\r\n  <p>\r\n    <span style=\"text-decoration: underline;\">C\u0103n h\u1ed9 gi\u00e1 r\u1ebb g\u1ea7n ga An Ph\u00fa qu\u1eadn 2<\/span>\r\n  <\/p>\r\n  <p>\u0110i\u1ec3m kh\u00e1c bi\u1ec7t so v\u1edbi c\u00e1c chung c\u01b0 kh\u00e1c l\u00e0 v\u1ecb tr\u00ed \u0111\u1eb9p.\r\n    <br \/>Vincom mega mall c\u00e1ch trung t\u00e2m th\u01b0\u01a1ng m\u1ea1i 1-2 ph\u00fat \u0111i b\u1ed9.\r\n    <br \/>Vincom Megamall c\u00f3 m\u1ed9t si\u00eau th\u1ecb \u0111\u1ecba ph\u01b0\u01a1ng l\u1edbn, m\u1ed9t c\u1eeda h\u00e0ng th\u1ec3 thao l\u1edbn v\u00e0 m\u1ed9t r\u1ea1p chi\u1ebfu phim.\r\n  <\/p>\r\n  <ul>\r\n    <li>15 ph\u00fat \u0111i xe \u0111\u1ebfn Qu\u1eadn 1.<\/li>\r\n    <li>Vincom Megamall, tr\u01b0\u1edbc ga An Ph\u00fa<\/li>\r\n  <\/ul>\r\n<p>&nbsp;<\/p>\r\n<p>&nbsp;<\/p>\r\n  <p>\r\n    <span class=\"rank\">\r\n      <strong>v\u1ecb tr\u00ed th\u1ee9 11<\/strong>\r\n    <\/span>\r\n  <\/p>\r\n  <p>\r\n    <a href=\"https:\/\/asia-prop.com\/vi\/column\/property-status\/ascent\/\">\r\n      <img decoding=\"async\" class=\"alignnone\" src=\"https:\/\/asia-prop.com\/wp-content\/uploads\/2023\/01\/Ascent-4.jpg\" alt=\"Chung c\u01b0 Ascent\" \/>\r\n    <\/a>\r\n  <\/p>\r\n  <p>\r\n    <a href=\"https:\/\/asia-prop.com\/vi\/column\/property-status\/ascent\/\">\r\n      <span class=\"condo_name\">\r\n        <strong>Ascent<\/strong>\r\n      <\/span>\r\n    <\/a>\r\n  <\/p>\r\n  <p>\r\n    <span style=\"text-decoration: underline;\">C\u0103n h\u1ed9 khu Th\u1ea3o \u0110i\u1ec1n, Qu\u1eadn 2<\/span>\r\n    <br \/>Chung c\u01b0 n\u00e0y ph\u1ed5 bi\u1ebfn v\u1edbi nhi\u1ec1u ng\u01b0\u1eddi, t\u1eeb ng\u01b0\u1eddi ch\u00e2u \u00c1 bao g\u1ed3m ng\u01b0\u1eddi Nh\u1eadt \u0111\u1ebfn ng\u01b0\u1eddi ch\u00e2u \u00c2u v\u00e0 ng\u01b0\u1eddi M\u1ef9.\r\n    <br \/>Th\u1ea3o \u0110i\u1ec1n, Suzuki Real Estate l\u00e0 c\u0103n h\u1ed9 c\u00f3 nhi\u1ec1u nhu c\u1ea7u v\u00e0 h\u1ee3p \u0111\u1ed3ng.\r\n  <\/p>\r\n  <ul>\r\n    <li>Kho\u1ea3ng 15 ph\u00fat \u0111i xe \u0111\u1ebfn Qu\u1eadn 1<\/li>\r\n    <li>C\u00f3 m\u1ed9t si\u00eau th\u1ecb trong v\u00f2ng 3 ph\u00fat \u0111i b\u1ed9.<\/li>\r\n  <\/ul>\r\n<p>&nbsp;<\/p>\r\n<p>&nbsp;<\/p>\r\n  <p>\r\n    <span class=\"rank\">\r\n      <strong>v\u1ecb tr\u00ed th\u1ee9 12<\/strong>\r\n    <\/span>\r\n  <\/p>\r\n  <p>\r\n    <img decoding=\"async\" class=\"alignnone\" title=\"Estella 500px 4\" src=\"https:\/\/asia-prop.com\/wp-content\/uploads\/2024\/12\/The-Estella-500px-4.jpg\" alt=\"Chung c\u01b0 Estella\" \/>\r\n  <\/p>\r\n  <p>\r\n    <a href=\"https:\/\/asia-prop.com\/vi\/column\/property-status\/the-estella\/\">\r\n      <span class=\"condo_name\">\r\n        <strong>Estella<\/strong>\r\n      <\/span>\r\n    <\/a>\r\n  <\/p>\r\n  <p>\r\n    <span style=\"text-decoration: underline;\">C\u0103n h\u1ed9 m\u1eb7t sau Estella Heights, Ph\u01b0\u1eddng 2<\/span>\r\n    <br \/>R\u1ea5t ph\u1ed5 bi\u1ebfn v\u1edbi ng\u01b0\u1eddi n\u01b0\u1edbc ngo\u00e0i.\r\n    <br \/>Tuy c\u0169 h\u01a1n Estella Heights nh\u01b0ng l\u1ea1i r\u1ed9ng r\u00e3i v\u00e0 gi\u00e1 c\u1ea3 ph\u1ea3i ch\u0103ng. H\u1ed3 b\u01a1i r\u1ed9ng v\u00e0 sang tr\u1ecdng r\u1ea5t h\u1ea5p d\u1eabn.\r\n  <\/p>\r\n  <ul>\r\n    <li>Kho\u1ea3ng 15 ph\u00fat \u0111i xe \u0111\u1ebfn Qu\u1eadn 1<\/li>\r\n    <li>C\u00f3 m\u1ed9t si\u00eau th\u1ecb trong v\u00f2ng 3 ph\u00fat \u0111i b\u1ed9.<\/li>\r\n  <\/ul>\r\n  <p>&nbsp;<\/p>\r\n    <p>&nbsp;<\/p>\r\n  <p>\r\n    <span class=\"rank\">\r\n      <strong>Phi\u00ean b\u1ea3n b\u1ed5 sung<\/strong>\r\n    <\/span>\r\n  <\/p>\r\n  <p>\r\n    <img decoding=\"async\" class=\"alignnone\" title=\"Grand Marina S\u00e0i G\u00f2n\" src=\"https:\/\/asia-prop.com\/wp-content\/uploads\/2024\/06\/Grand-Marina-400px.jpg\" alt=\"Chung c\u01b0 Grand Marina S\u00e0i G\u00f2n\" \/>\r\n  <\/p>\r\n  <p>\r\n    <a href=\"https:\/\/asia-prop.com\/vi\/column\/property-status\/grand-marina-saigon\/\">\r\n      <span class=\"condo_name\">\r\n        <strong>Grand Marina S\u00e0i G\u00f2n<\/strong>\r\n      <\/span>\r\n    <\/a>\r\n  <\/p>\r\n  <p>\r\n    <span style=\"text-decoration: underline;\">C\u0103n h\u1ed9 \u0111\u1eb9p nh\u1ea5t Vi\u1ec7t Nam t\u1ea1i Qu\u1eadn 1<\/span>\r\n    <br \/>Ch\u1ec9 c\u00f3 ng\u01b0\u1eddi gi\u00e0u m\u1edbi s\u1ed1ng \u1edf \u0111\u00e2y\r\n    <br \/>B\u1ea5t \u0111\u1ed9ng s\u1ea3n s\u1ebd \u0111\u01b0\u1ee3c giao v\u00e0o n\u0103m 2024 v\u00e0 \u0111\u01a1n xin thu\u00ea s\u1ebd b\u1eaft \u0111\u1ea7u.\r\n  <\/p>\r\n  <ul>\r\n    <li>Trong v\u00f2ng 5 ph\u00fat \u0111i xe \u0111\u1ebfn trung t\u00e2m Qu\u1eadn 1<\/li>\r\n    <li>T\u1eadp \u0111o\u00e0n Marriott qu\u1ea3n l\u00fd c\u00e1c chung c\u01b0 v\u00e0 cung c\u1ea5p c\u01a1 s\u1edf v\u1eadt ch\u1ea5t c\u0169ng nh\u01b0 d\u1ecbch v\u1ee5 ch\u1ea5t l\u01b0\u1ee3ng cao.<\/li>\r\n\t<li>Trong v\u00f2ng 10 ph\u00fat \u0111i b\u1ed9 \u0111\u1ebfn \u0111\u01b0\u1eddng L\u00ea Th\u00e1nh T\u00f4n<\/li>\r\n  <\/ul>\r\n  <p>&nbsp;<\/p>\r\n    <p>&nbsp;<\/p>\r\n  <p>\r\n    <a href=\"https:\/\/asia-prop.com\/vi\/video\/\">\r\n      <span class=\"condo_name\">\r\n        <strong>Xem chung c\u01b0 b\u1eb1ng video<\/strong>\r\n      <\/span>\r\n    <\/a>\r\n  <\/p>\r\n  <p>\r\n    <a href=\"https:\/\/asia-prop.com\/vi\/video\/\" rel=\"noopener\">\r\n      <img decoding=\"async\" class=\"alignnone\" src=\"http:\/\/asia-prop.com\/wp-content\/uploads\/2022\/07\/Estella-heights-guide.jpg\" alt=\"Bi\u1ec3u ng\u1eef video cho chung c\u01b0\" \/>\r\n    <\/a>\r\n  <\/p>\r\n  <p>&nbsp;<\/p>\r\n  <p>\r\n    <a href=\"https:\/\/asia-prop.com\/vi\/vietnam-hcmc-condo-mansion-gallery-4-columns\/\">\r\n      <span class=\"condo_name\">\r\n        <strong>Danh s\u00e1ch c\u00e1c thu\u1ed9c t\u00ednh m\u1edbi (150)<\/strong>\r\n      <\/span>\r\n    <\/a>\r\n  <\/p>\r\n<\/div>\r\n\r\n<div class=\"wp-block-spacer\" style=\"height: 50px;\" aria-hidden=\"true\">\u00a0<\/div>","protected":false},"excerpt":{"rendered":"<p>Gi\u1edbi thi\u1ec7u danh s\u00e1ch c\u0103n h\u1ed9 chung c\u01b0 c\u1ee7a Suzuki Real Estate t\u1ea1i Th\u00e0nh ph\u1ed1 H\u1ed3 Ch\u00ed Minh. Trang n\u00e0y s\u1ebd gi\u1edbi thi\u1ec7u c\u00e1c c\u0103n h\u1ed9 chung c\u01b0 c\u1ee7a Suzuki Real Estate theo t\u1eebng b\u1ea5t \u0111\u1ed9ng s\u1ea3n ph\u1ed5 bi\u1ebfn. Gi\u1ea3i nh\u1ea5t: Khu Midtown, li\u1ec1n k\u1ec1 Tr\u01b0\u1eddng Nh\u1eadt ng\u1eef t\u1ea1i Qu\u1eadn 7. \u0110\u00e0i Loan...<\/p>","protected":false},"author":1,"featured_media":95267,"parent":0,"menu_order":0,"comment_status":"closed","ping_status":"closed","template":"","meta":{"_mi_skip_tracking":false,"_exactmetrics_sitenote_active":false,"_exactmetrics_sitenote_note":"","_exactmetrics_sitenote_category":0},"aioseo_notices":[],"_links":{"self":[{"href":"https:\/\/asia-prop.com\/vi\/wp-json\/wp\/v2\/pages\/132318"}],"collection":[{"href":"https:\/\/asia-prop.com\/vi\/wp-json\/wp\/v2\/pages"}],"about":[{"href":"https:\/\/asia-prop.com\/vi\/wp-json\/wp\/v2\/types\/page"}],"author":[{"embeddable":true,"href":"https:\/\/asia-prop.com\/vi\/wp-json\/wp\/v2\/users\/1"}],"replies":[{"embeddable":true,"href":"https:\/\/asia-prop.com\/vi\/wp-json\/wp\/v2\/comments?post=132318"}],"version-history":[{"count":66,"href":"https:\/\/asia-prop.com\/vi\/wp-json\/wp\/v2\/pages\/132318\/revisions"}],"predecessor-version":[{"id":132396,"href":"https:\/\/asia-prop.com\/vi\/wp-json\/wp\/v2\/pages\/132318\/revisions\/132396"}],"wp:featuredmedia":[{"embeddable":true,"href":"https:\/\/asia-prop.com\/vi\/wp-json\/wp\/v2\/media\/95267"}],"wp:attachment":[{"href":"https:\/\/asia-prop.com\/vi\/wp-json\/wp\/v2\/media?parent=132318"}],"curies":[{"name":"wp","href":"https:\/\/api.w.org\/{rel}","templated":true}]}}