{"id":120496,"date":"2024-02-03T13:48:24","date_gmt":"2024-02-03T04:48:24","guid":{"rendered":"https:\/\/asia-prop.com\/agreement-procedure-copy\/"},"modified":"2024-02-08T16:24:38","modified_gmt":"2024-02-08T07:24:38","slug":"water-bottle-delivery","status":"publish","type":"page","link":"https:\/\/asia-prop.com\/vi\/water-bottle-delivery\/","title":{"rendered":"Kirifuri | D\u1ecbch v\u1ee5 giao n\u01b0\u1edbc u\u1ed1ng [ti\u1ebfng Nh\u1eadt] | Thay v\u00ec m\u00e1y l\u1ecdc n\u01b0\u1edbc"},"content":{"rendered":"<p>Khi trao \u0111\u1ed5i v\u1edbi nhi\u00eau kh\u00e1ch h\u00e0ng ch\u00fang t\u00f4i nh\u1eadn \u0111\u01b0\u1ee3c nhi\u1ec1u c\u00e2u h\u1ecfi li\u00ean quan \u0111\u1ebfn m\u00e1y l\u1ecdc n\u01b0\u1edbc.<\/p>\n\n\n\n<p>T\u00f9y thu\u1ed9c v\u00e0o ng\u00e2n s\u00e1ch c\u1ee7a b\u1ea1n, ngo\u00e0i vi\u1ec7c d\u1ecdn ph\u00f2ng, ch\u00fang t\u00f4i c\u0169ng c\u00f3 th\u1ec3 l\u1eafp \u0111\u1eb7t m\u00e1y l\u1ecdc n\u01b0\u1edbc, nh\u01b0ng \u0111\u1ed1i v\u1edbi nh\u1eefng kh\u00e1ch h\u00e0ng c\u00f3 ng\u00e2n s\u00e1ch eo h\u1eb9p, ch\u00fang t\u00f4i khuy\u00ean b\u1ea1n n\u00ean s\u1eed d\u1ee5ng b\u00ecnh n\u01b0\u1edbc.<\/p>\n\n\n\n<h2 class=\"headh2\" id=\"header\">D\u1ecbch v\u1ee5 giao n\u01b0\u1edbc u\u1ed1ng [ti\u1ebfng Nh\u1eadt]<\/h2>\n\n\n\n<figure class=\"wp-block-image size-full\"><a href=\"https:\/\/asia-prop.com\/wp-content\/uploads\/2024\/02\/water-bottle-delivery-1.jpg\"><img decoding=\"async\" loading=\"lazy\" width=\"458\" height=\"246\" src=\"https:\/\/asia-prop.com\/wp-content\/uploads\/2024\/02\/water-bottle-delivery-1.jpg\" alt=\"giao chai n\u01b0\u1edbc 1\" class=\"wp-image-120508\" srcset=\"https:\/\/asia-prop.com\/wp-content\/uploads\/2024\/02\/water-bottle-delivery-1.jpg 458w, https:\/\/asia-prop.com\/wp-content\/uploads\/2024\/02\/water-bottle-delivery-1-18x10.jpg 18w, https:\/\/asia-prop.com\/wp-content\/uploads\/2024\/02\/water-bottle-delivery-1-150x81.jpg 150w\" sizes=\"(max-width: 458px) 100vw, 458px\" \/><\/a><\/figure>\n\n\n\n<p>V\u00ec n\u01b0\u1edbc \u1edf Th\u00e0nh ph\u1ed1 H\u1ed3 Ch\u00ed Minh c\u00f3 th\u00e0nh ph\u1ea7n calo n\u00ean d\u1ecbch v\u1ee5 giao n\u01b0\u1edbc \u0111\u00f3ng chai \u0111\u01b0\u1ee3c nhi\u1ec1u ng\u01b0\u1eddi bi\u1ebft \u0111\u1ebfn.<\/p>\n\n\n\n<p>Trong s\u1ed1 c\u00e1c h\u00e3ng s\u1ea3n xu\u1ea5t chai n\u01b0\u1edbc, Kirifuri \u0111\u01b0\u1ee3c ng\u01b0\u1eddi Nh\u1eadt \u01b0a chu\u1ed9ng v\u00ec c\u00f3 th\u1ec3 trao \u0111\u1ed5i b\u1eb1ng ti\u1ebfng Nh\u1eadt.<\/p>\n\n\n\n<p>Th\u00eam b\u1ea1n b\u00e8 b\u1eb1ng Zalo v\u00e0 n\u00f3i v\u1edbi h\u1ecd r\u1eb1ng b\u1ea1n mu\u1ed1n mua n\u01b0\u1edbc c\u1ee7a h\u1ecd.<\/p>\n\n\n\n<p>Khi b\u1ea1n \u0111\u01b0\u1ee3c th\u00eam l\u00e0m b\u1ea1n b\u00e8, b\u1ea1n s\u1ebd \u0111\u01b0\u1ee3c h\u1ecfi \u0111\u1ecba ch\u1ec9 c\u1ee7a m\u00ecnh v\u00e0 s\u1ebd \u0111\u01b0\u1ee3c gi\u1ea3i th\u00edch v\u1ec1 c\u00e1c kho\u1ea3n ph\u00ed.<\/p>\n\n\n\n<figure class=\"wp-block-table\"><table class=\"has-black-color has-text-color\"><tbody><tr><td>chai 19L <\/td><td>48.000\u0111 m\u1ed9t chai<\/td><\/tr><tr><td>\u0110\u1eb7t c\u1ecdc chai (ch\u1ec9 l\u1ea7n \u0111\u1ea7u ti\u00ean)<\/td><td>50.000\u0111 m\u1ed9t chai<\/td><\/tr><tr><td>ki\u1ec3u<\/td><td>C\u00f3 v\u00f2i\/cho m\u00e1y ch\u1ee7 n\u01b0\u1edbc<\/td><\/tr><\/tbody><\/table><\/figure>\n\n\n\n<p>*Mi\u1ec5n ph\u00ed v\u1eadn chuy\u1ec3n t\u1eeb 5 chai<\/p>\n\n\n\n<p>*N\u1ebfu b\u1ea1n li\u00ean h\u1ec7 v\u1edbi ch\u00fang t\u00f4i v\u00e0o bu\u1ed5i s\u00e1ng, g\u00f3i h\u00e0ng s\u1ebd \u0111\u01b0\u1ee3c giao v\u00e0o kho\u1ea3ng gi\u1eefa tr\u01b0a.<\/p>\n\n\n\n<div class=\"is-layout-flex wp-block-buttons\">\n<div class=\"wp-block-button is-style-fill\"><a class=\"wp-block-button__link has-background wp-element-button\" style=\"background-color:#5e9e25cc\">Zalo 0903815594<\/a><\/div>\n<\/div>\n\n\n\n<div style=\"height:81px\" aria-hidden=\"true\" class=\"wp-block-spacer\"><\/div>\n\n\n\n\n\n<div class=\"rh_content_singlepage\">\n<div class=\"rh_property__common_note\">\n<h4 class=\"rh_property__heading\">Suzuki - B\u1ea5t \u0111\u1ed9ng s\u1ea3n H\u1ed3 Ch\u00ed Minh<\/h4><p>T\u1ea1i Suzuki Real Estate, ngay c\u1ea3 \u1edf Vi\u1ec7t Nam, c\u00e1c \u0111\u1ea1i l\u00fd b\u1ea5t \u0111\u1ed9ng s\u1ea3n (m\u00f4i gi\u1edbi b\u1ea5t \u0111\u1ed9ng s\u1ea3n) \u0111\u1ea1t ti\u00eau chu\u1ea9n Nh\u1eadt B\u1ea3n lu\u00f4n t\u00fac tr\u1ef1c v\u00e0 h\u01b0\u1edbng d\u1eabn b\u1ea1n. Ph\u00ed m\u00f4i gi\u1edbi cho thu\u00ea l\u00e0 [mi\u1ec5n ph\u00ed]. Trong l\u0129nh v\u1ef1c m\u00f4i gi\u1edbi, t\u00f4i \u0111\u01b0\u1ee3c t\u01b0 v\u1ea5n nhi\u1ec1u v\u1ec1 mua b\u00e1n b\u1ea5t \u0111\u1ed9ng s\u1ea3n, v\u0103n ph\u00f2ng v\u00e0 t\u00f4i r\u1ea5t t\u1ef1 tin. C\u00f3 nhi\u1ec1u th\u00f4ng tin b\u1ea5t \u0111\u1ed9ng s\u1ea3n [t\u00e0i s\u1ea3n kh\u00f4ng \u0111\u01b0\u1ee3c ti\u1ebft l\u1ed9] kh\u00f4ng c\u1ed1 \u00fd \u0111\u0103ng t\u1ea3i, vui l\u00f2ng h\u1ecfi chi ti\u1ebft (ch\u00fang t\u00f4i n\u1eafm t\u1ed5ng qu\u00e1t v\u1ec1 b\u1ea5t \u0111\u1ed9ng s\u1ea3n quanh TP.HCM, bao g\u1ed3m c\u1ea3 t\u00e0i s\u1ea3n m\u1edbi v\u00e0 \u0111\u00e3 qua s\u1eed d\u1ee5ng). Suzuki \u0110T 0914408621<\/p>\t\t<\/div>\n<\/div>\n\n\n\n<div class=\"is-layout-constrained wp-block-group\"><div class=\"wp-block-group__inner-container\">\n<div style=\"height:41px\" aria-hidden=\"true\" class=\"wp-block-spacer\"><\/div>\n<\/div><\/div>\n\n\n\n<div style=\"height:18px\" aria-hidden=\"true\" class=\"wp-block-spacer\"><\/div>\n\n\n\n<div class=\"inqq\"><b class=\"inq\">\u0110\u1eb7t c\u00e2u h\u1ecfi<\/b><br>\n<b><a href=\"tel:+84914408621\" data-wpel-link=\"internal\" class=\"pagephone\">+84 (0) 914408621 (Ti\u1ebfng Nh\u1eadt, Ti\u1ebfng Anh, Ti\u1ebfng Trung)<\/a><\/b><br>\n<b><a href=\"mailto:info@asia-prop.com\" class=\"pagemail\">info@asia-prop.com<\/a><\/b><br><\/div>","protected":false},"excerpt":{"rendered":"<p>Khi ch\u00fang t\u00f4i h\u01b0\u1edbng d\u1eabn v\u00e0 giao h\u00e0ng h\u00e0ng ng\u00e0y, ch\u00fang t\u00f4i nh\u1eadn \u0111\u01b0\u1ee3c nhi\u1ec1u c\u00e2u h\u1ecfi li\u00ean quan \u0111\u1ebfn m\u00e1y l\u1ecdc n\u01b0\u1edbc. T\u00f9y thu\u1ed9c v\u00e0o ng\u00e2n s\u00e1ch c\u1ee7a b\u1ea1n, ngo\u00e0i vi\u1ec7c d\u1ecdn ph\u00f2ng, ch\u00fang t\u00f4i c\u0169ng c\u00f3 th\u1ec3 l\u1eafp \u0111\u1eb7t m\u00e1y l\u1ecdc n\u01b0\u1edbc, nh\u01b0ng \u0111\u1ed1i v\u1edbi nh\u1eefng kh\u00e1ch h\u00e0ng c\u00f3 ng\u00e2n s\u00e1ch eo h\u1eb9p, ch\u00fang t\u00f4i khuy\u00ean b\u1ea1n n\u00ean s\u1eed d\u1ee5ng b\u00ecnh n\u01b0\u1edbc.<\/p>","protected":false},"author":1,"featured_media":120508,"parent":0,"menu_order":0,"comment_status":"closed","ping_status":"closed","template":"","meta":{"_mi_skip_tracking":false,"_exactmetrics_sitenote_active":false,"_exactmetrics_sitenote_note":"","_exactmetrics_sitenote_category":0},"aioseo_notices":[],"_links":{"self":[{"href":"https:\/\/asia-prop.com\/vi\/wp-json\/wp\/v2\/pages\/120496"}],"collection":[{"href":"https:\/\/asia-prop.com\/vi\/wp-json\/wp\/v2\/pages"}],"about":[{"href":"https:\/\/asia-prop.com\/vi\/wp-json\/wp\/v2\/types\/page"}],"author":[{"embeddable":true,"href":"https:\/\/asia-prop.com\/vi\/wp-json\/wp\/v2\/users\/1"}],"replies":[{"embeddable":true,"href":"https:\/\/asia-prop.com\/vi\/wp-json\/wp\/v2\/comments?post=120496"}],"version-history":[{"count":18,"href":"https:\/\/asia-prop.com\/vi\/wp-json\/wp\/v2\/pages\/120496\/revisions"}],"predecessor-version":[{"id":120659,"href":"https:\/\/asia-prop.com\/vi\/wp-json\/wp\/v2\/pages\/120496\/revisions\/120659"}],"wp:featuredmedia":[{"embeddable":true,"href":"https:\/\/asia-prop.com\/vi\/wp-json\/wp\/v2\/media\/120508"}],"wp:attachment":[{"href":"https:\/\/asia-prop.com\/vi\/wp-json\/wp\/v2\/media?parent=120496"}],"curies":[{"name":"wp","href":"https:\/\/api.w.org\/{rel}","templated":true}]}}