{"id":118301,"date":"2023-08-23T13:26:31","date_gmt":"2023-08-23T04:26:31","guid":{"rendered":"https:\/\/asia-prop.com\/agreement-procedure-copy\/"},"modified":"2024-02-08T16:30:47","modified_gmt":"2024-02-08T07:30:47","slug":"unique-character-for-vietnam-rental-property","status":"publish","type":"page","link":"https:\/\/asia-prop.com\/vi\/unique-character-for-vietnam-rental-property\/","title":{"rendered":"\u0110\u1eb7c \u0111i\u1ec3m c\u1ee7a b\u1ea5t \u0111\u1ed9ng s\u1ea3n cho thu\u00ea [C\u0103n h\u1ed9\/Chung c\u01b0]"},"content":{"rendered":"<figure class=\"wp-block-image size-full\"><a href=\"https:\/\/asia-prop.com\/wp-content\/uploads\/2023\/08\/feliz-en-vista.jpg\"><img decoding=\"async\" loading=\"lazy\" width=\"900\" height=\"540\" src=\"https:\/\/asia-prop.com\/wp-content\/uploads\/2023\/08\/feliz-en-vista.jpg\" alt=\"c\u1ea3m gi\u00e1c tuy\u1ec7t v\u1eddi trong t\u1ea7m nh\u00ecn\" class=\"wp-image-118314\" srcset=\"https:\/\/asia-prop.com\/wp-content\/uploads\/2023\/08\/feliz-en-vista.jpg 900w, https:\/\/asia-prop.com\/wp-content\/uploads\/2023\/08\/feliz-en-vista-768x461.jpg 768w, https:\/\/asia-prop.com\/wp-content\/uploads\/2023\/08\/feliz-en-vista-18x12.jpg 18w, https:\/\/asia-prop.com\/wp-content\/uploads\/2023\/08\/feliz-en-vista-150x90.jpg 150w\" sizes=\"(max-width: 900px) 100vw, 900px\" \/><\/a><\/figure>\n\n\n\n<p>Chung c\u01b0 c\u00f3 l\u1ecbch s\u1eed ng\u1eafn \u1edf Vi\u1ec7t Nam v\u00e0 vi\u1ec7c x\u00e2y d\u1ef1ng b\u1eaft \u0111\u1ea7u nhanh ch\u00f3ng v\u00e0o kho\u1ea3ng th\u1eddi gian ng\u01b0\u1eddi n\u01b0\u1edbc ngo\u00e0i c\u00f3 th\u1ec3 mua ch\u00fang v\u00e0o n\u0103m 2015. V\u00ed d\u1ee5, vi\u1ec7c x\u00e2y d\u1ef1ng khu chung c\u01b0 Tao \u0110i\u1ec1n \u1edf qu\u1eadn 2, TP.HCM b\u1eaft \u0111\u1ea7u v\u00e0o kho\u1ea3ng n\u0103m 2015, bi\u1ec3u t\u01b0\u1ee3ng Vinhome Central Park \u0111\u01b0\u1ee3c ho\u00e0n th\u00e0nh v\u00e0o kho\u1ea3ng n\u0103m 2018 v\u00e0 vi\u1ec7c x\u00e2y d\u1ef1ng San Wa Pearl \u1edf qu\u1eadn Bintan \u0111\u01b0\u1ee3c ho\u00e0n th\u00e0nh v\u00e0o kho\u1ea3ng n\u0103m 2020. Kho\u1ea3ng n\u0103m 2010, qu\u1eadn Bintan ch\u1ec9 c\u00f3 th\u1ec3 s\u00e1nh ngang v\u1edbi S\u00e0i G\u00f2n Pearl v\u00e0 ti\u1ebfp t\u1ee5c ph\u00e1t tri\u1ec3n v\u1edbi t\u1ed1c \u0111\u1ed9 th\u1ef1c s\u1ef1 v\u01b0\u1ee3t tr\u1ed9i.<\/p>\n\n\n\n<p>B\u1ea5t \u0111\u1ed9ng s\u1ea3n cho thu\u00ea \u1edf Vi\u1ec7t Nam \u0111ang ph\u00e1t tri\u1ec3n nhanh ch\u00f3ng v\u00e0 c\u00f3 nh\u1eefng \u0111\u1eb7c \u0111i\u1ec3m ri\u00eang bi\u1ec7t \u0111\u01b0\u1ee3c ch\u00fang t\u00f4i t\u1ed5ng h\u1ee3p trong b\u00e0i vi\u1ebft n\u00e0y.<\/p>\n\n\n\n<h2 id=\"header\">\u2460 Thu\u00ea bao g\u1ed3m \u0111\u1ed3 gia d\u1ee5ng v\u00e0 n\u1ed9i th\u1ea5t<\/h2>\n\n\n\n<p>\u1ede Vi\u1ec7t Nam, h\u1ea7u h\u1ebft c\u00e1c c\u0103n h\u1ed9 \u0111\u01b0\u1ee3c ng\u01b0\u1eddi n\u01b0\u1edbc ngo\u00e0i \u01b0a chu\u1ed9ng \u0111\u1ec1u c\u00f3 s\u1eb5n n\u1ed9i th\u1ea5t v\u00e0 \u0111\u1ed3 d\u00f9ng.<\/p>\n\n\n\n<p>N\u1ec1n v\u0103n h\u00f3a n\u00e0y b\u1eaft ngu\u1ed3n t\u1eeb Vi\u1ec7t Nam, n\u01a1i c\u00f3 nhi\u1ec1u ng\u01b0\u1eddi n\u01b0\u1edbc ngo\u00e0i sinh s\u1ed1ng v\u00e0 c\u1ea7n \u00edt h\u00e0nh l\u00fd h\u01a1n khi di chuy\u1ec3n qua bi\u00ean gi\u1edbi.<\/p>\n\n\n\n<p>Trong h\u1ea7u h\u1ebft c\u00e1c tr\u01b0\u1eddng h\u1ee3p, \u0111\u1ed3 n\u1ed9i th\u1ea5t nh\u01b0 b\u00e0n, gh\u1ebf sofa, gi\u01b0\u1eddng, t\u1ee7, t\u1ee7 tivi, r\u00e8m c\u1eeda v\u00e0 c\u00e1c thi\u1ebft b\u1ecb \u0111i\u1ec7n nh\u01b0 m\u00e1y \u0111i\u1ec1u h\u00f2a, m\u00e1y gi\u1eb7t, tivi, t\u1ee7 l\u1ea1nh v\u00e0 b\u1ebfp \u0111i\u1ec7n (gas) \u0111\u1ec1u \u0111\u00e3 \u0111\u01b0\u1ee3c l\u1eafp \u0111\u1eb7t s\u1eb5n.<\/p>\n\n\n\n<p>Tr\u01b0\u1edbc khi k\u00fd h\u1ee3p \u0111\u1ed3ng thu\u00ea nh\u00e0, th\u01b0\u1eddng c\u00f3 th\u1ec3 th\u01b0\u01a1ng l\u01b0\u1ee3ng th\u00eam m\u1ed9t s\u1ed1 \u0111i\u1ec3m.<\/p>\n\n\n\n<h2 id=\"header\">\u2461 Th\u00eam d\u1ecbch v\u1ee5 d\u1ecdn ph\u00f2ng v\u00e0o h\u1ee3p \u0111\u1ed3ng thu\u00ea nh\u00e0<\/h2>\n\n\n\n<p>Ch\u00fang t\u00f4i s\u1ebd \u0111i\u1ec1u ch\u1ec9nh gi\u00e1 thu\u00ea bao g\u1ed3m \u0111i\u1ec7n, n\u01b0\u1edbc, d\u1ecdn ph\u00f2ng, k\u00eanh truy\u1ec1n h\u00ecnh Nh\u1eadt B\u1ea3n, v.v.<\/p>\n\n\n\n<p>Nhi\u1ec1u ng\u01b0\u1eddi chuy\u1ec3n t\u1eeb c\u0103n h\u1ed9 d\u1ecbch v\u1ee5 sang chung c\u01b0 v\u00ec c\u00e1c d\u1ecbch v\u1ee5 \u0111\u01b0\u1ee3c cung c\u1ea5p g\u1ea7n nh\u01b0 gi\u1ed1ng nh\u01b0 c\u0103n h\u1ed9 d\u1ecbch v\u1ee5.<\/p>\n\n\n\n<p>T\u1ea1i c\u00f4ng ty ch\u00fang t\u00f4i th\u01b0\u1eddng gi\u1edbi thi\u1ec7u v\u00e0 \u0111i\u1ec1u ph\u1ed1i c\u00e1c nh\u00e0 cung c\u1ea5p d\u1ecbch v\u1ee5 kh\u00e1c nhau tr\u01b0\u1edbc khi chuy\u1ec3n \u0111\u1ebfn.<\/p>\n\n\n\n<p>D\u1ecbch v\u1ee5 d\u1ecdn ph\u00f2ng c\u0169ng c\u00f3 th\u1ec3 \u0111\u01b0\u1ee3c t\u00ednh th\u00eam v\u1edbi gi\u00e1 kho\u1ea3ng 100-200 USD, v\u00ec v\u1eady ch\u00fang t\u00f4i khuy\u00ean b\u1ea1n n\u00ean ghi nh\u1edb \u0111i\u1ec1u n\u00e0y khi t\u00ecm ki\u1ebfm ch\u1ed7 ngh\u1ec9.<\/p>\n\n\n\n<p>H\u00e3y y\u00ean t\u00e2m r\u1eb1ng ch\u00fang t\u00f4i s\u1ebd kh\u00f4ng t\u00ednh ph\u00ed cho b\u1ea1n cho lo\u1ea1i c\u00f4ng vi\u1ec7c \u0111i\u1ec1u ch\u1ec9nh n\u00e0y.<\/p>\n\n\n\n<h2 id=\"header\">\u2462 Mi\u1ec5n ph\u00ed m\u00f4i gi\u1edbi, h\u1ee3p \u0111\u1ed3ng thu\u00ea 1 n\u0103m<\/h2>\n\n\n\n<p>Nhi\u1ec1u \u0111\u1ea1i l\u00fd b\u1ea5t \u0111\u1ed9ng s\u1ea3n, trong \u0111\u00f3 c\u00f3 c\u00f4ng ty ch\u00fang t\u00f4i, kh\u00f4ng nh\u1eadn ph\u00ed m\u00f4i gi\u1edbi t\u1eeb ng\u01b0\u1eddi thu\u00ea khi k\u00fd h\u1ee3p \u0111\u1ed3ng mua b\u00e1n nh\u00e0 chung c\u01b0 ho\u1eb7c c\u0103n h\u1ed9 d\u1ecbch v\u1ee5.<\/p>\n\n\n\n<p>H\u1ee3p \u0111\u1ed3ng cho thu\u00ea th\u01b0\u1eddng c\u00f3 th\u1eddi h\u1ea1n t\u1eeb m\u1ed9t n\u0103m tr\u1edf l\u00ean v\u00e0 trong th\u1eddi gian ng\u1eafn h\u01a1n, c\u00f3 nhi\u1ec1u tr\u01b0\u1eddng h\u1ee3p ng\u01b0\u1eddi thu\u00ea c\u00f2n nh\u1eadn \u0111\u01b0\u1ee3c ti\u1ec1n b\u1ed3i th\u01b0\u1eddng.<\/p>\n\n\n\n<h2 id=\"header\">\u2463 Nh\u00e0 h\u01b0\u1edbng B\u1eafc c\u00f3 \u00e1nh n\u1eafng x\u1ea5u \u0111\u01b0\u1ee3c \u01b0a chu\u1ed9ng<\/h2>\n\n\n\n<p>\u1ede Vi\u1ec7t Nam, kh\u00f4ng gi\u1ed1ng nh\u01b0 Nh\u1eadt B\u1ea3n, m\u1eb7t tr\u1eddi r\u1ea5t gay g\u1eaft n\u00ean nh\u1eefng ng\u00f4i nh\u00e0 h\u01b0\u1edbng v\u1ec1 ph\u00eda B\u1eafc mang l\u1ea1i b\u00f3ng m\u00e1t r\u1ea5t \u0111\u01b0\u1ee3c \u01b0a chu\u1ed9ng.<\/p>\n\n\n\n<p>H\u00f3a \u0111\u01a1n \u0111i\u1ec1u h\u00f2a s\u1ebd chi\u1ebfm ph\u1ea7n l\u1edbn trong h\u00f3a \u0111\u01a1n ti\u1ec1n \u0111i\u1ec7n c\u1ee7a b\u1ea1n nh\u01b0ng n\u00f3 l\u1ea1i l\u00e0 th\u1ee9 s\u1ebd \u1ea3nh h\u01b0\u1edfng \u0111\u1ebfn h\u00f3a \u0111\u01a1n \u0111i\u1ec1u h\u00f2a c\u1ee7a b\u1ea1n n\u00ean h\u00e3y c\u1ea9n th\u1eadn.<\/p>\n\n\n\n<h2 id=\"header\">\u2464 Th\u1ec3 d\u1ee5c Ph\u00f2ng t\u1eadp th\u1ec3 d\u1ee5c v\u00e0 h\u1ed3 b\u01a1i r\u1ea5t r\u1ed9ng.<\/h2>\n\n\n\n<p>C\u00e1c chung c\u01b0 l\u1edbn h\u01a1n c\u00f3 th\u1ec3 c\u00f3 h\u1ed3 b\u01a1i d\u00e0i 50 m\u00e9t t\u1ea1i ch\u1ed7, nh\u1eefng ti\u1ec7n nghi sang tr\u1ecdng v\u00e0 b\u1ec3 s\u1ee5c \u1edf h\u1ed3 b\u01a1i.<\/p>\n\n\n\n<p>M\u1ed9t s\u1ed1 c\u01a1 s\u1edf kinh doanh c\u00f2n c\u00f3 ph\u00f2ng t\u1eadp th\u1ec3 d\u1ee5c v\u1edbi trang thi\u1ebft b\u1ecb t\u01b0\u01a1ng \u0111\u01b0\u01a1ng v\u1edbi c\u00e2u l\u1ea1c b\u1ed9 th\u1ec3 h\u00ecnh.<\/p>\n\n\n\n<p>T\u00f4i c\u0169ng \u0111\u00e3 k\u00fd h\u1ee3p \u0111\u1ed3ng d\u00e0i h\u1ea1n v\u1edbi m\u1ed9t c\u00e2u l\u1ea1c b\u1ed9 th\u1ec3 h\u00ecnh \u1edf California, nh\u01b0ng khi chuy\u1ec3n \u0111\u1ebfn m\u1ed9t khu chung c\u01b0 c\u00f3 c\u01a1 s\u1edf v\u1eadt ch\u1ea5t t\u1ed1t, t\u00f4i th\u01b0\u1eddng xuy\u00ean \u01b0\u1edbc m\u00ecnh kh\u00f4ng \u1edf California ch\u00fat n\u00e0o.<\/p>\n\n\n\n<h2 id=\"header\">\u2465 B\u1ea3o m\u1eadt m\u1ea1nh m\u1ebd<\/h2>\n\n\n\n<p>Chung c\u01b0 c\u00e0ng sang tr\u1ecdng th\u00ec an ninh c\u00e0ng nghi\u00eam ng\u1eb7t.<\/p>\n\n\n\n<p>Tr\u01b0\u1edbc khi v\u00e0o ph\u00f2ng, b\u1ea1n c\u00f3 th\u1ec3 y\u00ean t\u00e2m r\u1eb1ng nh\u00e2n vi\u00ean b\u1ea3o v\u1ec7 \u1edf l\u1ed1i v\u00e0o c\u1ee7a c\u01a1 s\u1edf, l\u1ed1i v\u00e0o, thang m\u00e1y ri\u00eang v\u00e0 ch\u00eca kh\u00f3a ph\u00f2ng \u0111\u1ec1u c\u00f3 b\u1ed1n ng\u01b0\u1eddi.<\/p>\n\n\n\n<h2 id=\"header\">\u2466 Ki\u1ebfn v\u00e0 t\u1eafc k\u00e8 trong ph\u00f2ng<\/h2>\n\n\n\n<p>\u1ede v\u00f9ng nhi\u1ec7t \u0111\u1edbi Vi\u1ec7t Nam, ki\u1ebfn v\u00e0 t\u1eafc k\u00e8 xu\u1ea5t hi\u1ec7n trong ph\u00f2ng b\u1ea1n kh\u00f4ng ph\u1ea3i l\u00e0 chuy\u1ec7n hi\u1ebfm.<\/p>\n\n\n\n<p>Ngay c\u1ea3 khi b\u1ea1n lau t\u01b0\u1eddng, b\u1ea1n v\u1eabn c\u00f3 th\u1ec3 th\u1ea5y nh\u1eefng \u0111\u00e0n ki\u1ebfn h\u00ecnh th\u00e0nh \u1edf c\u00e1c g\u00f3c t\u01b0\u1eddng.<\/p>\n\n\n\n<p>T\u1eafc k\u00e8 \u0103n gi\u00e1n n\u00ean kh\u00f3 ph\u00e2n lo\u1ea1i ch\u00fang l\u00e0 lo\u00e0i g\u00e2y h\u1ea1i nh\u01b0ng d\u00f9 hi\u1ebfm \u1edf Nh\u1eadt B\u1ea3n nh\u01b0ng ch\u00fang l\u1ea1i th\u01b0\u1eddng th\u1ea5y \u1edf Vi\u1ec7t Nam.<\/p>\n\n\n\n<p>M\u1eb7t kh\u00e1c, t\u00f4i hi\u1ebfm khi nh\u00ecn th\u1ea5y gi\u00e1n n\u00ean kh\u00f4ng th\u1ec3 n\u00f3i g\u00ec.<\/p>\n\n\n\n<h2 id=\"header\">\u2467 Nhi\u1ec1u khuy\u1ebft \u0111i\u1ec3m<\/h2>\n\n\n\n<p>Tr\u00ean th\u1ef1c t\u1ebf, \u0111\u1ed3 \u0111\u1ea1c v\u00e0 thi\u1ebft b\u1ecb c\u1ee7a b\u1ea1n c\u00f3 th\u1ec3 kh\u00f4ng \u1edf t\u00ecnh tr\u1ea1ng t\u1ed1t sau khi b\u1ea1n b\u1eaft \u0111\u1ea7u s\u1ed1ng \u1edf ng\u00f4i nh\u00e0 m\u1edbi.<\/p>\n\n\n\n<p>Ngay c\u1ea3 khi kh\u00f4ng c\u00f3 v\u1ea5n \u0111\u1ec1 g\u00ec v\u00e0o th\u1eddi \u0111i\u1ec3m b\u00e0n giao th\u00ec sau m\u1ed9t th\u1eddi gian, nhi\u1ec1u v\u1ea5n \u0111\u1ec1 kh\u00e1c nhau s\u1ebd n\u1ea3y sinh.<\/p>\n\n\n\n<p>N\u1ebfu b\u1ea1n cho r\u1eb1ng nh\u00e0 v\u1ec7 sinh \u0111\u00e3 \u0111\u01b0\u1ee3c s\u1eeda ch\u1eefa, ho\u1eb7c h\u1ec7 th\u1ed1ng \u1ed1ng n\u01b0\u1edbc trong nh\u00e0 b\u1ebfp c\u1ea7n s\u1eeda ch\u1eefa, v.v., \u0111i\u1ec1u \u0111\u1ea7u ti\u00ean b\u1ea1n n\u00ean l\u00e0m l\u00e0 n\u00f3i v\u1edbi \u0111\u1ea1i l\u00fd b\u1ea5t \u0111\u1ed9ng s\u1ea3n c\u1ee7a m\u00ecnh.<\/p>\n\n\n\n<div style=\"height:81px\" aria-hidden=\"true\" class=\"wp-block-spacer\"><\/div>\n\n\n\n\n\n<div class=\"rh_content_singlepage\">\n<div class=\"rh_property__common_note\">\n<h4 class=\"rh_property__heading\">Suzuki - B\u1ea5t \u0111\u1ed9ng s\u1ea3n H\u1ed3 Ch\u00ed Minh<\/h4><p>T\u1ea1i Suzuki Real Estate, ngay c\u1ea3 \u1edf Vi\u1ec7t Nam, c\u00e1c \u0111\u1ea1i l\u00fd b\u1ea5t \u0111\u1ed9ng s\u1ea3n (m\u00f4i gi\u1edbi b\u1ea5t \u0111\u1ed9ng s\u1ea3n) \u0111\u1ea1t ti\u00eau chu\u1ea9n Nh\u1eadt B\u1ea3n lu\u00f4n t\u00fac tr\u1ef1c v\u00e0 h\u01b0\u1edbng d\u1eabn b\u1ea1n. Ph\u00ed m\u00f4i gi\u1edbi cho thu\u00ea l\u00e0 [mi\u1ec5n ph\u00ed]. Trong l\u0129nh v\u1ef1c m\u00f4i gi\u1edbi, t\u00f4i \u0111\u01b0\u1ee3c t\u01b0 v\u1ea5n nhi\u1ec1u v\u1ec1 mua b\u00e1n b\u1ea5t \u0111\u1ed9ng s\u1ea3n, v\u0103n ph\u00f2ng v\u00e0 t\u00f4i r\u1ea5t t\u1ef1 tin. C\u00f3 nhi\u1ec1u th\u00f4ng tin b\u1ea5t \u0111\u1ed9ng s\u1ea3n [t\u00e0i s\u1ea3n kh\u00f4ng \u0111\u01b0\u1ee3c ti\u1ebft l\u1ed9] kh\u00f4ng c\u1ed1 \u00fd \u0111\u0103ng t\u1ea3i, vui l\u00f2ng h\u1ecfi chi ti\u1ebft (ch\u00fang t\u00f4i n\u1eafm t\u1ed5ng qu\u00e1t v\u1ec1 b\u1ea5t \u0111\u1ed9ng s\u1ea3n quanh TP.HCM, bao g\u1ed3m c\u1ea3 t\u00e0i s\u1ea3n m\u1edbi v\u00e0 \u0111\u00e3 qua s\u1eed d\u1ee5ng). Suzuki \u0110T 0914408621<\/p>\t\t<\/div>\n<\/div>\n\n\n\n<div class=\"is-layout-constrained wp-block-group\"><div class=\"wp-block-group__inner-container\">\n<div style=\"height:41px\" aria-hidden=\"true\" class=\"wp-block-spacer\"><\/div>\n<\/div><\/div>\n\n\n\n<div style=\"height:18px\" aria-hidden=\"true\" class=\"wp-block-spacer\"><\/div>\n\n\n\n<div class=\"inqq\"><b class=\"inq\">\u0110\u1eb7t c\u00e2u h\u1ecfi<\/b><br>\n<b><a href=\"tel:+84914408621\" data-wpel-link=\"internal\" class=\"pagephone\">+84 (0) 914408621 (Ti\u1ebfng Nh\u1eadt, Ti\u1ebfng Anh, Ti\u1ebfng Trung)<\/a><\/b><br>\n<b><a href=\"mailto:info@asia-prop.com\" class=\"pagemail\">info@asia-prop.com<\/a><\/b><br><\/div>","protected":false},"excerpt":{"rendered":"<p>Chung c\u01b0 c\u00f3 l\u1ecbch s\u1eed ng\u1eafn \u1edf Vi\u1ec7t Nam v\u00e0 vi\u1ec7c x\u00e2y d\u1ef1ng b\u1eaft \u0111\u1ea7u nhanh ch\u00f3ng v\u00e0o kho\u1ea3ng th\u1eddi gian ng\u01b0\u1eddi n\u01b0\u1edbc ngo\u00e0i c\u00f3 th\u1ec3 mua ch\u00fang v\u00e0o n\u0103m 2015. Ch\u1eb3ng h\u1ea1n, t\u1eeb kho\u1ea3ng n\u0103m 2015, khu chung c\u01b0 Tao \u0110i\u1ec1n, Qu\u1eadn 2, TP.HCM \u0111\u00e3 x\u00e2y d\u1ef1ng bi\u1ec3u t\u01b0\u1ee3ng c\u1ee7a m\u00ecnh l\u00e0...<\/p>","protected":false},"author":1,"featured_media":117699,"parent":0,"menu_order":0,"comment_status":"closed","ping_status":"closed","template":"","meta":{"_mi_skip_tracking":false,"_exactmetrics_sitenote_active":false,"_exactmetrics_sitenote_note":"","_exactmetrics_sitenote_category":0},"aioseo_notices":[],"_links":{"self":[{"href":"https:\/\/asia-prop.com\/vi\/wp-json\/wp\/v2\/pages\/118301"}],"collection":[{"href":"https:\/\/asia-prop.com\/vi\/wp-json\/wp\/v2\/pages"}],"about":[{"href":"https:\/\/asia-prop.com\/vi\/wp-json\/wp\/v2\/types\/page"}],"author":[{"embeddable":true,"href":"https:\/\/asia-prop.com\/vi\/wp-json\/wp\/v2\/users\/1"}],"replies":[{"embeddable":true,"href":"https:\/\/asia-prop.com\/vi\/wp-json\/wp\/v2\/comments?post=118301"}],"version-history":[{"count":10,"href":"https:\/\/asia-prop.com\/vi\/wp-json\/wp\/v2\/pages\/118301\/revisions"}],"predecessor-version":[{"id":118669,"href":"https:\/\/asia-prop.com\/vi\/wp-json\/wp\/v2\/pages\/118301\/revisions\/118669"}],"wp:featuredmedia":[{"embeddable":true,"href":"https:\/\/asia-prop.com\/vi\/wp-json\/wp\/v2\/media\/117699"}],"wp:attachment":[{"href":"https:\/\/asia-prop.com\/vi\/wp-json\/wp\/v2\/media?parent=118301"}],"curies":[{"name":"wp","href":"https:\/\/api.w.org\/{rel}","templated":true}]}}