{"id":118092,"date":"2023-08-22T13:59:08","date_gmt":"2023-08-22T04:59:08","guid":{"rendered":"https:\/\/asia-prop.com\/transport-copy\/"},"modified":"2024-02-08T16:25:02","modified_gmt":"2024-02-08T07:25:02","slug":"property-type-for-rent","status":"publish","type":"page","link":"https:\/\/asia-prop.com\/vi\/property-type-for-rent\/","title":{"rendered":"Th\u00f4ng tin lo\u1ea1i b\u1ea5t \u0111\u1ed9ng s\u1ea3n [c\u0103n h\u1ed9, c\u0103n h\u1ed9, c\u0103n h\u1ed9 d\u1ecbch v\u1ee5, bi\u1ec7t th\u1ef1]"},"content":{"rendered":"<p>C\u00f3 5 lo\u1ea1i nh\u00e0 cho thu\u00ea \u1edf Vi\u1ec7t Nam:<\/p>\n\n\n\n<ul>\n<li>C\u0103n h\u1ed9<\/li>\n\n\n\n<li>Chung c\u01b0<\/li>\n\n\n\n<li>nh\u00e0 b\u1eadc thang<\/li>\n\n\n\n<li>C\u0103n h\u1ed9 cao c\u1ea5p<\/li>\n\n\n\n<li>Bi\u1ec7t th\u1ef1<\/li>\n<\/ul>\n\n\n\n<p>T\u00f4i s\u1ebd gi\u1ea3i th\u00edch t\u1eebng t\u00ednh n\u0103ng.<\/p>\n\n\n\n<h2 id=\"header\">C\u0103n h\u1ed9<\/h2>\n\n\n\n<figure class=\"wp-block-image size-full\"><a href=\"https:\/\/asia-prop.com\/wp-content\/uploads\/2023\/08\/Vinhomes-Central-park-banner-1200.jpg\"><img decoding=\"async\" loading=\"lazy\" width=\"1200\" height=\"720\" src=\"https:\/\/asia-prop.com\/wp-content\/uploads\/2023\/08\/Vinhomes-Central-park-banner-1200.jpg\" alt=\"Banner c\u00f4ng vi\u00ean trung t\u00e2m Vinhome 1200\" class=\"wp-image-118109\" srcset=\"https:\/\/asia-prop.com\/wp-content\/uploads\/2023\/08\/Vinhomes-Central-park-banner-1200.jpg 1200w, https:\/\/asia-prop.com\/wp-content\/uploads\/2023\/08\/Vinhomes-Central-park-banner-1200-768x461.jpg 768w, https:\/\/asia-prop.com\/wp-content\/uploads\/2023\/08\/Vinhomes-Central-park-banner-1200-18x12.jpg 18w, https:\/\/asia-prop.com\/wp-content\/uploads\/2023\/08\/Vinhomes-Central-park-banner-1200-150x90.jpg 150w\" sizes=\"(max-width: 1200px) 100vw, 1200px\" \/><\/a><\/figure>\n\n\n\n<p>Tr\u01b0\u1eddng h\u1ee3p ph\u1ed5 bi\u1ebfn nh\u1ea5t l\u00e0 thu\u00ea m\u1ed9t \u201cchung c\u01b0\u201d \u0111\u01b0\u1ee3c x\u00e2y d\u1ef1ng tr\u00ean ti\u1ec1n \u0111\u1ec1 b\u00e1n (b\u00e1n) t\u1eebng ph\u00f2ng.<\/p>\n\n\n\n<p>Ngay c\u1ea3 trong c\u00f9ng m\u1ed9t c\u0103n h\u1ed9, m\u1ed7i ph\u00f2ng \u0111\u1ec1u c\u00f3 m\u1ed9t ch\u1ee7 nh\u00e2n kh\u00e1c nhau.<\/p>\n\n\n\n<p>H\u1ea7u h\u1ebft nh\u1eefng ng\u01b0\u1eddi mua nh\u00e0 chung c\u01b0 \u0111\u1ec1u l\u00e0m nh\u01b0 v\u1eady \u0111\u1ec3 s\u1eed d\u1ee5ng cho m\u1ee5c \u0111\u00edch ri\u00eang c\u1ee7a h\u1ecd.<\/p>\n\n\n\n<p>Nhi\u1ec1u t\u00f2a nh\u00e0 c\u00f3 l\u1ed1i v\u00e0o sang tr\u1ecdng v\u00e0 \u0111\u01b0\u1ee3c b\u1ea3o v\u1ec7 24\/24.<\/p>\n\n\n\n<p>\u3000<\/p>\n\n\n\n<p>T\u1ea1i Vi\u1ec7t Nam, b\u1ea1n c\u00f3 th\u1ec3 thu\u00ea c\u0103n h\u1ed9 d\u1ea1ng th\u00e1p v\u1edbi gi\u00e1 h\u1ee3p l\u00fd t\u1ea1i Nh\u1eadt B\u1ea3n.<\/p>\n\n\n\n<p>\u1ede Nh\u1eadt B\u1ea3n, ng\u01b0\u1eddi ta th\u01b0\u1eddng nh\u1eafc t\u1edbi nh\u1eefng chung c\u01b0 cao t\u1ea7ng t\u1eeb 20 t\u1ea7ng tr\u1edf l\u00ean nh\u01b0ng \u1edf Vi\u1ec7t Nam, b\u1ea1n c\u00f3 th\u1ec3 thu\u00ea m\u1ed9t chi\u1ebfc gi\u01b0\u1eddng r\u1ed9ng 50m2 v\u1edbi gi\u00e1 kho\u1ea3ng 1.000 USD ngay c\u1ea3 trong m\u1ed9t c\u0103n h\u1ed9 cao kho\u1ea3ng 50 t\u1ea7ng.<\/p>\n\n\n\n<p>T\u1ea7ng cao c\u1ee7a c\u00e1c c\u0103n h\u1ed9 d\u1ea1ng th\u00e1p c\u00f3 \u01b0u \u0111i\u1ec3m l\u00e0 c\u00f3 t\u1ea7m nh\u00ecn t\u1ed1t, \u00edt nguy c\u01a1 s\u00e2u b\u1ec7nh nh\u01b0ng l\u1ea1i c\u00f3 nh\u01b0\u1ee3c \u0111i\u1ec3m l\u00e0 kh\u00f4ng c\u00f3 ban c\u00f4ng v\u00e0 ph\u1ea3i \u0111i thang m\u00e1y \u0111\u1ec3 xu\u1ed1ng m\u1eb7t \u0111\u1ea5t.<\/p>\n\n\n\n<h2 id=\"header\">Chung c\u01b0<\/h2>\n\n\n\n<p>N\u00f3i chung, m\u1ed9t ng\u00f4i nh\u00e0 b\u1eb1ng g\u1ed7 ho\u1eb7c g\u1ea1ch th\u1ea5p t\u1ea7ng cao 3 ho\u1eb7c 4 t\u1ea7ng \u0111\u01b0\u1ee3c g\u1ecdi l\u00e0 \u201cc\u0103n h\u1ed9\u201d.<\/p>\n\n\n\n<p>\u1ede Vi\u1ec7t Nam, th\u01b0\u1eddng c\u00f3 tr\u01b0\u1eddng h\u1ee3p m\u1ed9t ch\u1ee7 s\u1edf h\u1eefu x\u00e2y d\u1ef1ng v\u00e0 cho thu\u00ea.<\/p>\n\n\n\n<p>N\u00f3 \u0111\u01b0\u1ee3c s\u1eed d\u1ee5ng l\u00e0m c\u0103n h\u1ed9 d\u1ecbch v\u1ee5 v\u00e0 c\u1eeda h\u00e0ng.<\/p>\n\n\n\n<h2 id=\"header\">nh\u00e0 b\u1eadc thang<\/h2>\n\n\n\n<p>\u0110\u00e2y l\u00e0 ki\u1ec3u m\u1eabu ph\u1ed5 bi\u1ebfn \u1edf Hemu \u1edf Vi\u1ec7t Nam.<\/p>\n\n\n\n<p>Nh\u00e0 s\u00e2n th\u01b0\u1ee3ng c\u00f2n \u0111\u01b0\u1ee3c g\u1ecdi l\u00e0 nh\u00e0 nhi\u1ec1u t\u1ea7ng, \u0111\u1eb7c \u0111i\u1ec3m ch\u00ednh c\u1ee7a n\u00f3 l\u00e0 th\u00f4ng v\u1edbi nh\u00e0 b\u00ean c\u1ea1nh.<\/p>\n\n\n\n<p>T\u00f4i th\u01b0\u1eddng th\u1ea5y nh\u1eefng tr\u01b0\u1eddng h\u1ee3p ch\u00fang \u0111\u01b0\u1ee3c s\u1eed d\u1ee5ng l\u00e0m c\u0103n h\u1ed9 d\u1ecbch v\u1ee5.<\/p>\n\n\n\n<h2 id=\"header\">C\u0103n h\u1ed9 cao c\u1ea5p<\/h2>\n\n\n\n<p>C\u0103n h\u1ed9 d\u1ecbch v\u1ee5 cao c\u1ea5p \u0111\u01b0\u1ee3c nhi\u1ec1u ng\u01b0\u1eddi n\u01b0\u1edbc ngo\u00e0i s\u1eed d\u1ee5ng.<\/p>\n\n\n\n<p>C\u0103n h\u1ed9 d\u1ecbch v\u1ee5 cao c\u1ea5p \u0111\u01b0\u1ee3c s\u1edf h\u1eefu v\u00e0 cho thu\u00ea b\u1edfi t\u1eebng th\u01b0\u01a1ng hi\u1ec7u kh\u00e1ch s\u1ea1n n\u1ed5i ti\u1ebfng, cung c\u1ea5p nhi\u1ec1u d\u1ecbch v\u1ee5 phong ph\u00fa cho ng\u01b0\u1eddi n\u01b0\u1edbc ngo\u00e0i.<\/p>\n\n\n\n<p>C\u00e1c d\u1ecbch v\u1ee5 bao g\u1ed3m d\u1ecdn ph\u00f2ng, thay kh\u0103n tr\u1ea3i gi\u01b0\u1eddng, h\u01b0\u1edbng d\u1eabn kh\u00e1ch, th\u00e0nh vi\u00ean ch\u01a1i g\u00f4n, ph\u00f2ng t\u1eadp th\u1ec3 d\u1ee5c sang tr\u1ecdng v\u00e0 h\u01a1n th\u1ebf n\u1eefa.<\/p>\n\n\n\n<p>C\u00e1c th\u01b0\u01a1ng hi\u1ec7u n\u1ed5i ti\u1ebfng t\u1ea1i TP.HCM g\u1ed3m c\u00f3 Sedona, Intercontinental v\u00e0 Somerset.<\/p>\n\n\n\n<h2 id=\"header\">Bi\u1ec7t th\u1ef1<\/h2>\n\n\n\n<figure class=\"wp-block-image size-full\"><img decoding=\"async\" loading=\"lazy\" width=\"1160\" height=\"550\" src=\"https:\/\/asia-prop.com\/wp-content\/uploads\/2023\/08\/Luxurious-Villa-1.jpg\" alt=\"Bi\u1ec7t th\u1ef1 sang tr\u1ecdng 1\" class=\"wp-image-118127\" srcset=\"https:\/\/asia-prop.com\/wp-content\/uploads\/2023\/08\/Luxurious-Villa-1.jpg 1160w, https:\/\/asia-prop.com\/wp-content\/uploads\/2023\/08\/Luxurious-Villa-1-768x364.jpg 768w, https:\/\/asia-prop.com\/wp-content\/uploads\/2023\/08\/Luxurious-Villa-1-18x9.jpg 18w, https:\/\/asia-prop.com\/wp-content\/uploads\/2023\/08\/Luxurious-Villa-1-150x71.jpg 150w\" sizes=\"(max-width: 1160px) 100vw, 1160px\" \/><\/figure>\n\n\n\n<p>Bi\u1ec7t th\u1ef1 l\u00e0 lo\u1ea1i h\u00ecnh b\u1ea5t \u0111\u1ed9ng s\u1ea3n cho thu\u00ea sang tr\u1ecdng nh\u1ea5t.<\/p>\n\n\n\n<p>Bi\u1ec7t th\u1ef1 c\u00f3 gi\u00e1 r\u1ebb, b\u1eaft \u0111\u1ea7u t\u1eeb 2000USD nh\u01b0ng kh\u00f4ng c\u00f3 tr\u1ea7n.<\/p>\n\n\n\n<p>Bi\u1ec7t th\u1ef1 c\u00f2n c\u00f3 h\u1ed3 b\u01a1i ri\u00eang sang tr\u1ecdng, ph\u00f2ng t\u1eadp th\u1ec3 d\u1ee5c ri\u00eang v\u00e0 m\u1ed7i c\u01b0 d\u00e2n th\u01b0\u1eddng c\u00f3 \u00f4 t\u00f4 ri\u00eang.<\/p>\n\n\n\n<p>Kh\u00f4ng gi\u1ed1ng nh\u01b0 nh\u1eefng ng\u00f4i nh\u00e0 s\u00e2n th\u01b0\u1ee3ng, c\u00f3 kho\u1ea3ng c\u00e1ch t\u1eeb c\u00e1c bi\u1ec7t th\u1ef1 l\u00e2n c\u1eadn n\u00ean ti\u1ebfng \u1ed3n kh\u00f4ng ph\u1ea3i l\u00e0 v\u1ea5n \u0111\u1ec1.<\/p>\n\n\n\n<p>H\u00e3y c\u00e2n nh\u1eafc m\u1ed9t nh\u00e2n vi\u00ean b\u1ea3o v\u1ec7 v\u00e0 m\u1ed9t ng\u01b0\u1eddi gi\u00fap vi\u1ec7c (\u0103n, gi\u1eb7t, d\u1ecdn ph\u00f2ng) c\u00f9ng nhau.<\/p>\n\n\n\n<p>\u3000<\/p>\n\n\n\n<p>Ch\u00fang t\u00f4i \u0111\u00e3 gi\u1edbi thi\u1ec7u 5 lo\u1ea1i t\u00e0i s\u1ea3n.<\/p>\n\n\n\n<p>N\u1ebfu ng\u00e2n s\u00e1ch c\u1ee7a b\u1ea1n v\u01b0\u1ee3t qu\u00e1 kho\u1ea3ng 5000 USD, ch\u00fang t\u00f4i khuy\u00ean b\u1ea1n kh\u00f4ng ch\u1ec9 n\u00ean xem x\u00e9t chung c\u01b0 v\u00e0 c\u0103n h\u1ed9 d\u1ecbch v\u1ee5 m\u00e0 c\u00f2n c\u1ea3 bi\u1ec7t th\u1ef1.<\/p>\n\n\n\n<div style=\"height:81px\" aria-hidden=\"true\" class=\"wp-block-spacer\"><\/div>\n\n\n\n\n\n<div class=\"rh_content_singlepage\">\n<div class=\"rh_property__common_note\">\n<h4 class=\"rh_property__heading\">Suzuki - B\u1ea5t \u0111\u1ed9ng s\u1ea3n H\u1ed3 Ch\u00ed Minh<\/h4><p>T\u1ea1i Suzuki Real Estate, ngay c\u1ea3 \u1edf Vi\u1ec7t Nam, c\u00e1c \u0111\u1ea1i l\u00fd b\u1ea5t \u0111\u1ed9ng s\u1ea3n (m\u00f4i gi\u1edbi b\u1ea5t \u0111\u1ed9ng s\u1ea3n) \u0111\u1ea1t ti\u00eau chu\u1ea9n Nh\u1eadt B\u1ea3n lu\u00f4n t\u00fac tr\u1ef1c v\u00e0 h\u01b0\u1edbng d\u1eabn b\u1ea1n. Ph\u00ed m\u00f4i gi\u1edbi cho thu\u00ea l\u00e0 [mi\u1ec5n ph\u00ed]. Trong l\u0129nh v\u1ef1c m\u00f4i gi\u1edbi, t\u00f4i \u0111\u01b0\u1ee3c t\u01b0 v\u1ea5n nhi\u1ec1u v\u1ec1 mua b\u00e1n b\u1ea5t \u0111\u1ed9ng s\u1ea3n, v\u0103n ph\u00f2ng v\u00e0 t\u00f4i r\u1ea5t t\u1ef1 tin. C\u00f3 nhi\u1ec1u th\u00f4ng tin b\u1ea5t \u0111\u1ed9ng s\u1ea3n [t\u00e0i s\u1ea3n kh\u00f4ng \u0111\u01b0\u1ee3c ti\u1ebft l\u1ed9] kh\u00f4ng c\u1ed1 \u00fd \u0111\u0103ng t\u1ea3i, vui l\u00f2ng h\u1ecfi chi ti\u1ebft (ch\u00fang t\u00f4i n\u1eafm t\u1ed5ng qu\u00e1t v\u1ec1 b\u1ea5t \u0111\u1ed9ng s\u1ea3n quanh TP.HCM, bao g\u1ed3m c\u1ea3 t\u00e0i s\u1ea3n m\u1edbi v\u00e0 \u0111\u00e3 qua s\u1eed d\u1ee5ng). Suzuki \u0110T 0914408621<\/p>\t\t<\/div>\n<\/div>\n\n\n\n<div class=\"is-layout-constrained wp-block-group\"><div class=\"wp-block-group__inner-container\">\n<div style=\"height:41px\" aria-hidden=\"true\" class=\"wp-block-spacer\"><\/div>\n<\/div><\/div>\n\n\n\n<div style=\"height:18px\" aria-hidden=\"true\" class=\"wp-block-spacer\"><\/div>\n\n\n\n<div class=\"inqq\"><b class=\"inq\">\u0110\u1eb7t c\u00e2u h\u1ecfi<\/b><br>\n<b><a href=\"tel:+84914408621\" data-wpel-link=\"internal\" class=\"pagephone\">+84 (0) 914408621 (Ti\u1ebfng Nh\u1eadt, Ti\u1ebfng Anh, Ti\u1ebfng Trung)<\/a><\/b><br>\n<b><a href=\"mailto:info@asia-prop.com\" class=\"pagemail\">info@asia-prop.com<\/a><\/b><br><\/div>","protected":false},"excerpt":{"rendered":"<p>C\u00f3 5 lo\u1ea1i nh\u00e0 cho thu\u00ea \u1edf Vi\u1ec7t Nam: Ch\u00fang t\u00f4i s\u1ebd gi\u1ea3i th\u00edch \u0111\u1eb7c \u0111i\u1ec3m c\u1ee7a t\u1eebng lo\u1ea1i. Chung c\u01b0 Tr\u01b0\u1eddng h\u1ee3p ph\u1ed5 bi\u1ebfn nh\u1ea5t l\u00e0 cho thu\u00ea m\u1ed9t c\u0103n h\u1ed9 chung c\u01b0, \u0111\u01b0\u1ee3c x\u00e2y d\u1ef1ng v\u1edbi ti\u1ec1n \u0111\u1ec1 l\u00e0 m\u1ed7i ph\u00f2ng s\u1ebd \u0111\u01b0\u1ee3c b\u00e1n. Ngay c\u1ea3 trong c\u00f9ng m\u1ed9t c\u0103n h\u1ed9, m\u1ed7i ph\u00f2ng...<\/p>","protected":false},"author":1,"featured_media":118109,"parent":0,"menu_order":0,"comment_status":"closed","ping_status":"closed","template":"","meta":{"_mi_skip_tracking":false,"_exactmetrics_sitenote_active":false,"_exactmetrics_sitenote_note":"","_exactmetrics_sitenote_category":0},"aioseo_notices":[],"_links":{"self":[{"href":"https:\/\/asia-prop.com\/vi\/wp-json\/wp\/v2\/pages\/118092"}],"collection":[{"href":"https:\/\/asia-prop.com\/vi\/wp-json\/wp\/v2\/pages"}],"about":[{"href":"https:\/\/asia-prop.com\/vi\/wp-json\/wp\/v2\/types\/page"}],"author":[{"embeddable":true,"href":"https:\/\/asia-prop.com\/vi\/wp-json\/wp\/v2\/users\/1"}],"replies":[{"embeddable":true,"href":"https:\/\/asia-prop.com\/vi\/wp-json\/wp\/v2\/comments?post=118092"}],"version-history":[{"count":32,"href":"https:\/\/asia-prop.com\/vi\/wp-json\/wp\/v2\/pages\/118092\/revisions"}],"predecessor-version":[{"id":118670,"href":"https:\/\/asia-prop.com\/vi\/wp-json\/wp\/v2\/pages\/118092\/revisions\/118670"}],"wp:featuredmedia":[{"embeddable":true,"href":"https:\/\/asia-prop.com\/vi\/wp-json\/wp\/v2\/media\/118109"}],"wp:attachment":[{"href":"https:\/\/asia-prop.com\/vi\/wp-json\/wp\/v2\/media?parent=118092"}],"curies":[{"name":"wp","href":"https:\/\/api.w.org\/{rel}","templated":true}]}}