{"id":117907,"date":"2023-08-21T09:17:04","date_gmt":"2023-08-21T00:17:04","guid":{"rendered":"https:\/\/asia-prop.com\/agreement-procedure-copy\/"},"modified":"2024-02-08T16:25:10","modified_gmt":"2024-02-08T07:25:10","slug":"transport","status":"publish","type":"page","link":"https:\/\/asia-prop.com\/vi\/transport\/","title":{"rendered":"Ph\u01b0\u01a1ng ti\u1ec7n di chuy\u1ec3n \u1edf Vi\u1ec7t Nam | \u0110\u1ec3 \u0111i l\u00e0m, \u0111i h\u1ecdc, tham quan v\u00e0 xem nh\u00e0 cho thu\u00ea"},"content":{"rendered":"<p>T\u1ea1i H\u00e0 N\u1ed9i, t\u00e0u \u0111i\u1ec7n ng\u1ea7m \u0111\u00e3 b\u1eaft \u0111\u1ea7u ho\u1ea1t \u0111\u1ed9ng nh\u01b0ng t\u00ednh \u0111\u1ebfn n\u0103m 2023, t\u00e0u \u0111i\u1ec7n ng\u1ea7m \u1edf TP.HCM v\u1eabn ch\u01b0a ho\u1ea1t \u0111\u1ed9ng.<br>Lo\u1ea1i ph\u01b0\u01a1ng ti\u1ec7n giao th\u00f4ng n\u00e0o \u0111\u01b0\u1ee3c s\u1eed d\u1ee5ng \u1edf Vi\u1ec7t Nam trong khi ph\u01b0\u01a1ng ti\u1ec7n giao th\u00f4ng ch\u00ednh kh\u00f4ng ph\u1ea3i l\u00e0 \u0111\u01b0\u1eddng s\u1eaft?<br>Trong b\u00e0i vi\u1ebft n\u00e0y, ch\u00fang t\u00f4i s\u1ebd gi\u1edbi thi\u1ec7u c\u00e1c ph\u01b0\u01a1ng ti\u1ec7n di chuy\u1ec3n ph\u1ed5 bi\u1ebfn c\u1ee7a du kh\u00e1ch n\u01b0\u1edbc ngo\u00e0i, \u0111i l\u00e0m, \u0111i h\u1ecdc.<\/p>\n\n\n\n<h2 id=\"header\">Taxi Vinasun<\/h2>\n\n\n\n<figure class=\"wp-block-image size-full\"><a href=\"https:\/\/asia-prop.com\/wp-content\/uploads\/2023\/08\/Vinasun-taxi.jpg\"><img decoding=\"async\" loading=\"lazy\" width=\"500\" height=\"319\" src=\"https:\/\/asia-prop.com\/wp-content\/uploads\/2023\/08\/Vinasun-taxi.jpg\" alt=\"Taxi Vinasun\" class=\"wp-image-117921\" srcset=\"https:\/\/asia-prop.com\/wp-content\/uploads\/2023\/08\/Vinasun-taxi.jpg 500w, https:\/\/asia-prop.com\/wp-content\/uploads\/2023\/08\/Vinasun-taxi-18x12.jpg 18w, https:\/\/asia-prop.com\/wp-content\/uploads\/2023\/08\/Vinasun-taxi-150x96.jpg 150w\" sizes=\"(max-width: 500px) 100vw, 500px\" \/><\/a><\/figure>\n\n\n\n<p>N\u00f3i \u0111\u1ebfn taxi Vi\u1ec7t th\u00ec h\u00e3ng n\u00e0y.<\/p>\n\n\n\n<p>C\u00f3 xe Innova 7 ch\u1ed7 v\u00e0 xe sedan 5 ch\u1ed7.<\/p>\n\n\n\n<p>N\u1ebfu b\u1ea1n v\u1eaby tay tr\u00ean \u0111\u01b0\u1eddng v\u00e0 ra hi\u1ec7u, h\u1ecd s\u1ebd d\u1eebng l\u1ea1i.<\/p>\n\n\n\n<p>C\u0169ng c\u00f3 th\u1ec3 nh\u1edd t\u00e0i x\u1ebf \u0111\u1ebfn g\u1eb7p b\u1ea1n th\u00f4ng qua \u1ee9ng d\u1ee5ng chuy\u00ean d\u1ee5ng c\u1ee7a c\u00f4ng ty.<\/p>\n\n\n\n<h2 id=\"header\">\u1ee8ng d\u1ee5ng Grab<\/h2>\n\n\n\n<figure class=\"wp-block-image size-full is-resized\"><img decoding=\"async\" loading=\"lazy\" src=\"https:\/\/asia-prop.com\/wp-content\/uploads\/2019\/05\/grab-1400-jpeg.jpg\" alt=\"\" class=\"wp-image-6198\" width=\"729\" height=\"476\" srcset=\"https:\/\/asia-prop.com\/wp-content\/uploads\/2019\/05\/grab-1400-jpeg.jpg 900w, https:\/\/asia-prop.com\/wp-content\/uploads\/2019\/05\/grab-1400-jpeg-300x196.jpg 300w, https:\/\/asia-prop.com\/wp-content\/uploads\/2019\/05\/grab-1400-jpeg-768x503.jpg 768w, https:\/\/asia-prop.com\/wp-content\/uploads\/2019\/05\/grab-1400-jpeg-150x98.jpg 150w\" sizes=\"(max-width: 729px) 100vw, 729px\" \/><\/figure>\n\n\n\n<p>Uber \u1edf Vi\u1ec7t Nam l\u00e0 Grab \u1edf Singapore.<\/p>\n\n\n\n<p>Sau \u0111\u00e2y, ch\u00fang t\u00f4i s\u1ebd gi\u1edbi thi\u1ec7u ba d\u1ecbch v\u1ee5 ch\u00ednh c\u1ee7a Grab.<\/p>\n\n\n\n<h3 id=\"header\">Grab xe m\u00e1y<\/h3>\n\n\n\n<p>Xe Grab r\u1ea5t thu\u1eadn ti\u1ec7n cho vi\u1ec7c \u0111i du l\u1ecbch m\u1ed9t m\u00ecnh \u1edf Vi\u1ec7t Nam.<\/p>\n\n\n\n<p>L\u1ee3i \u00edch c\u00f3 s\u1eb5n v\u1edbi m\u1ee9c gi\u00e1 ch\u1ec9 b\u1eb1ng kho\u1ea3ng m\u1ed9t n\u1eeda so v\u1edbi taxi Grab.<\/p>\n\n\n\n<p>T\u00e0i x\u1ebf s\u1ebd \u0111\u1ebfn \u0111\u00f3n b\u1ea1n v\u1edbi m\u0169 b\u1ea3o hi\u1ec3m c\u00e1 nh\u00e2n.<\/p>\n\n\n\n<p>M\u0169 b\u1ea3o hi\u1ec3m c\u00f3 th\u1ec3 c\u00f3 m\u00f9i nh\u01b0 m\u1ed3 h\u00f4i, v\u00ec v\u1eady khi \u0111\u00e3 quen, b\u1ea1n c\u00f3 th\u1ec3 th\u1ea5y m\u1ed9t s\u1ed1 ng\u01b0\u1eddi n\u01b0\u1edbc ngo\u00e0i mang M\u0169 b\u1ea3o hi\u1ec3m c\u1ee7a t\u00f4i \u0111i kh\u1eafp n\u01a1i.<\/p>\n\n\n\n<h3 id=\"header\">Grab \u00f4 t\u00f4<\/h3>\n\n\n\n<p>C\u01a1 ch\u1ebf n\u00e0y gi\u1ed1ng nh\u01b0 Uber \u1edf M\u1ef9 v\u00e0 DIDI Didi Chuxing \u1edf Trung Qu\u1ed1c.<\/p>\n\n\n\n<p>Th\u00f4ng qua \u1ee9ng d\u1ee5ng, b\u1ea1n c\u00f3 th\u1ec3 nh\u1edd t\u00e0i x\u1ebf \u1edf g\u1ea7n \u0111\u00f3n b\u1ea1n.<\/p>\n\n\n\n<p>C\u00f3 th\u1ec3 kh\u00f3 t\u00ecm \u0111\u01b0\u1ee3c t\u00e0i x\u1ebf trong gi\u1edd cao \u0111i\u1ec3m, m\u01b0a l\u1edbn, v.v., v\u00ec v\u1eady h\u00e3y \u0111\u1eb7t ch\u1ed7 s\u1edbm.<\/p>\n\n\n\n<h3 id=\"header\">Grab g\u1ecdi \u0111\u1ed3 \u0103n<\/h3>\n\n\n\n<p>\u0110\u00e2y l\u00e0 \u1ee9ng d\u1ee5ng giao \u0111\u1ed3 \u0103n t\u01b0\u01a1ng t\u1ef1 Grab Eats t\u1ea1i Nh\u1eadt B\u1ea3n.<\/p>\n\n\n\n<p>H\u1ea7u h\u1ebft c\u00e1c c\u1eeda h\u00e0ng n\u1ed5i ti\u1ebfng nh\u01b0 McDonald&#039;s, Lotteria, Kentucky, Sukiya v\u00e0 Coco Ichibanya \u0111\u1ec1u t\u01b0\u01a1ng th\u00edch. Tuy ph\u1ea3i tr\u1ea3 ph\u00ed cho t\u00e0i x\u1ebf nh\u01b0ng m\u1ee9c gi\u00e1 kh\u00e1 h\u1ee3p l\u00fd, t\u1eeb 20.000 \u0111\u1ebfn 40.000 \u0111\u1ed3ng. Khi \u0111\u1ebfn b\u1eefa tr\u01b0a, nh\u00e2n vi\u00ean c\u1ee7a ch\u00fang t\u00f4i s\u1ebd s\u1eafp x\u1ebfp b\u1eefa tr\u01b0a th\u00f4ng qua \u1ee9ng d\u1ee5ng n\u00e0y.<\/p>\n\n\n\n<h2 id=\"header\">Thu\u00ea<\/h2>\n\n\n\n<p>N\u1ebfu b\u1ea1n mu\u1ed1n c\u00f3 t\u00e0i x\u1ebf ch\u1edf b\u1ea1n \u0111i ch\u01a1i trong ng\u00e0y, ch\u1eb3ng h\u1ea1n nh\u01b0 \u0111i ch\u01a1i g\u00f4n ho\u1eb7c \u0111i c\u00f4ng t\u00e1c th\u00ec thu\u00ea xe l\u00e0 ti\u1ec7n l\u1ee3i nh\u1ea5t.<\/p>\n\n\n\n<p>Thu\u00ea c\u00f3 th\u1ec3 g\u1ecdi c\u00e1c d\u00f2ng xe sang, sedan, 7 ch\u1ed7 (Xpander, Innova), 16 ch\u1ed7 Transit, v.v... ch\u1ec9 b\u1eb1ng m\u1ed9t cu\u1ed9c \u0111i\u1ec7n tho\u1ea1i.<\/p>\n\n\n\n<p>Sau \u0111\u00e2y ch\u00fang t\u00f4i s\u1ebd gi\u1edbi thi\u1ec7u hai c\u00f4ng ty \u0111\u1ea1i di\u1ec7n r\u1ea5t \u0111\u01b0\u1ee3c ng\u01b0\u1eddi d\u00e2n Nh\u1eadt B\u1ea3n \u01b0a chu\u1ed9ng.<\/p>\n\n\n\n<h3 id=\"header\">Logitem<\/h3>\n\n\n\n<p>Logitem quen thu\u1ed9c v\u1edbi logo m\u00e0u xanh l\u00e1 c\u00e2y.<\/p>\n\n\n\n<p>T\u1eeb n\u0103m 1994, n\u00f3 \u0111\u01b0\u1ee3c v\u1eadn h\u00e0nh b\u1edfi Japan Logistics Systems, h\u1ed7 tr\u1ee3 d\u1ecbch v\u1ee5 logistics c\u1ee7a Vi\u1ec7t Nam v\u1edbi c\u00e1c d\u1ecbch v\u1ee5 v\u1eadn chuy\u1ec3n h\u00e0ng h\u00f3a, h\u00e0nh kh\u00e1ch v\u00e0 kho b\u00e3i.<\/p>\n\n\n\n<p>N\u00f3 \u0111\u01b0\u1ee3c s\u1eed d\u1ee5ng tr\u00ean xe bu\u00fdt tr\u01b0\u1eddng h\u1ecdc Nh\u1eadt B\u1ea3n H\u1ed3 Ch\u00ed Minh.<\/p>\n\n\n\n<h3 id=\"header\">Gleen Leaf<\/h3>\n\n\n\n<p>L\u00e0 c\u00f4ng ty n\u1ed9i \u0111\u1ecba t\u1ea1i Vi\u1ec7t Nam, \u0111\u1ea1i di\u1ec7n b\u00e1n h\u00e0ng l\u00e0 ng\u01b0\u1eddi Nh\u1eadt.<\/p>\n\n\n\n<p>N\u0103m 2023, tr\u00f2n 10 n\u0103m th\u00e0nh l\u1eadp nh\u01b0ng \u0111\u00e3 c\u00f3 g\u1ea7n 600 \u0111\u01a1n v\u1ecb \u0111i v\u00e0o ho\u1ea1t \u0111\u1ed9ng.<\/p>\n\n\n\n<div style=\"height:81px\" aria-hidden=\"true\" class=\"wp-block-spacer\"><\/div>\n\n\n\n\n\n<div class=\"rh_content_singlepage\">\n<div class=\"rh_property__common_note\">\n<h4 class=\"rh_property__heading\">Suzuki - B\u1ea5t \u0111\u1ed9ng s\u1ea3n H\u1ed3 Ch\u00ed Minh<\/h4><p>T\u1ea1i Suzuki Real Estate, ngay c\u1ea3 \u1edf Vi\u1ec7t Nam, c\u00e1c \u0111\u1ea1i l\u00fd b\u1ea5t \u0111\u1ed9ng s\u1ea3n (m\u00f4i gi\u1edbi b\u1ea5t \u0111\u1ed9ng s\u1ea3n) \u0111\u1ea1t ti\u00eau chu\u1ea9n Nh\u1eadt B\u1ea3n lu\u00f4n t\u00fac tr\u1ef1c v\u00e0 h\u01b0\u1edbng d\u1eabn b\u1ea1n. Ph\u00ed m\u00f4i gi\u1edbi cho thu\u00ea l\u00e0 [mi\u1ec5n ph\u00ed]. Trong l\u0129nh v\u1ef1c m\u00f4i gi\u1edbi, t\u00f4i \u0111\u01b0\u1ee3c t\u01b0 v\u1ea5n nhi\u1ec1u v\u1ec1 mua b\u00e1n b\u1ea5t \u0111\u1ed9ng s\u1ea3n, v\u0103n ph\u00f2ng v\u00e0 t\u00f4i r\u1ea5t t\u1ef1 tin. C\u00f3 nhi\u1ec1u th\u00f4ng tin b\u1ea5t \u0111\u1ed9ng s\u1ea3n [t\u00e0i s\u1ea3n kh\u00f4ng \u0111\u01b0\u1ee3c ti\u1ebft l\u1ed9] kh\u00f4ng c\u1ed1 \u00fd \u0111\u0103ng t\u1ea3i, vui l\u00f2ng h\u1ecfi chi ti\u1ebft (ch\u00fang t\u00f4i n\u1eafm t\u1ed5ng qu\u00e1t v\u1ec1 b\u1ea5t \u0111\u1ed9ng s\u1ea3n quanh TP.HCM, bao g\u1ed3m c\u1ea3 t\u00e0i s\u1ea3n m\u1edbi v\u00e0 \u0111\u00e3 qua s\u1eed d\u1ee5ng). Suzuki \u0110T 0914408621<\/p>\t\t<\/div>\n<\/div>\n\n\n\n<div class=\"is-layout-constrained wp-block-group\"><div class=\"wp-block-group__inner-container\">\n<div style=\"height:41px\" aria-hidden=\"true\" class=\"wp-block-spacer\"><\/div>\n<\/div><\/div>\n\n\n\n<div style=\"height:18px\" aria-hidden=\"true\" class=\"wp-block-spacer\"><\/div>\n\n\n\n<div class=\"inqq\"><b class=\"inq\">\u0110\u1eb7t c\u00e2u h\u1ecfi<\/b><br>\n<b><a href=\"tel:+84914408621\" data-wpel-link=\"internal\" class=\"pagephone\">+84 (0) 914408621 (Ti\u1ebfng Nh\u1eadt, Ti\u1ebfng Anh, Ti\u1ebfng Trung)<\/a><\/b><br>\n<b><a href=\"mailto:info@asia-prop.com\" class=\"pagemail\">info@asia-prop.com<\/a><\/b><br><\/div>","protected":false},"excerpt":{"rendered":"<p>T\u1ea1i H\u00e0 N\u1ed9i, t\u00e0u \u0111i\u1ec7n ng\u1ea7m \u0111\u00e3 b\u1eaft \u0111\u1ea7u ho\u1ea1t \u0111\u1ed9ng nh\u01b0ng t\u00ednh \u0111\u1ebfn n\u0103m 2023, t\u00e0u \u0111i\u1ec7n ng\u1ea7m \u1edf TP.HCM ch\u01b0a ho\u1ea1t \u0111\u1ed9ng. V\u00ec \u0111\u01b0\u1eddng s\u1eaft kh\u00f4ng ph\u1ea3i l\u00e0 ph\u01b0\u01a1ng th\u1ee9c v\u1eadn t\u1ea3i ch\u00ednh n\u00ean \u1edf Vi\u1ec7t Nam s\u1eed d\u1ee5ng lo\u1ea1i ph\u01b0\u01a1ng ti\u1ec7n giao th\u00f4ng n\u00e0o? Trong b\u00e0i vi\u1ebft n\u00e0y ch\u00fang t\u00f4i s\u1ebd n\u00f3i v\u1ec1 vi\u1ec7c tham quan v\u00e0 giao ti\u1ebfp c\u1ee7a ng\u01b0\u1eddi n\u01b0\u1edbc ngo\u00e0i...<\/p>","protected":false},"author":1,"featured_media":117921,"parent":0,"menu_order":0,"comment_status":"closed","ping_status":"closed","template":"","meta":{"_mi_skip_tracking":false,"_exactmetrics_sitenote_active":false,"_exactmetrics_sitenote_note":"","_exactmetrics_sitenote_category":0},"aioseo_notices":[],"_links":{"self":[{"href":"https:\/\/asia-prop.com\/vi\/wp-json\/wp\/v2\/pages\/117907"}],"collection":[{"href":"https:\/\/asia-prop.com\/vi\/wp-json\/wp\/v2\/pages"}],"about":[{"href":"https:\/\/asia-prop.com\/vi\/wp-json\/wp\/v2\/types\/page"}],"author":[{"embeddable":true,"href":"https:\/\/asia-prop.com\/vi\/wp-json\/wp\/v2\/users\/1"}],"replies":[{"embeddable":true,"href":"https:\/\/asia-prop.com\/vi\/wp-json\/wp\/v2\/comments?post=117907"}],"version-history":[{"count":21,"href":"https:\/\/asia-prop.com\/vi\/wp-json\/wp\/v2\/pages\/117907\/revisions"}],"predecessor-version":[{"id":117984,"href":"https:\/\/asia-prop.com\/vi\/wp-json\/wp\/v2\/pages\/117907\/revisions\/117984"}],"wp:featuredmedia":[{"embeddable":true,"href":"https:\/\/asia-prop.com\/vi\/wp-json\/wp\/v2\/media\/117921"}],"wp:attachment":[{"href":"https:\/\/asia-prop.com\/vi\/wp-json\/wp\/v2\/media?parent=117907"}],"curies":[{"name":"wp","href":"https:\/\/api.w.org\/{rel}","templated":true}]}}