{"id":117660,"date":"2023-08-18T16:13:38","date_gmt":"2023-08-18T07:13:38","guid":{"rendered":"https:\/\/asia-prop.com\/?page_id=117660"},"modified":"2024-09-14T19:00:19","modified_gmt":"2024-09-14T10:00:19","slug":"agreement-procedure","status":"publish","type":"page","link":"https:\/\/asia-prop.com\/vi\/agreement-procedure\/","title":{"rendered":"[H\u1ee3p \u0111\u1ed3ng cho thu\u00ea t\u1ea1i Vi\u1ec7t Nam] Tr\u00ecnh t\u1ef1 th\u1ee7 t\u1ee5c v\u00e0 n\u1ed9i dung h\u1ed7 tr\u1ee3"},"content":{"rendered":"<p>\u1ede trang n\u00e0y, ch\u00fang t\u00f4i h\u1ed7 tr\u1ee3 t\u1eeb vi\u1ec7c t\u00ecm nh\u00e0 , k\u00fd k\u1ebft h\u1ee3p \u0111\u1ed3ng quan tr\u1ecdng, tr\u00ecnh t\u1ef1 c\u00e1ch trao \u0111\u1ed5i, gia h\u1ea1n h\u1ee3p \u0111\u1ed3ng hay \u0111\u1ebfn l\u00fac ra nh\u00e0.<\/p>\n\n\n\n<h2 class=\"headh2\" id=\"header\">\u2460 N\u1ebfu b\u1ea1n quy\u1ebft \u0111\u1ecbnh chuy\u1ec3n \u0111\u1ebfn Vi\u1ec7t Nam<\/h2>\n\n\n\n<figure class=\"wp-block-image size-full\"><a href=\"https:\/\/asia-prop.com\/wp-content\/uploads\/2023\/08\/agreement-procedure-in-vietnam.jpg\"><img decoding=\"async\" loading=\"lazy\" width=\"799\" height=\"533\" src=\"https:\/\/asia-prop.com\/wp-content\/uploads\/2023\/08\/agreement-procedure-in-vietnam.jpg\" alt=\"th\u1ee7 t\u1ee5c th\u1ecfa thu\u1eadn \u1edf vi\u1ec7t nam\" class=\"wp-image-117699\" srcset=\"https:\/\/asia-prop.com\/wp-content\/uploads\/2023\/08\/agreement-procedure-in-vietnam.jpg 799w, https:\/\/asia-prop.com\/wp-content\/uploads\/2023\/08\/agreement-procedure-in-vietnam-768x512.jpg 768w, https:\/\/asia-prop.com\/wp-content\/uploads\/2023\/08\/agreement-procedure-in-vietnam-18x12.jpg 18w, https:\/\/asia-prop.com\/wp-content\/uploads\/2023\/08\/agreement-procedure-in-vietnam-150x100.jpg 150w, https:\/\/asia-prop.com\/wp-content\/uploads\/2023\/08\/agreement-procedure-in-vietnam-488x326.jpg 488w\" sizes=\"(max-width: 799px) 100vw, 799px\" \/><\/a><\/figure>\n\n\n\n<p>Tr\u00ean trang WEB c\u1ee7a ch\u00fang t\u00f4i,n\u1ebfu b\u1ea1n y\u00eau th\u00edch c\u0103n nh\u00e0 n\u00e0o , vui l\u00f2ng li\u00ean h\u1ec7 v\u1edbi ch\u00fang t\u00f4i qua \u0111i\u1ec7n tho\u1ea1i ho\u1eb7c email. Ngo\u00e0i ra, vui l\u00f2ng s\u1eed d\u1ee5ng m\u1eabu y\u00eau c\u1ea7u \u0111\u1ec3 cho ch\u00fang t\u00f4i bi\u1ebft ng\u00e2n s\u00e1ch, di\u1ec7n t\u00edch, lo\u1ea1i h\u1ee3p \u0111\u1ed3ng, \u0111\u1ecba \u0111i\u1ec3m, ng\u00e0y chuy\u1ec3n \u0111\u1ebfn....<\/p>\n\n\n\n<p>\u0110\u1ed9i ng\u0169 nh\u00e2n vi\u00ean gi\u00e0u kinh nghi\u1ec7m c\u1ee7a ch\u00fang t\u00f4i s\u1ebd gi\u1edbi thi\u1ec7u cho b\u1ea1n nh\u1eefng c\u0103n ph\u00f2ng ph\u00f9 h\u1ee3p v\u1edbi nhu c\u1ea7u c\u1ee7a b\u1ea1n.<\/p>\n\n\n\n<h2 id=\"header\">\u2461 Xem B\u0110S<\/h2>\n\n\n\n<p>N\u1ebfu c\u00f3 c\u0103n ph\u00f2ng n\u00e0o m\u00e0 b\u1ea1n quan t\u00e2m, h\u00e3y v\u00e0o xem \u0111i xem tr\u1ef1c ti\u1ebfp. Ch\u00fang t\u00f4i s\u1ebd \u0111\u00f3n b\u1ea1n t\u1ea1i kh\u00e1ch s\u1ea1n b\u1eb1ng xe \u00f4 t\u00f4. B\u1ea1n c\u00f3 th\u1ec3 \u0111\u1ebfn ki\u1ec3m tra c\u0103n ph\u00f2ng th\u1ef1c t\u1ebf nh\u01b0 : \u00e1nh s\u00e1ng, m\u00f4i tr\u01b0\u1eddng xung quanh, v\u1ea5n \u0111\u1ec1 an ninh, n\u1ed9i th\u1ea5t v\u00e0 \u0111\u1ed3 gia d\u1ee5ng. Kh\u00f4ng c\u00f3 v\u1ea5n \u0111\u1ec1 g\u00ec n\u1ebfu b\u1ea1n \u0111i xem v\u00e0o c\u00e1c bu\u1ed5i s\u00e1ng trong tu\u1ea7n, sau 6 gi\u1edd chi\u1ec1u, v\u00e0 c\u1ea3 th\u1ee9 b\u1ea3y v\u00e0 ch\u1ee7 nh\u1eadt. Xin vui l\u00f2ng \u0111\u1eebng ng\u1ea7n ng\u1ea1i li\u00ean h\u1ec7 v\u1edbi ch\u00fang t\u00f4i.<br><\/p>\n\n\n\n<h2 id=\"header\">\u2462 Th\u1ee7 t\u1ee5c \u0111\u0103ng k\u00fd (thanh to\u00e1n ti\u1ec1n \u0111\u1eb7t c\u1ecdc)<\/h2>\n\n\n\n<p>Sau khi \u0111\u00e3 quy\u1ebft \u0111\u1ecbnh \u0111\u01b0\u1ee3c ph\u00f2ng m\u00ecnh mu\u1ed1n \u1edf, b\u1ea1n s\u1ebd ph\u1ea3i tr\u1ea3 ti\u1ec1n \u0111\u1eb7t c\u1ecdc.Nhi\u1ec1u tr\u01b0\u1eddng h\u1ee3p nh\u1eefng c\u0103n nh\u00e0 \u0111\u1eb9p, \u0111\u01b0\u1ee3c y\u00eau th\u00edch nhi\u1ec1u , n\u1ebfu kh\u00f4ng \u0111\u1eb7t c\u1ecdc s\u1ebd b\u1ecb m\u1ea5t \u0111i . \u0110\u1ec3 gi\u1eef c\u0103n ph\u00f2ng n\u00e0y b\u1ea1n s\u1ebd \u0111\u1eb7t c\u1ecdc ti\u1ec1n trong hai th\u00e1ng n\u1ebfu h\u1ee3p \u0111\u1ed3ng \u0111\u01b0\u1ee3c k\u00fd k\u1ebft.<\/p>\n\n\n\n<p>* T\u1ea1i Th\u00e0nh ph\u1ed1 H\u1ed3 Ch\u00ed Minh, c\u0103n ph\u00f2ng s\u1ebd \u0111\u01b0\u1ee3c \u0111\u1ea3m b\u1ea3o sau khi x\u00e1c nh\u1eadn thanh to\u00e1n ti\u1ec1n \u0111\u1eb7t c\u1ecdc. Kh\u00f4ng c\u00f3 \u00fd t\u01b0\u1edfng n\u1eafm gi\u1eef t\u1ea1m th\u1eddi.<\/p>\n\n\n\n<h2 id=\"header\">\u2463 Chu\u1ea9n b\u1ecb h\u1ee3p \u0111\u1ed3ng thu\u00ea nh\u00e0<\/h2>\n\n\n\n<p>T\u1ea1i Th\u00e0nh ph\u1ed1 H\u1ed3 Ch\u00ed Minh, c\u00f3 th\u1ec3 \u0111\u01b0a ra nhi\u1ec1u y\u00eau c\u1ea7u kh\u00e1c nhau d\u01b0\u1edbi h\u00ecnh th\u1ee9c c\u1ed9ng v\u00e0o ti\u1ec1n thu\u00ea nh\u00e0 r\u00f2ng. C\u00e1c \u0111\u1ea1i l\u00fd b\u1ea5t \u0111\u1ed9ng s\u1ea3n Nh\u1eadt B\u1ea3n th\u01b0\u1eddng thay m\u1eb7t ch\u1ee7 s\u1edf h\u1eefu h\u1ed7 tr\u1ee3 thu x\u1ebfp. D\u01b0\u1edbi \u0111\u00e2y l\u00e0 m\u1ed9t s\u1ed1 y\u00eau c\u1ea7u ph\u1ed5 bi\u1ebfn:<\/p>\n\n\n\n<p>Y\u00eau c\u1ea7u chung (t\u00f9y ch\u1ecdn)<\/p>\n\n\n\n<ul>\n<li>Ph\u00ed qu\u1ea3n l\u00fd v\u00e0 thu\u1ebf<\/li>\n\n\n\n<li>Ti\u1ec1n \u0111i\u1ec7n n\u01b0\u1edbc<\/li>\n\n\n\n<li>WIFI<\/li>\n\n\n\n<li>D\u1ecdn ph\u00f2ng<\/li>\n\n\n\n<li>Ki\u1ec3m so\u00e1t s\u00e2u b\u1ec7nh, c\u00f4n tr\u00f9ng<\/li>\n\n\n\n<li>L\u0103p \u0111\u1eb7t ph\u00f2ng t\u1eafm, nh\u00e0 v\u1ec7 sinh<\/li>\n\n\n\n<li>K\u00eanh truy\u1ec1n h\u00ecnh nh\u1eadt b\u1ea3n<\/li>\n<\/ul>\n\n\n\n<p><\/p>\n\n\n\n<h3 id=\"header\">\u0110\u1ed1i v\u1edbi h\u1ee3p \u0111\u1ed3ng doanh nghi\u1ec7p<\/h3>\n\n\n\n<p>Ch\u00fang t\u00f4i s\u1ebd li\u00ean l\u1ea1c v\u1edbi nh\u00e2n vi\u00ean \u0111\u1ecba ph\u01b0\u01a1ng.<\/p>\n\n\n\n<p>T\u00e0i li\u1ec7u c\u1ea7n thi\u1ebft<\/p>\n\n\n\n<ul>\n<li>Th\u00f4ng tin c\u00f4ng ty<\/li>\n\n\n\n<li>\u1ea2nh h\u1ed9 chi\u1ebfu c\u1ee7a ng\u01b0\u1eddi c\u01b0 tr\u00fa (trang \u1ea3nh m\u1eb7t)<\/li>\n<\/ul>\n\n\n\n<h3 id=\"header\">H\u1ee3p \u0111\u1ed3ng c\u00e1 nh\u00e2n<\/h3>\n\n\n\n<p>Nh\u00e2n vi\u00ean c\u1ee7a ch\u00fang t\u00f4i s\u1ebd ph\u1ea3n h\u1ed3i (c\u00f3 s\u1eb5n ti\u1ebfng Nh\u1eadt, ti\u1ebfng Anh, ti\u1ebfng Trung, ti\u1ebfng Vi\u1ec7t)<\/p>\n\n\n\n<p>T\u00e0i li\u1ec7u c\u1ea7n thi\u1ebft<\/p>\n\n\n\n<ul>\n<li>\u1ea2nh h\u1ed9 chi\u1ebfu c\u1ee7a ng\u01b0\u1eddi c\u01b0 tr\u00fa (trang \u1ea3nh m\u1eb7t)<\/li>\n<\/ul>\n\n\n\n<br>\n\n\n\n<p><\/p>\n\n\n\n<p>*C\u00e1c t\u00e0i li\u1ec7u c\u1ea7n thi\u1ebft c\u00f3 th\u1ec3 \u1edf d\u1ea1ng PDF ho\u1eb7c b\u1ea3n sao.<\/p>\n\n\n\n<p>* T\u1ea1i Th\u00e0nh ph\u1ed1 H\u1ed3 Ch\u00ed Minh, th\u1eddi h\u1ea1n h\u1ee3p \u0111\u1ed3ng c\u0103n h\u1ed9 v\u1ec1 nguy\u00ean t\u1eafc l\u00e0 m\u1ed9t n\u0103m .<\/p>\n\n\n\n<p>*\u0110\u1eb7t c\u1ecdc 2 th\u00e1ng.<\/p>\n\n\n\n<h2 id=\"header\">\u2464 K\u00fd h\u1ee3p \u0111\u1ed3ng thu\u00ea nh\u00e0 v\u00e0 n\u1ed9p ti\u1ec1n \u0111\u1eb7t c\u1ecdc<\/h2>\n\n\n\n<p>Ch\u00fang t\u00f4i s\u1ebd g\u1eedi cho b\u1ea1n m\u1ed9t h\u1ee3p \u0111\u1ed3ng thu\u00ea. Vui l\u00f2ng ki\u1ec3m tra n\u1ed9i dung v\u00e0 n\u1ebfu kh\u00f4ng c\u00f3 v\u1ea5n \u0111\u1ec1 g\u00ec vui l\u00f2ng k\u00fd v\u00e0 g\u1eedi l\u1ea1i.<\/p>\n\n\n\n<p>Sau khi c\u00f3 ch\u1eef k\u00fd c\u1ee7a c\u1ea3 ch\u1ee7 nh\u00e0 v\u00e0 ng\u01b0\u1eddi thu\u00ea nh\u00e0 s\u1ebd \u0111\u1eb7t c\u1ecdc 2 th\u00e1ng v\u00e0 tr\u1ea3 tr\u01b0\u1edbc 1 th\u00e1ng ti\u1ec1n thu\u00ea nh\u00e0. C\u0169ng c\u00f3 th\u1ec3 xu\u1ea5t h\u00f3a \u0111\u01a1n.<\/p>\n\n\n\n<h2 id=\"header\">\u2465 B\u00e0n giao<\/h2>\n\n\n\n<p>Khi b\u00e0n giao ch\u00fang t\u00f4i s\u1ebd ki\u1ec3m tra n\u1ed9i th\u1ea5t, thi\u1ebft b\u1ecb trong ph\u00f2ng v\u00e0 b\u00e0n giao ch\u00eca kh\u00f3a.<\/p>\n\n\n\n<h2 id=\"header\">Trong th\u1eddi gian l\u01b0u tr\u00fa, gia h\u1ea1n v\u00e0 cho \u0111\u1ebfn khi b\u1ea1n chuy\u1ec3n \u0111i<\/h2>\n\n\n\n<p>N\u1ebfu b\u1ea1n c\u00f3 b\u1ea5t k\u1ef3 v\u1ea5n \u0111\u1ec1 n\u00e0o trong th\u1eddi gian l\u01b0u tr\u00fa, ch\u1eb3ng h\u1ea1n nh\u01b0 v\u1ea5n \u0111\u1ec1 v\u1edbi \u0111\u1ed3 n\u1ed9i th\u1ea5t v\u00e0 thi\u1ebft b\u1ecb, r\u00f2 r\u1ec9 \u0111i\u1ec1u h\u00f2a, v.v., vui l\u00f2ng li\u00ean h\u1ec7 v\u1edbi ch\u00fang t\u00f4i. M\u1ed9t s\u1ed1 ch\u1ee7 s\u1edf h\u1eefu c\u00f3 th\u1ec3 kh\u00f4ng th\u1ec3 ph\u1ea3n h\u1ed3i nhanh ch\u00f3ng. Ch\u00fang t\u00f4i thay m\u1eb7t ch\u1ee7 s\u1edf h\u1eefu cung c\u1ea5p h\u1ed7 tr\u1ee3 h\u00e0ng ng\u00e0y \u0111\u1ec3 gi\u1ea3i quy\u1ebft v\u1ea5n \u0111\u1ec1.<\/p>\n\n\n\n<p>Khi \u0111\u1ebfn th\u1eddi \u0111i\u1ec3m gia h\u1ea1n ho\u1eb7c k\u1ebft th\u00fac h\u1ee3p \u0111\u1ed3ng, nh\u00e2n vi\u00ean ch\u00fang t\u00f4i s\u1ebd li\u00ean h\u1ec7 tr\u01b0\u1edbc v\u1edbi b\u1ea1n. T\u1ea1i th\u1eddi \u0111i\u1ec3m gia h\u1ea1n, ch\u00fang t\u00f4i s\u1ebd th\u1ef1c hi\u1ec7n c\u00e1c \u0111i\u1ec1u ch\u1ec9nh \u0111\u1ec3 \u0111\u1ea1t \u0111\u01b0\u1ee3c th\u1ecfa thu\u1eadn v\u1ec1 c\u00e1c \u0111i\u1ec1u ki\u1ec7n t\u1ea1i th\u1eddi \u0111i\u1ec3m gia h\u1ea1n. Ngo\u00e0i ra, n\u1ebfu b\u1ea1n chuy\u1ec3n \u0111i, nh\u00e2n vi\u00ean c\u1ee7a ch\u00fang t\u00f4i s\u1ebd c\u00f3 m\u1eb7t v\u00e0o ng\u00e0y b\u1ea1n chuy\u1ec3n \u0111i v\u00e0 ki\u1ec3m tra h\u1ecfng h\u00f3c, \u0111i\u1ec1u ch\u1ec9nh v\u00e0 tr\u1ea3 l\u1ea1i s\u1ed1 ti\u1ec1n c\u1ecdc c\u00f2n l\u1ea1i.<\/p>\n\n\n\n<div style=\"height:81px\" aria-hidden=\"true\" class=\"wp-block-spacer\"><\/div>\n\n\n\n\n\n<div class=\"rh_content_singlepage\">\n<div class=\"rh_property__common_note\">\n<h4 class=\"rh_property__heading\">Suzuki - B\u1ea5t \u0111\u1ed9ng s\u1ea3n H\u1ed3 Ch\u00ed Minh<\/h4><p>T\u1ea1i Suzuki Real Estate, ngay c\u1ea3 \u1edf Vi\u1ec7t Nam, c\u00e1c \u0111\u1ea1i l\u00fd b\u1ea5t \u0111\u1ed9ng s\u1ea3n (m\u00f4i gi\u1edbi b\u1ea5t \u0111\u1ed9ng s\u1ea3n) \u0111\u1ea1t ti\u00eau chu\u1ea9n Nh\u1eadt B\u1ea3n lu\u00f4n t\u00fac tr\u1ef1c v\u00e0 h\u01b0\u1edbng d\u1eabn b\u1ea1n. Ph\u00ed m\u00f4i gi\u1edbi cho thu\u00ea l\u00e0 [mi\u1ec5n ph\u00ed]. Trong l\u0129nh v\u1ef1c m\u00f4i gi\u1edbi, t\u00f4i \u0111\u01b0\u1ee3c t\u01b0 v\u1ea5n nhi\u1ec1u v\u1ec1 mua b\u00e1n b\u1ea5t \u0111\u1ed9ng s\u1ea3n, v\u0103n ph\u00f2ng v\u00e0 t\u00f4i r\u1ea5t t\u1ef1 tin. C\u00f3 nhi\u1ec1u th\u00f4ng tin b\u1ea5t \u0111\u1ed9ng s\u1ea3n [t\u00e0i s\u1ea3n kh\u00f4ng \u0111\u01b0\u1ee3c ti\u1ebft l\u1ed9] kh\u00f4ng c\u1ed1 \u00fd \u0111\u0103ng t\u1ea3i, vui l\u00f2ng h\u1ecfi chi ti\u1ebft (ch\u00fang t\u00f4i n\u1eafm t\u1ed5ng qu\u00e1t v\u1ec1 b\u1ea5t \u0111\u1ed9ng s\u1ea3n quanh TP.HCM, bao g\u1ed3m c\u1ea3 t\u00e0i s\u1ea3n m\u1edbi v\u00e0 \u0111\u00e3 qua s\u1eed d\u1ee5ng). Suzuki \u0110T 0914408621<\/p>\t\t<\/div>\n<\/div>\n\n\n\n<div class=\"is-layout-constrained wp-block-group\"><div class=\"wp-block-group__inner-container\">\n<div style=\"height:41px\" aria-hidden=\"true\" class=\"wp-block-spacer\"><\/div>\n<\/div><\/div>\n\n\n\n<div style=\"height:18px\" aria-hidden=\"true\" class=\"wp-block-spacer\"><\/div>\n\n\n\n<div class=\"inqq\"><b class=\"inq\">\u0110\u1eb7t c\u00e2u h\u1ecfi<\/b><br>\n<b><a href=\"tel:+84914408621\" data-wpel-link=\"internal\" class=\"pagephone\">+84 (0) 914408621 (Ti\u1ebfng Nh\u1eadt, Ti\u1ebfng Anh, Ti\u1ebfng Trung)<\/a><\/b><br>\n<b><a href=\"mailto:info@asia-prop.com\" class=\"pagemail\">info@asia-prop.com<\/a><\/b><br><\/div>","protected":false},"excerpt":{"rendered":"<p>Tr\u00ean trang n\u00e0y, ch\u00fang t\u00f4i s\u1ebd gi\u1edbi thi\u1ec7u cho b\u1ea1n quy tr\u00ecnh t\u00ecm ki\u1ebfm b\u1ea5t \u0111\u1ed9ng s\u1ea3n, c\u00e1c gi\u1ea5y t\u1edd c\u1ea7n thi\u1ebft khi k\u00fd h\u1ee3p \u0111\u1ed3ng cho thu\u00ea, c\u00e1ch trao \u0111\u1ed5i, quy tr\u00ecnh t\u1eeb gia h\u1ea1n \u0111\u1ebfn chuy\u1ec3n \u0111i v\u00e0 s\u1ef1 h\u1ed7 tr\u1ee3 c\u1ee7a ch\u00fang t\u00f4i. \u2460 Khi b\u1ea1n \u0111\u00e3 quy\u1ebft \u0111\u1ecbnh chuy\u1ec3n \u0111\u1ebfn Vi\u1ec7t Nam, ch\u00fang t\u00f4i s\u1ebd \u0111\u0103ng th\u00f4ng tin \u0111\u00f3 l\u00ean trang web c\u1ee7a ch\u00fang t\u00f4i...<\/p>","protected":false},"author":1,"featured_media":117699,"parent":0,"menu_order":0,"comment_status":"closed","ping_status":"closed","template":"","meta":{"_mi_skip_tracking":false,"_exactmetrics_sitenote_active":false,"_exactmetrics_sitenote_note":"","_exactmetrics_sitenote_category":0},"aioseo_notices":[],"_links":{"self":[{"href":"https:\/\/asia-prop.com\/vi\/wp-json\/wp\/v2\/pages\/117660"}],"collection":[{"href":"https:\/\/asia-prop.com\/vi\/wp-json\/wp\/v2\/pages"}],"about":[{"href":"https:\/\/asia-prop.com\/vi\/wp-json\/wp\/v2\/types\/page"}],"author":[{"embeddable":true,"href":"https:\/\/asia-prop.com\/vi\/wp-json\/wp\/v2\/users\/1"}],"replies":[{"embeddable":true,"href":"https:\/\/asia-prop.com\/vi\/wp-json\/wp\/v2\/comments?post=117660"}],"version-history":[{"count":42,"href":"https:\/\/asia-prop.com\/vi\/wp-json\/wp\/v2\/pages\/117660\/revisions"}],"predecessor-version":[{"id":127483,"href":"https:\/\/asia-prop.com\/vi\/wp-json\/wp\/v2\/pages\/117660\/revisions\/127483"}],"wp:featuredmedia":[{"embeddable":true,"href":"https:\/\/asia-prop.com\/vi\/wp-json\/wp\/v2\/media\/117699"}],"wp:attachment":[{"href":"https:\/\/asia-prop.com\/vi\/wp-json\/wp\/v2\/media?parent=117660"}],"curies":[{"name":"wp","href":"https:\/\/api.w.org\/{rel}","templated":true}]}}