{"id":117519,"date":"2023-08-17T14:31:45","date_gmt":"2023-08-17T05:31:45","guid":{"rendered":"https:\/\/asia-prop.com\/area-info-in-hcm-copy\/"},"modified":"2025-11-18T18:43:13","modified_gmt":"2025-11-18T09:43:13","slug":"area-info-in-hanoi","status":"publish","type":"page","link":"https:\/\/asia-prop.com\/vi\/area-info-in-hanoi\/","title":{"rendered":"H\u01b0\u1edbng d\u1eabn th\u00f4ng tin khu v\u1ef1c theo qu\u1eadn, huy\u1ec7n H\u00e0 N\u1ed9i"},"content":{"rendered":"<p>Ch\u00fang t\u00f4i s\u1ebd gi\u1edbi thi\u1ec7u khu v\u1ef1c xung quanh H\u00e0 N\u1ed9i, Vi\u1ec7t Nam.<br>Nh\u1ea5p v\u00e0o khu v\u1ef1c m\u00e0u tr\u00ean b\u1ea3n \u0111\u1ed3 \u0111\u1ec3 xem khu v\u1ef1c \u0111\u00f3 thu\u1ed9c qu\u1eadn ho\u1eb7c khu v\u1ef1c n\u00e0o.<br>Ph\u1ea7n m\u00e0u t\u00edm c\u1ee7a v\u00f9ng m\u00e0u v\u00e0ng l\u00e0 th\u1ecb tr\u1ea5n Nh\u1eadt B\u1ea3n.<\/p>\r\n\r\n\r\n\r\n<p>B\u1ea1n c\u00f3 th\u1ec3 chuy\u1ec3n sang ch\u1ee5p \u1ea3nh tr\u00ean kh\u00f4ng \u0111\u1ec3 xem t\u00ecnh h\u00ecnh th\u1ef1c t\u1ebf.<\/p>\r\n\r\n\r\n\r\n<p>Ch\u00fang t\u00f4i \u0111\u00e3 \u0111\u1eb7t ghim t\u1ea1i c\u00e1c \u0111i\u1ec3m du l\u1ecbch, Tr\u01b0\u1eddng Nh\u1eadt ng\u1eef H\u00e0 N\u1ed9i v\u00e0 \u0110\u1ea1i s\u1ee9 qu\u00e1n Nh\u1eadt B\u1ea3n.<\/p>\r\n\r\n\r\n\r\n<p class=\"has-text-color\" style=\"color:#0049c0\"><a href=\"https:\/\/asia-prop.com\/vi\/area-info-in-hcm\/\" title=\"\">B\u1ea5m v\u00e0o \u0111\u00e2y \u0111\u1ec3 xem h\u01b0\u1edbng d\u1eabn th\u00f4ng tin khu v\u1ef1c H\u1ed3 Ch\u00ed Minh<\/a><\/p>\r\n\r\n\r\n<style type=\"text\/css\" id=\"umsMapStyles_53_33147\">\r\n\t#ultimate_maps_53_33147 {\r\n        width: 100%;\r\n        height: 550px;\r\n\t        border: 0px solid ;\r\n        margin: 0px;\r\n    }\r\n\t#mapsControlsNum_53_33147 {\r\n\t\twidth:100%\t}\r\n\t.umsMapDetailsContainer#umsMapDetailsContainer_53_33147 {\r\n\t\theight:550px;\r\n\t}\r\n\t.ums_MapPreview#ultimate_maps_53_33147 {\r\n\t\t\/*position:absolute;*\/\r\n\t\twidth:100%;\r\n\t}\r\n\t#mapConElem_53_33147{\r\n\t\twidth:100%\t}\r\n\t<\/style>\r\n<div class=\"ums_map_opts\" id=\"mapConElem_53_33147\" data-id=\"53\" data-view-id=\"53_33147\" > <div class=\"umsMapDetailsContainer\" id=\"umsMapDetailsContainer_53_33147\"> <i class=\"umsKMLLayersPreloader fa fa-spinner fa-spin\" aria-hidden=\"true\" style=\"display: none;\"><\/i> <div class=\"ums_MapPreview\" id=\"ultimate_maps_53_33147\"><\/div> <\/div> <div class=\"umsMapMarkerFilters\" id=\"umsMapMarkerFilters_53_33147\"> <\/div> <div class=\"umsMapProControlsCon\" id=\"umsMapProControlsCon_53_33147\"> <\/div> <div class=\"umsMapProDirectionsCon\" id=\"umsMapProDirectionsCon_53_33147\" > <\/div> <div class=\"umsMapProKmlFilterCon\" id=\"umsMapProKmlFilterCon_53_33147\" > <\/div> <div class=\"umsSocialSharingShell umsSocialSharingShell_53_33147\"> <\/div> <div style=\"clear: both;\"><\/div> <\/div> \n\r\n\r\n\r\n<div style=\"height:39px\" aria-hidden=\"true\" class=\"wp-block-spacer\"><\/div>\r\n\r\n\r\n\r\n<div style=\"height:39px\" aria-hidden=\"true\" class=\"wp-block-spacer\"><\/div>\r\n\r\n\r\n\r\n<div class=\"rh_content_singlepage\">\r\n<div class=\"rh_property__common_note\">\r\n<h4 class=\"rh_property__heading\">Suzuki - B\u1ea5t \u0111\u1ed9ng s\u1ea3n H\u1ed3 Ch\u00ed Minh<\/h4><p>T\u1ea1i Suzuki Real Estate, ch\u00fang t\u00f4i c\u00f3 m\u1ed9t \u0111\u1ea1i l\u00fd b\u1ea5t \u0111\u1ed9ng s\u1ea3n \u0111\u01b0\u1ee3c c\u1ea5p ph\u00e9p c\u1ee7a Nh\u1eadt B\u1ea3n (m\u00f4i gi\u1edbi b\u1ea5t \u0111\u1ed9ng s\u1ea3n) t\u1ea1i ch\u1ed7 \u0111\u1ec3 h\u01b0\u1edbng d\u1eabn b\u1ea1n t\u1ea1i Vi\u1ec7t Nam. Kh\u00f4ng c\u00f3 ph\u00ed m\u00f4i gi\u1edbi cho thu\u00ea. Trong c\u00f4ng vi\u1ec7c m\u00f4i gi\u1edbi c\u1ee7a m\u00ecnh, ch\u00fang t\u00f4i nh\u1eadn \u0111\u01b0\u1ee3c nhi\u1ec1u t\u01b0 v\u1ea5n v\u1ec1 mua b\u00e1n b\u1ea5t \u0111\u1ed9ng s\u1ea3n, c\u0103n h\u1ed9 d\u1ecbch v\u1ee5, v\u0103n ph\u00f2ng v\u00e0 \u0111\u1ecba \u0111i\u1ec3m kinh doanh v\u00e0 ch\u00fang t\u00f4i t\u1ef1 tin v\u00e0o d\u1ecbch v\u1ee5 c\u1ee7a m\u00ecnh. Ch\u00fang t\u00f4i c\u00f3 r\u1ea5t nhi\u1ec1u th\u00f4ng tin v\u1ec1 b\u1ea5t \u0111\u1ed9ng s\u1ea3n m\u00e0 ch\u00fang t\u00f4i ch\u01b0a \u0111\u0103ng [b\u1ea5t \u0111\u1ed9ng s\u1ea3n t\u01b0 nh\u00e2n], v\u00ec v\u1eady h\u00e3y y\u00eau c\u1ea7u th\u00f4ng tin chi ti\u1ebft (ch\u00fang t\u00f4i c\u00f3 hi\u1ec3u bi\u1ebft chung v\u1ec1 b\u1ea5t \u0111\u1ed9ng s\u1ea3n xung quanh Th\u00e0nh ph\u1ed1 H\u1ed3 Ch\u00ed Minh, bao g\u1ed3m c\u1ea3 b\u1ea5t \u0111\u1ed9ng s\u1ea3n m\u1edbi v\u00e0 \u0111\u00e3 qua s\u1eed d\u1ee5ng). Suzuki TEL 0914408621<\/p>\t\t<\/div>\r\n<\/div>","protected":false},"excerpt":{"rendered":"<p>Ch\u00fang t\u00f4i s\u1ebd gi\u1edbi thi\u1ec7u khu v\u1ef1c xung quanh H\u00e0 N\u1ed9i, Vi\u1ec7t Nam. Nh\u1ea5p v\u00e0o khu v\u1ef1c m\u00e0u tr\u00ean b\u1ea3n \u0111\u1ed3 \u0111\u1ec3 xem khu v\u1ef1c \u0111\u00f3 thu\u1ed9c qu\u1eadn ho\u1eb7c khu v\u1ef1c n\u00e0o. Ph\u1ea7n m\u00e0u t\u00edm c\u1ee7a v\u00f9ng m\u00e0u v\u00e0ng l\u00e0 th\u1ecb tr\u1ea5n Nh\u1eadt B\u1ea3n. B\u1ea1n c\u00f3 th\u1ec3 chuy\u1ec3n sang ch\u1ee5p \u1ea3nh tr\u00ean kh\u00f4ng v\u00e0 xem t\u00ecnh h\u00ecnh th\u1ef1c t\u1ebf...<\/p>","protected":false},"author":1,"featured_media":117642,"parent":0,"menu_order":0,"comment_status":"closed","ping_status":"closed","template":"templates\/full-width.php","meta":{"_mi_skip_tracking":false,"_exactmetrics_sitenote_active":false,"_exactmetrics_sitenote_note":"","_exactmetrics_sitenote_category":0},"aioseo_notices":[],"_links":{"self":[{"href":"https:\/\/asia-prop.com\/vi\/wp-json\/wp\/v2\/pages\/117519"}],"collection":[{"href":"https:\/\/asia-prop.com\/vi\/wp-json\/wp\/v2\/pages"}],"about":[{"href":"https:\/\/asia-prop.com\/vi\/wp-json\/wp\/v2\/types\/page"}],"author":[{"embeddable":true,"href":"https:\/\/asia-prop.com\/vi\/wp-json\/wp\/v2\/users\/1"}],"replies":[{"embeddable":true,"href":"https:\/\/asia-prop.com\/vi\/wp-json\/wp\/v2\/comments?post=117519"}],"version-history":[{"count":4,"href":"https:\/\/asia-prop.com\/vi\/wp-json\/wp\/v2\/pages\/117519\/revisions"}],"predecessor-version":[{"id":117651,"href":"https:\/\/asia-prop.com\/vi\/wp-json\/wp\/v2\/pages\/117519\/revisions\/117651"}],"wp:featuredmedia":[{"embeddable":true,"href":"https:\/\/asia-prop.com\/vi\/wp-json\/wp\/v2\/media\/117642"}],"wp:attachment":[{"href":"https:\/\/asia-prop.com\/vi\/wp-json\/wp\/v2\/media?parent=117519"}],"curies":[{"name":"wp","href":"https:\/\/api.w.org\/{rel}","templated":true}]}}