{"id":86034,"date":"2021-04-16T22:37:21","date_gmt":"2021-04-16T13:37:21","guid":{"rendered":"https:\/\/asia-prop.com\/?page_id=86034"},"modified":"2025-09-02T19:50:31","modified_gmt":"2025-09-02T10:50:31","slug":"recruit-information","status":"publish","type":"page","link":"https:\/\/asia-prop.com\/ko\/recruit-information\/","title":{"rendered":"\ucc44\uc6a9 \uc815\ubcf4"},"content":{"rendered":"<p>\ud3d0\uc0ac\ub294, \ubd80\ub3d9\uc0b0\uc758 \uc911\uac1c \uc5c5\ubb34\u00b7\ub9e4\uac1c \uc5c5\ubb34\ub97c \uc2e4\uc2dc\ud558\ub294 \uc0ac\uc5c5\ud68c\uc0ac\uc785\ub2c8\ub2e4.<br \/>\ubd80\ub3d9\uc0b0\uc5d0\uc11c\ub294 \ub9e4\ub9e4\u00b7\uc784\ub300\u00b7\uad00\ub9ac\ub97c \uc2e4\uc2dc\ud574, \ub9e8\uc158, \uc624\ud53c\uc2a4, \uacf5\uc7a5\u00b7\uc0ac\uc5c5\uc6a9\uc9c0\uc5d0 \uac74\ub108\uac11\ub2c8\ub2e4.<br \/>\ud638\uce58\ubbfc\uc758 \uc77c\ubcf8\uc778\u30fb\uc678\uad6d\uc778\uc774 \uc8fc\uc694 \uace0\uac1d\uc785\ub2c8\ub2e4.<\/p>\r\n\r\n\r\n\r\n<p>\ud604\uc7ac \ubd80\ub3d9\uc0b0 \uc601\uc5c5 \uc9c1\uc6d0\uc744 \ubaa8\uc9d1\ud558\uace0 \uc788\uc2b5\ub2c8\ub2e4.<br \/>\ubd80\ub3d9\uc0b0, \ubca0\ud2b8\ub0a8\uc744 \uc88b\uc544\ud558\ub294 \ubd84\uc744 \uc911\uc2dc\ud569\ub2c8\ub2e4.<br \/>\uc77c\ubcf8\u00b7\uc678\uad6d\uc758 \ubb38\ud654, \uc0ac\uace0\ubc29\uc2dd\uc744 \uc774\ud574\ud558\uace0 \uc788\ub294 \ubd84, \ucee4\ubba4\ub2c8\ucf00\uc774\uc158\uc744 \ucde8\ud560 \uc218 \uc788\ub294 \ubd84\uc744, \uadf8 \ub2e4\uc74c\uc5d0 \uc911\uc2dc\ud569\ub2c8\ub2e4.<\/p>\r\n\r\n\r\n\r\n<ul>\r\n<li>\uadfc\ubb34\uc9c0:\ud638\uce58\ubbfc \ube48\ud0c4\uad6c<\/li>\r\n<li>\uc0c1\uc815\uae09\ub8cc\uff1a1500\uff5e4000USD<\/li>\r\n<li>\uadfc\ubb34\uc77c\uc2dc\uff1a\uc8fc\ud734 2\uc77c, 9\uc2dc\uff5e18\uc2dc<\/li>\r\n<\/ul>\r\n<p>\uc694\uad6c\ud558\ub294 \uc2a4\ud0ac(\ud574\ub2f9\ud558\ub294 \uac83\uc774 \uc788\uc73c\uba74, \uaf2d \uc751\ubaa8\ud574 \uc8fc\uc138\uc694)<br \/>\u2460 \uc77c\ubcf8\uc5b4, \uc601\uc5b4, \ubca0\ud2b8\ub0a8\uc5b4 \ub4f1 \uc5b4\ud559<br \/>\u2461 \ub300\ud559 \uc878\uc5c5(\uc608\uc0c1 \ud3ec\ud568)<\/p>\r\n\r\n\r\n\r\n<p>\uae09\uc5ec, \uadfc\ubb34 \ud615\ud0dc \ub4f1\uc740 \uba74\ub2f4\uc744 \ud1b5\ud574 \uacb0\uc815\ud569\ub2c8\ub2e4.<\/p>\r\n\r\n\r\n\r\n<p>ch\u00fang t\u00f4i l\u00e0 C\u00f4ng ty chuy\u00ean ho\u1ea1t \u0111\u1ed9ng tr\u00ean 3 ph\u00e2n kh\u00fac ch\u00ednh (Chuy\u00ean ph\u00e2n ph\u1ed1i nh\u1eefng d\u1ef1 \u00e1n cao c\u1ea5p \u2013 Chuy\u00ean cho thu\u00ea nh\u1eefng B\u0110S cao c\u1ea5p cho ng\u01b0\u1eddi n\u01b0\u1edbc ngo\u00e0i \u2013 Chuy\u00ean m\u00f4i gi\u1edbi l\u1ea1i v\u1ec1 m\u1ea3ng b\u00e1n cho nh\u1eefng d\u00f2ng B\u0110S cao c\u1ea5p nh\u01b0: C\u0103n h\u1ed9, bi\u1ec7t th\u1ef1, nh\u00e0 ph\u1ed1, kh\u00e1ch s\u1ea1n, v\u0103n ph\u00f2ng, \u0111\u1ea5t n\u1ec1n \u1edf c\u00e1c qu\u1eadn trung t\u00e2m trong n\u1ed9i th\u00e0nh HCM). Ch\u00fang t\u00f4i lu\u00f4n n\u1ed7 l\u1ef1c h\u1ebft m\u00ecnh \u0111\u1ec3 ho\u00e0n th\u00e0nh s\u1ee9 m\u1ec7nh c\u1ee7a m\u00ecnh.<\/p>\r\n\r\n\r\n\r\n<p>Nh\u00e2n vi\u00ean Sales B\u1ea5t \u0111\u1ed9ng s\u1ea3n, t\u1ef1 ch\u1ee7 \u0111\u1ed9ng s\u1eafp x\u1ebfp l\u1ecbch l\u00e0m vi\u1ec7c t\u1ea1i c\u00f4ng ty ( tu\u1ea7n l\u00e0m 4 bu\u1ed5i)<\/p>\r\n\r\n\r\n\r\n<p>M\u1ee9c l\u01b0\u01a1ng kho\u1ea3ng 500 ~ 2500 USD<\/p>\r\n\r\n\r\n\r\n<p>\u01afu ti\u00ean nh\u1eefng \u1ee9ng vi\u00ean \u0111am m\u00ea B\u0110S, Giao ti\u1ebfp t\u1ed1t v\u1edbi kh\u00e1ch h\u00e0ng ng\u01b0\u1eddi n\u01b0\u1edbc ngo\u00e0i, c\u00f3 ngo\u1ea1i h\u00ecnh l\u00e0 m\u1ed9t l\u1ee3i th\u1ebf, Ti\u1ebfng Anh ho\u1eb7c Nh\u00e2t l\u01b0u lo\u00e1t (\u01b0u ti\u00ean nh\u1eefng \u1ee9ng vi\u00ean s\u1eed d\u1ee5ng l\u01b0u lo\u00e1t nhi\u1ec1u ngo\u1ea1i ng\u1eef), n\u0103ng \u0111\u1ed9ng , linh ho\u1ea1t trong x\u1eed l\u00fd t\u00ecnh hu\u1ed1ng, kh\u00f4ng ng\u1ea1i di chuy\u1ec3n.<\/p>\r\n\r\n\r\n\r\n<p>\u01afu ti\u00ean c\u00e1c \u1ee9ng vi\u00ean m\u1edbi t\u1ed1t nghi\u1ec7p ( Cao \u0110\u1eb3ng, \u0110\u1ea1i H\u1ecdc) trung th\u1ef1c, c\u00f3 nhi\u1ec7t huy\u1ebft, \u0111am m\u00ea h\u1ecdc h\u1ecdc h\u1ecdc<\/p>\r\n\r\n\r\n\r\n<div class=\"wp-block-spacer\" style=\"height: 52px;\" aria-hidden=\"true\">\u00a0<\/div>\r\n\r\n\r\n\r\n<p><strong><span style=\"font-size: 18pt;\">Suzuki Property Vietnam Co., Ltd<\/span><\/strong><\/p>\r\n<p><strong>21 Nguyen Trung Ngan Street, District 1, Ho Chi Minh City, Vietnam<\/strong><br data-rich-text-line-break=\"true\" \/><strong>+84 (0) 914408621<\/strong><br data-rich-text-line-break=\"true\" \/><span style=\"color: #0000ff;\"><a style=\"color: #0000ff;\" href=\"mailto:info@asia-prop.com\"><strong>info@asia-prop.com<\/strong><\/a><\/span><\/p>\r\n\r\n\r\n\r\n<p>&nbsp;<\/p>","protected":false},"excerpt":{"rendered":"<p>\ud3d0\uc0ac\ub294, \ubd80\ub3d9\uc0b0\uc758 \uc911\uac1c \uc5c5\ubb34\u00b7\ub9e4\uac1c \uc5c5\ubb34\ub97c \uc2e4\uc2dc\ud558\ub294 \uc0ac\uc5c5\ud68c\uc0ac\uc785\ub2c8\ub2e4. \ubd80\ub3d9\uc0b0\uc5d0\uc11c\ub294 \ub9e4\ub9e4\u00b7\uc784\ub300\u00b7\uad00\ub9ac\ub97c \uc2e4\uc2dc\ud574, \ub9e8\uc158, \uc624\ud53c\uc2a4, \uacf5\uc7a5\u00b7\uc0ac\uc5c5\uc6a9\uc9c0\uc5d0 \uac74\ub108\uac11\ub2c8\ub2e4. \ud638\uce58\ubbfc\uc758 \uc77c\ubcf8\uc778\u30fb\uc678\uad6d\uc778\uc774 \uc8fc\uc694 \uace0\uac1d\uc785\ub2c8\ub2e4. \ud604\uc7ac \ubd80\ub3d9\uc0b0 \uc601\uc5c5 \uc2a4\ud0dc\ud504\ub97c \ubaa8\uc9d1\ud574\u2026<\/p>","protected":false},"author":1,"featured_media":127534,"parent":0,"menu_order":0,"comment_status":"closed","ping_status":"closed","template":"","meta":{"_mi_skip_tracking":false,"_exactmetrics_sitenote_active":false,"_exactmetrics_sitenote_note":"","_exactmetrics_sitenote_category":0},"aioseo_notices":[],"_links":{"self":[{"href":"https:\/\/asia-prop.com\/ko\/wp-json\/wp\/v2\/pages\/86034"}],"collection":[{"href":"https:\/\/asia-prop.com\/ko\/wp-json\/wp\/v2\/pages"}],"about":[{"href":"https:\/\/asia-prop.com\/ko\/wp-json\/wp\/v2\/types\/page"}],"author":[{"embeddable":true,"href":"https:\/\/asia-prop.com\/ko\/wp-json\/wp\/v2\/users\/1"}],"replies":[{"embeddable":true,"href":"https:\/\/asia-prop.com\/ko\/wp-json\/wp\/v2\/comments?post=86034"}],"version-history":[{"count":25,"href":"https:\/\/asia-prop.com\/ko\/wp-json\/wp\/v2\/pages\/86034\/revisions"}],"predecessor-version":[{"id":133094,"href":"https:\/\/asia-prop.com\/ko\/wp-json\/wp\/v2\/pages\/86034\/revisions\/133094"}],"wp:featuredmedia":[{"embeddable":true,"href":"https:\/\/asia-prop.com\/ko\/wp-json\/wp\/v2\/media\/127534"}],"wp:attachment":[{"href":"https:\/\/asia-prop.com\/ko\/wp-json\/wp\/v2\/media?parent=86034"}],"curies":[{"name":"wp","href":"https:\/\/api.w.org\/{rel}","templated":true}]}}