{"id":86034,"date":"2021-04-16T22:37:21","date_gmt":"2021-04-16T13:37:21","guid":{"rendered":"https:\/\/asia-prop.com\/?page_id=86034"},"modified":"2025-09-02T19:50:31","modified_gmt":"2025-09-02T10:50:31","slug":"recruit-information","status":"publish","type":"page","link":"https:\/\/asia-prop.com\/en\/recruit-information\/","title":{"rendered":"Employment information"},"content":{"rendered":"<p>We are a business company that provides real estate brokerage and brokerage services.<br \/>In real estate, we buy, sell, rent, and manage, and cover condominiums, offices, factories, and business sites.<br \/>Our main customers are Japanese and foreigners in Ho Chi Minh City.<\/p>\r\n\r\n\r\n\r\n<p>We are currently looking for real estate sales staff.<br \/>We prioritize people who love real estate and Vietnam.<br \/>Next, we will focus on those who understand Japanese and foreign cultures and ways of thinking, and those who can communicate.<\/p>\r\n\r\n\r\n\r\n<ul>\r\n<li>Work location: Binh Tan District, Ho Chi Minh City<\/li>\r\n<li>Expected salary: 1500-4000 USD<\/li>\r\n<li>Working hours: 2 days off per week, 9am-6pm<\/li>\r\n<\/ul>\r\n<p>Required skills (if applicable, please apply)<br \/>\u2460 Language skills such as Japanese, English, and Vietnamese<br \/>\u2461 University graduates (including prospective graduates)<\/p>\r\n\r\n\r\n\r\n<p>Salary and working conditions will be determined through an interview.<\/p>\r\n\r\n\r\n\r\n<p>ch\u00fang t\u00f4i l\u00e0 C\u00f4ng ty chuy\u00ean ho\u1ea1t \u0111\u1ed9ng tr\u00ean 3 ph\u00e2n kh\u00fac ch\u00ednh (Chuy\u00ean ph\u00e2n ph\u1ed1i nh\u1eefng d\u1ef1 \u00e1n cao c\u1ea5p - Chuy\u00ean cho thu\u00ea nh\u1eefng B\u0110S cao c\u1ea5p cho ng\u01b0\u1eddi n\u01b0\u1edbc ngo\u00e0i - Chuy\u00ean m\u00f4i gi\u1edbi l\u1ea1i v\u1ec1 m\u1ea3ng b\u00e1n cho nh\u1eefng d\u00f2ng B\u0110S cao c\u1ea5p nh\u01b0: C\u0103n h\u1ed9, bi\u1ec7t th\u1ef1, nh\u00e0 ph\u1ed1, kh\u00e1ch s\u1ea1n, v\u0103n ph\u00f2ng, \u0111\u1ea5t n\u1ec1n \u1edf c\u00e1c qu\u1eadn trung t\u00e2m trong n\u1ed9i th\u00e0nh HCM). Ch\u00fang t\u00f4i lu\u00f4n n\u1ed7 l\u1ef1c h\u1ebft m\u00ecnh \u0111\u1ec3 ho\u00e0n th\u00e0nh s\u1ee9 m\u1ec7nh c\u1ee7a m\u00ecnh.<\/p>\r\n\r\n\r\n\r\n<p>Nh\u00e2n vi\u00ean Sales B\u1ea5t \u0111\u1ed9ng s\u1ea3n, t\u1ef1 ch\u1ee7 \u0111\u1ed9ng s\u1eafp x\u1ebfp l\u1ecbch l\u00e0m vi\u1ec7c t\u1ea1i c\u00f4ng ty (tu\u1ea7n l\u00e0m 4 bu\u1ed5i)<\/p>\r\n\r\n\r\n\r\n<p>M\u1ee9c l\u01b0\u01a1ng kho\u1ea3ng 500 to 2500 USD<\/p>\r\n\r\n\r\n\r\n<p>\u01afu ti\u00ean nh\u1eefng \u1ee9ng vi\u00ean \u0111am m\u00ea B\u0110S, Giao ti\u1ebfp t\u1ed1t v\u1edbi kh\u00e1ch h\u00e0ng ng\u01b0\u1eddi n\u01b0\u1edbc ngo\u00e0i, c\u00f3 ngo\u1ea1i h\u00ecnh l\u00e0 m\u1ed9t l\u1ee3i th\u1ebf, Ti\u1ebfng Anh ho\u1eb7c Nh\u00e2t l\u01b0u lo\u00e1t (\u01b0u ti\u00ean nh\u1eefng \u1ee9ng vi\u00ean s\u1eed d\u1ee5ng l\u01b0u lo\u00e1t nhi\u1ec1u ngo\u1ea1i ng\u1eef), n\u0103ng \u0111\u1ed9ng , linh ho\u1ea1t trong x\u1eed l\u00fd t\u00ecnh hu\u1ed1ng, kh\u00f4ng ng\u1ea1i di chu y\u1ec3n.<\/p>\r\n\r\n\r\n\r\n<p>\u01afu ti\u00ean c\u00e1c \u1ee9ng vi\u00ean m\u1edbi t\u1ed1t ng hi\u1ec7p (Cao \u0110\u1eb3ng, \u0110\u1ea1i H\u1ecdc) trung th\u1ef1c, c\u00f3 nhi\u1ec7t hu y\u1ebft, \u0111am m\u00ea h\u1ecdc<\/p>\r\n\r\n\r\n\r\n<div class=\"wp-block-spacer\" style=\"height: 52px;\" aria-hidden=\"true\">\u00a0<\/div>\r\n\r\n\r\n\r\n<p><strong><span style=\"font-size: 18pt;\">Suzuki Property Vietnam Co., Ltd<\/span><\/strong><\/p>\r\n<p><strong>21 Nguyen Trung Ngan Street, District 1, Ho Chi Minh City, Vietnam<\/strong><br data-rich-text-line-break=\"true\" \/><strong>+84 (0) 914408621<\/strong><br data-rich-text-line-break=\"true\" \/><span style=\"color: #0000ff;\"><a style=\"color: #0000ff;\" href=\"mailto:info@asia-prop.com\"><strong>info@asia-prop.com<\/strong><\/a><\/span><\/p>\r\n\r\n\r\n\r\n<p>&nbsp;<\/p>","protected":false},"excerpt":{"rendered":"<p>We are a company that handles real estate brokerage and intermediation services. We buy, sell, rent, and manage real estate, ranging from apartments, offices, factories, and business sites. Our main customers are Japanese and foreigners in Ho Chi Minh City. We are currently recruiting real estate sales staff...<\/p>","protected":false},"author":1,"featured_media":127534,"parent":0,"menu_order":0,"comment_status":"closed","ping_status":"closed","template":"","meta":{"_mi_skip_tracking":false,"_exactmetrics_sitenote_active":false,"_exactmetrics_sitenote_note":"","_exactmetrics_sitenote_category":0},"aioseo_notices":[],"_links":{"self":[{"href":"https:\/\/asia-prop.com\/en\/wp-json\/wp\/v2\/pages\/86034"}],"collection":[{"href":"https:\/\/asia-prop.com\/en\/wp-json\/wp\/v2\/pages"}],"about":[{"href":"https:\/\/asia-prop.com\/en\/wp-json\/wp\/v2\/types\/page"}],"author":[{"embeddable":true,"href":"https:\/\/asia-prop.com\/en\/wp-json\/wp\/v2\/users\/1"}],"replies":[{"embeddable":true,"href":"https:\/\/asia-prop.com\/en\/wp-json\/wp\/v2\/comments?post=86034"}],"version-history":[{"count":25,"href":"https:\/\/asia-prop.com\/en\/wp-json\/wp\/v2\/pages\/86034\/revisions"}],"predecessor-version":[{"id":133094,"href":"https:\/\/asia-prop.com\/en\/wp-json\/wp\/v2\/pages\/86034\/revisions\/133094"}],"wp:featuredmedia":[{"embeddable":true,"href":"https:\/\/asia-prop.com\/en\/wp-json\/wp\/v2\/media\/127534"}],"wp:attachment":[{"href":"https:\/\/asia-prop.com\/en\/wp-json\/wp\/v2\/media?parent=86034"}],"curies":[{"name":"wp","href":"https:\/\/api.w.org\/{rel}","templated":true}]}}